{"id":3571,"date":"2025-02-20T10:49:17","date_gmt":"2025-02-20T10:49:17","guid":{"rendered":"http:\/\/167.86.125.240:8082\/?post_type=product&#038;p=3571"},"modified":"2026-01-19T11:49:51","modified_gmt":"2026-01-19T11:49:51","slug":"jbm-pistola-de-impacto-brushless-a-bateria-1-2-1300nm-con-maletin","status":"publish","type":"product","link":"https:\/\/mejordiagnosis.com\/tienda\/producto\/jbm-pistola-de-impacto-brushless-a-bateria-1-2-1300nm-con-maletin\/","title":{"rendered":"JBM &#8211; Pistola de Impacto Brushless a Bater\u00eda 1\/2&#8243; 1300nm con malet\u00edn"},"content":{"rendered":"<p>Malet\u00edn JBM dise\u00f1ado para salvaguardar y transportar tu herramienta el\u00e9ctrica, de manera compacta y potente, junto con sus respectivos componentes, de forma segura y ergon\u00f3mica.<\/p>\n<p><strong>EL MALET\u00cdN CONTIENE:<\/strong><br \/>\nREF: 60044 &#8211; PISTOLA DE IMPACTO BRUSHLESS A BATER\u00cdA DE 1\/2&#8243; Y 1300NM.<br \/>\nREF: 60016 &#8211; CARGADOR 20V<br \/>\nREF: 60013 &#8211; BATER\u00cdA LI-ION 4.0Ah<\/p>\n<p><strong>ESPECIFICACIONES T\u00c9CNICAS:<\/strong><br \/>\n\u00b7 Esta nueva generaci\u00f3n integra un motor brushless sin escobillas X-TorQ, que permite desatornillar o atornillar con un alto par de apriete hasta dos veces m\u00e1s r\u00e1pido.<br \/>\n\u00b7 Su doble martillo de nuevo dise\u00f1o proporciona m\u00e1s IPM y menos vibraciones.<br \/>\n\u00b7 Nuevo anillo de sujeci\u00f3n del vaso: cambio de vasos m\u00e1s r\u00e1pido y sujeci\u00f3n m\u00e1s segura.<br \/>\n\u00b7 Dispone de 5 velocidades diferentes: x3 para apretar y x2 para aflojar, permitiendo un ajuste de la velocidad seg\u00fan la operaci\u00f3n a realizar.<br \/>\n\u00b7 Est\u00e1 equipada con una luz LED de trabajo y un selector de rotaci\u00f3n que tambi\u00e9n permite bloquear el gatillo y evitar un arranque accidental de la herramienta.<br \/>\n\u00b7 Gancho de gran tama\u00f1o, \u00fatil para colgar la m\u00e1quina en estructuras met\u00e1licas o en la cinta de trabajo.<br \/>\n\u00b7 M\u00e1s robusta y duradera. Con carcasa de aluminio protegida con elast\u00f3mero en la parte frontal. Adem\u00e1s, cuenta con un mango ergon\u00f3mico para un mejor agarre y precisi\u00f3n.<\/p>\n<p><strong>COMPATIBILE CON:<\/strong> 60017: CARGADOR DE CARGA R\u00c1PIDA<\/p>\n","protected":false},"excerpt":{"rendered":"<p>Descubre la pistola de impacto Brushless 60044C con motor potente, 5 marchas ajustables, dise\u00f1o ligero, LED de trabajo y mango ergon\u00f3mico. Incluye malet\u00edn JBM para transporte seguro y compacto.<\/p>\n<p><strong>OFERTA<\/strong> hasta fin de existencias con regalo exclusivo de <a href=\"http:\/\/167.86.125.240:8082\/producto\/jbm-set-de-3-vasos-de-impacto-de-1-2-especial-extraccion-ruedas\/\" target=\"_blank\" rel=\"noopener\"><strong>SET DE 3 VASOS DE IMPACTO DE 1\/2&#8243; ESPECIAL EXTRACCI\u00d3N RUEDAS<\/strong><\/a><strong> y <a href=\"http:\/\/167.86.125.240:8082\/producto\/jbm-led-portatil-de-trabajo-a-bateria\/\" target=\"_blank\" rel=\"noopener\">LED PORT\u00c1TIL DE TRABAJO A BATER\u00cdA<\/a><\/strong><\/p>\n<p>&nbsp;<\/p>\n","protected":false},"featured_media":3572,"template":"","meta":{"site-sidebar-layout":"default","site-content-layout":"","ast-site-content-layout":"default","site-content-style":"default","site-sidebar-style":"default","ast-global-header-display":"","ast-banner-title-visibility":"","ast-main-header-display":"","ast-hfb-above-header-display":"","ast-hfb-below-header-display":"","ast-hfb-mobile-header-display":"","site-post-title":"","ast-breadcrumbs-content":"","ast-featured-img":"","footer-sml-layout":"","ast-disable-related-posts":"","theme-transparent-header-meta":"default","adv-header-id-meta":"","stick-header-meta":"","header-above-stick-meta":"","header-main-stick-meta":"","header-below-stick-meta":"","astra-migrate-meta-layouts":"set","ast-page-background-enabled":"default","ast-page-background-meta":{"desktop":{"background-color":"var(--ast-global-color-4)","background-image":"","background-repeat":"repeat","background-position":"center center","background-size":"auto","background-attachment":"scroll","background-type":"","background-media":"","overlay-type":"","overlay-color":"","overlay-opacity":"","overlay-gradient":""},"tablet":{"background-color":"","background-image":"","background-repeat":"repeat","background-position":"center center","background-size":"auto","background-attachment":"scroll","background-type":"","background-media":"","overlay-type":"","overlay-color":"","overlay-opacity":"","overlay-gradient":""},"mobile":{"background-color":"","background-image":"","background-repeat":"repeat","background-position":"center center","background-size":"auto","background-attachment":"scroll","background-type":"","background-media":"","overlay-type":"","overlay-color":"","overlay-opacity":"","overlay-gradient":""}},"ast-content-background-meta":{"desktop":{"background-color":"var(--ast-global-color-5)","background-image":"","background-repeat":"repeat","background-position":"center center","background-size":"auto","background-attachment":"scroll","background-type":"","background-media":"","overlay-type":"","overlay-color":"","overlay-opacity":"","overlay-gradient":""},"tablet":{"background-color":"var(--ast-global-color-5)","background-image":"","background-repeat":"repeat","background-position":"center center","background-size":"auto","background-attachment":"scroll","background-type":"","background-media":"","overlay-type":"","overlay-color":"","overlay-opacity":"","overlay-gradient":""},"mobile":{"background-color":"var(--ast-global-color-5)","background-image":"","background-repeat":"repeat","background-position":"center center","background-size":"auto","background-attachment":"scroll","background-type":"","background-media":"","overlay-type":"","overlay-color":"","overlay-opacity":"","overlay-gradient":""}}},"product_brand":[286],"product_cat":[308],"product_tag":[],"class_list":{"0":"post-3571","1":"product","2":"type-product","3":"status-publish","4":"has-post-thumbnail","6":"product_brand-jbm","7":"product_cat-pistolas-electricas-bateria","8":"product_shipping_class-peso-mediano","9":"desktop-align-left","10":"tablet-align-left","11":"mobile-align-left","13":"first","14":"instock","15":"taxable","16":"shipping-taxable","17":"product-type-simple"},"yoast_head":"<!-- This site is optimized with the Yoast SEO plugin v27.4 - https:\/\/yoast.com\/product\/yoast-seo-wordpress\/ -->\n<title>JBM - Pistola de Impacto Brushless a Bater\u00eda 1\/2&quot; 1300nm con malet\u00edn | Mejordiagnosis S.L<\/title>\n<meta name=\"description\" content=\"Descubre la pistola de impacto Brushless 60044C con motor potente, 5 marchas ajustables, dise\u00f1o ligero, LED de trabajo y mango ergon\u00f3mico. Incluye malet\u00edn JBM para transporte seguro y compacto.\" \/>\n<meta name=\"robots\" content=\"noindex, follow\" \/>\n<meta property=\"og:locale\" content=\"es_ES\" \/>\n<meta property=\"og:type\" content=\"article\" \/>\n<meta property=\"og:title\" content=\"JBM - Pistola de Impacto Brushless a Bater\u00eda 1\/2&quot; 1300nm con malet\u00edn | Mejordiagnosis S.L\" \/>\n<meta property=\"og:description\" content=\"Descubre la pistola de impacto Brushless 60044C con motor potente, 5 marchas ajustables, dise\u00f1o ligero, LED de trabajo y mango ergon\u00f3mico. Incluye malet\u00edn JBM para transporte seguro y compacto.\" \/>\n<meta property=\"og:url\" content=\"https:\/\/mejordiagnosis.com\/tienda\/producto\/jbm-pistola-de-impacto-brushless-a-bateria-1-2-1300nm-con-maletin\/\" \/>\n<meta property=\"og:site_name\" content=\"Mejordiagnosis S.L\" \/>\n<meta property=\"article:publisher\" content=\"https:\/\/www.facebook.com\/mejordiagnosis\/\" \/>\n<meta property=\"article:modified_time\" content=\"2026-01-19T11:49:51+00:00\" \/>\n<meta property=\"og:image\" content=\"https:\/\/mejordiagnosis.com\/tienda\/wp-content\/uploads\/2025\/02\/60044C_006.jpg\" \/>\n\t<meta property=\"og:image:width\" content=\"900\" \/>\n\t<meta property=\"og:image:height\" content=\"900\" \/>\n\t<meta property=\"og:image:type\" content=\"image\/jpeg\" \/>\n<script type=\"application\/ld+json\" class=\"yoast-schema-graph\">{\"@context\":\"https:\\\/\\\/schema.org\",\"@graph\":[{\"@type\":\"WebPage\",\"@id\":\"https:\\\/\\\/mejordiagnosis.com\\\/tienda\\\/producto\\\/jbm-pistola-de-impacto-brushless-a-bateria-1-2-1300nm-con-maletin\\\/\",\"url\":\"https:\\\/\\\/mejordiagnosis.com\\\/tienda\\\/producto\\\/jbm-pistola-de-impacto-brushless-a-bateria-1-2-1300nm-con-maletin\\\/\",\"name\":\"JBM - Pistola de Impacto Brushless a Bater\u00eda 1\\\/2\\\" 1300nm con malet\u00edn | Mejordiagnosis S.L\",\"isPartOf\":{\"@id\":\"https:\\\/\\\/mejordiagnosis.com\\\/tienda\\\/#website\"},\"primaryImageOfPage\":{\"@id\":\"https:\\\/\\\/mejordiagnosis.com\\\/tienda\\\/producto\\\/jbm-pistola-de-impacto-brushless-a-bateria-1-2-1300nm-con-maletin\\\/#primaryimage\"},\"image\":{\"@id\":\"https:\\\/\\\/mejordiagnosis.com\\\/tienda\\\/producto\\\/jbm-pistola-de-impacto-brushless-a-bateria-1-2-1300nm-con-maletin\\\/#primaryimage\"},\"thumbnailUrl\":\"https:\\\/\\\/mejordiagnosis.com\\\/tienda\\\/wp-content\\\/uploads\\\/2025\\\/02\\\/60044C_006.jpg\",\"datePublished\":\"2025-02-20T10:49:17+00:00\",\"dateModified\":\"2026-01-19T11:49:51+00:00\",\"description\":\"Descubre la pistola de impacto Brushless 60044C con motor potente, 5 marchas ajustables, dise\u00f1o ligero, LED de trabajo y mango ergon\u00f3mico. Incluye malet\u00edn JBM para transporte seguro y compacto.\",\"breadcrumb\":{\"@id\":\"https:\\\/\\\/mejordiagnosis.com\\\/tienda\\\/producto\\\/jbm-pistola-de-impacto-brushless-a-bateria-1-2-1300nm-con-maletin\\\/#breadcrumb\"},\"inLanguage\":\"es\",\"potentialAction\":[{\"@type\":\"ReadAction\",\"target\":[\"https:\\\/\\\/mejordiagnosis.com\\\/tienda\\\/producto\\\/jbm-pistola-de-impacto-brushless-a-bateria-1-2-1300nm-con-maletin\\\/\"]}]},{\"@type\":\"ImageObject\",\"inLanguage\":\"es\",\"@id\":\"https:\\\/\\\/mejordiagnosis.com\\\/tienda\\\/producto\\\/jbm-pistola-de-impacto-brushless-a-bateria-1-2-1300nm-con-maletin\\\/#primaryimage\",\"url\":\"https:\\\/\\\/mejordiagnosis.com\\\/tienda\\\/wp-content\\\/uploads\\\/2025\\\/02\\\/60044C_006.jpg\",\"contentUrl\":\"https:\\\/\\\/mejordiagnosis.com\\\/tienda\\\/wp-content\\\/uploads\\\/2025\\\/02\\\/60044C_006.jpg\",\"width\":900,\"height\":900},{\"@type\":\"BreadcrumbList\",\"@id\":\"https:\\\/\\\/mejordiagnosis.com\\\/tienda\\\/producto\\\/jbm-pistola-de-impacto-brushless-a-bateria-1-2-1300nm-con-maletin\\\/#breadcrumb\",\"itemListElement\":[{\"@type\":\"ListItem\",\"position\":1,\"name\":\"Portada\",\"item\":\"https:\\\/\\\/mejordiagnosis.com\\\/tienda\\\/\"},{\"@type\":\"ListItem\",\"position\":2,\"name\":\"Tienda\",\"item\":\"https:\\\/\\\/mejordiagnosis.com\\\/tienda\\\/shop\\\/\"},{\"@type\":\"ListItem\",\"position\":3,\"name\":\"JBM &#8211; Pistola de Impacto Brushless a Bater\u00eda 1\\\/2&#8243; 1300nm con malet\u00edn\"}]},{\"@type\":\"WebSite\",\"@id\":\"https:\\\/\\\/mejordiagnosis.com\\\/tienda\\\/#website\",\"url\":\"https:\\\/\\\/mejordiagnosis.com\\\/tienda\\\/\",\"name\":\"Mejordiagnosis.com\",\"description\":\"Equipos de diagnosis para el autom&oacute;vil\",\"publisher\":{\"@id\":\"https:\\\/\\\/mejordiagnosis.com\\\/tienda\\\/#organization\"},\"alternateName\":\"Mejordiagnosisnm S.L\",\"potentialAction\":[{\"@type\":\"SearchAction\",\"target\":{\"@type\":\"EntryPoint\",\"urlTemplate\":\"https:\\\/\\\/mejordiagnosis.com\\\/tienda\\\/?s={search_term_string}\"},\"query-input\":{\"@type\":\"PropertyValueSpecification\",\"valueRequired\":true,\"valueName\":\"search_term_string\"}}],\"inLanguage\":\"es\"},{\"@type\":\"Organization\",\"@id\":\"https:\\\/\\\/mejordiagnosis.com\\\/tienda\\\/#organization\",\"name\":\"Mejordiagnosis S.L\",\"alternateName\":\"Mejor Diagnosis\",\"url\":\"https:\\\/\\\/mejordiagnosis.com\\\/tienda\\\/\",\"logo\":{\"@type\":\"ImageObject\",\"inLanguage\":\"es\",\"@id\":\"https:\\\/\\\/mejordiagnosis.com\\\/tienda\\\/#\\\/schema\\\/logo\\\/image\\\/\",\"url\":\"https:\\\/\\\/mejordiagnosis.com\\\/tienda\\\/wp-content\\\/uploads\\\/2025\\\/03\\\/cropped-cropped-cropped-cropped-logo-removebg-300x257-1.png\",\"contentUrl\":\"https:\\\/\\\/mejordiagnosis.com\\\/tienda\\\/wp-content\\\/uploads\\\/2025\\\/03\\\/cropped-cropped-cropped-cropped-logo-removebg-300x257-1.png\",\"width\":300,\"height\":257,\"caption\":\"Mejordiagnosis S.L\"},\"image\":{\"@id\":\"https:\\\/\\\/mejordiagnosis.com\\\/tienda\\\/#\\\/schema\\\/logo\\\/image\\\/\"},\"sameAs\":[\"https:\\\/\\\/www.facebook.com\\\/mejordiagnosis\\\/\",\"https:\\\/\\\/www.instagram.com\\\/mejor.diagnosis\\\/\",\"https:\\\/\\\/www.tiktok.com\\\/@mejor.diagnosis?lang=es\"]}]}<\/script>\n<!-- \/ Yoast SEO plugin. -->","yoast_head_json":{"title":"JBM - Pistola de Impacto Brushless a Bater\u00eda 1\/2\" 1300nm con malet\u00edn | Mejordiagnosis S.L","description":"Descubre la pistola de impacto Brushless 60044C con motor potente, 5 marchas ajustables, dise\u00f1o ligero, LED de trabajo y mango ergon\u00f3mico. Incluye malet\u00edn JBM para transporte seguro y compacto.","robots":{"index":"noindex","follow":"follow"},"og_locale":"es_ES","og_type":"article","og_title":"JBM - Pistola de Impacto Brushless a Bater\u00eda 1\/2\" 1300nm con malet\u00edn | Mejordiagnosis S.L","og_description":"Descubre la pistola de impacto Brushless 60044C con motor potente, 5 marchas ajustables, dise\u00f1o ligero, LED de trabajo y mango ergon\u00f3mico. Incluye malet\u00edn JBM para transporte seguro y compacto.","og_url":"https:\/\/mejordiagnosis.com\/tienda\/producto\/jbm-pistola-de-impacto-brushless-a-bateria-1-2-1300nm-con-maletin\/","og_site_name":"Mejordiagnosis S.L","article_publisher":"https:\/\/www.facebook.com\/mejordiagnosis\/","article_modified_time":"2026-01-19T11:49:51+00:00","og_image":[{"width":900,"height":900,"url":"https:\/\/mejordiagnosis.com\/tienda\/wp-content\/uploads\/2025\/02\/60044C_006.jpg","type":"image\/jpeg"}],"schema":{"@context":"https:\/\/schema.org","@graph":[{"@type":"WebPage","@id":"https:\/\/mejordiagnosis.com\/tienda\/producto\/jbm-pistola-de-impacto-brushless-a-bateria-1-2-1300nm-con-maletin\/","url":"https:\/\/mejordiagnosis.com\/tienda\/producto\/jbm-pistola-de-impacto-brushless-a-bateria-1-2-1300nm-con-maletin\/","name":"JBM - Pistola de Impacto Brushless a Bater\u00eda 1\/2\" 1300nm con malet\u00edn | Mejordiagnosis S.L","isPartOf":{"@id":"https:\/\/mejordiagnosis.com\/tienda\/#website"},"primaryImageOfPage":{"@id":"https:\/\/mejordiagnosis.com\/tienda\/producto\/jbm-pistola-de-impacto-brushless-a-bateria-1-2-1300nm-con-maletin\/#primaryimage"},"image":{"@id":"https:\/\/mejordiagnosis.com\/tienda\/producto\/jbm-pistola-de-impacto-brushless-a-bateria-1-2-1300nm-con-maletin\/#primaryimage"},"thumbnailUrl":"https:\/\/mejordiagnosis.com\/tienda\/wp-content\/uploads\/2025\/02\/60044C_006.jpg","datePublished":"2025-02-20T10:49:17+00:00","dateModified":"2026-01-19T11:49:51+00:00","description":"Descubre la pistola de impacto Brushless 60044C con motor potente, 5 marchas ajustables, dise\u00f1o ligero, LED de trabajo y mango ergon\u00f3mico. Incluye malet\u00edn JBM para transporte seguro y compacto.","breadcrumb":{"@id":"https:\/\/mejordiagnosis.com\/tienda\/producto\/jbm-pistola-de-impacto-brushless-a-bateria-1-2-1300nm-con-maletin\/#breadcrumb"},"inLanguage":"es","potentialAction":[{"@type":"ReadAction","target":["https:\/\/mejordiagnosis.com\/tienda\/producto\/jbm-pistola-de-impacto-brushless-a-bateria-1-2-1300nm-con-maletin\/"]}]},{"@type":"ImageObject","inLanguage":"es","@id":"https:\/\/mejordiagnosis.com\/tienda\/producto\/jbm-pistola-de-impacto-brushless-a-bateria-1-2-1300nm-con-maletin\/#primaryimage","url":"https:\/\/mejordiagnosis.com\/tienda\/wp-content\/uploads\/2025\/02\/60044C_006.jpg","contentUrl":"https:\/\/mejordiagnosis.com\/tienda\/wp-content\/uploads\/2025\/02\/60044C_006.jpg","width":900,"height":900},{"@type":"BreadcrumbList","@id":"https:\/\/mejordiagnosis.com\/tienda\/producto\/jbm-pistola-de-impacto-brushless-a-bateria-1-2-1300nm-con-maletin\/#breadcrumb","itemListElement":[{"@type":"ListItem","position":1,"name":"Portada","item":"https:\/\/mejordiagnosis.com\/tienda\/"},{"@type":"ListItem","position":2,"name":"Tienda","item":"https:\/\/mejordiagnosis.com\/tienda\/shop\/"},{"@type":"ListItem","position":3,"name":"JBM &#8211; Pistola de Impacto Brushless a Bater\u00eda 1\/2&#8243; 1300nm con malet\u00edn"}]},{"@type":"WebSite","@id":"https:\/\/mejordiagnosis.com\/tienda\/#website","url":"https:\/\/mejordiagnosis.com\/tienda\/","name":"Mejordiagnosis.com","description":"Equipos de diagnosis para el autom&oacute;vil","publisher":{"@id":"https:\/\/mejordiagnosis.com\/tienda\/#organization"},"alternateName":"Mejordiagnosisnm S.L","potentialAction":[{"@type":"SearchAction","target":{"@type":"EntryPoint","urlTemplate":"https:\/\/mejordiagnosis.com\/tienda\/?s={search_term_string}"},"query-input":{"@type":"PropertyValueSpecification","valueRequired":true,"valueName":"search_term_string"}}],"inLanguage":"es"},{"@type":"Organization","@id":"https:\/\/mejordiagnosis.com\/tienda\/#organization","name":"Mejordiagnosis S.L","alternateName":"Mejor Diagnosis","url":"https:\/\/mejordiagnosis.com\/tienda\/","logo":{"@type":"ImageObject","inLanguage":"es","@id":"https:\/\/mejordiagnosis.com\/tienda\/#\/schema\/logo\/image\/","url":"https:\/\/mejordiagnosis.com\/tienda\/wp-content\/uploads\/2025\/03\/cropped-cropped-cropped-cropped-logo-removebg-300x257-1.png","contentUrl":"https:\/\/mejordiagnosis.com\/tienda\/wp-content\/uploads\/2025\/03\/cropped-cropped-cropped-cropped-logo-removebg-300x257-1.png","width":300,"height":257,"caption":"Mejordiagnosis S.L"},"image":{"@id":"https:\/\/mejordiagnosis.com\/tienda\/#\/schema\/logo\/image\/"},"sameAs":["https:\/\/www.facebook.com\/mejordiagnosis\/","https:\/\/www.instagram.com\/mejor.diagnosis\/","https:\/\/www.tiktok.com\/@mejor.diagnosis?lang=es"]}]}},"_links":{"self":[{"href":"https:\/\/mejordiagnosis.com\/tienda\/wp-json\/wp\/v2\/product\/3571","targetHints":{"allow":["GET"]}}],"collection":[{"href":"https:\/\/mejordiagnosis.com\/tienda\/wp-json\/wp\/v2\/product"}],"about":[{"href":"https:\/\/mejordiagnosis.com\/tienda\/wp-json\/wp\/v2\/types\/product"}],"wp:featuredmedia":[{"embeddable":true,"href":"https:\/\/mejordiagnosis.com\/tienda\/wp-json\/wp\/v2\/media\/3572"}],"wp:attachment":[{"href":"https:\/\/mejordiagnosis.com\/tienda\/wp-json\/wp\/v2\/media?parent=3571"}],"wp:term":[{"taxonomy":"product_brand","embeddable":true,"href":"https:\/\/mejordiagnosis.com\/tienda\/wp-json\/wp\/v2\/product_brand?post=3571"},{"taxonomy":"product_cat","embeddable":true,"href":"https:\/\/mejordiagnosis.com\/tienda\/wp-json\/wp\/v2\/product_cat?post=3571"},{"taxonomy":"product_tag","embeddable":true,"href":"https:\/\/mejordiagnosis.com\/tienda\/wp-json\/wp\/v2\/product_tag?post=3571"}],"curies":[{"name":"wp","href":"https:\/\/api.w.org\/{rel}","templated":true}]}}