{"id":3569,"date":"2025-02-20T10:46:00","date_gmt":"2025-02-20T10:46:00","guid":{"rendered":"http:\/\/167.86.125.240:8082\/?post_type=product&#038;p=3569"},"modified":"2026-01-19T11:49:51","modified_gmt":"2026-01-19T11:49:51","slug":"jbm-led-portatil-de-trabajo-a-bateria","status":"publish","type":"product","link":"https:\/\/mejordiagnosis.com\/tienda\/producto\/jbm-led-portatil-de-trabajo-a-bateria\/","title":{"rendered":"JBM &#8211; LED Port\u00e1til de trabajo a bater\u00eda"},"content":{"rendered":"<p>Su funcionamiento con bater\u00eda port\u00e1til la hace ideal para moverla libremente por todo el lugar de trabajo y garantizar una perfecta iluminaci\u00f3n del \u00e1rea de trabajo.<\/p>\n<p>ESPECIFCACIONES T\u00c9CNICAS:<br \/>\n\u00b7 Capacidad de la bater\u00eda: 2.0\/4.0\/6.0Ah (<strong>no incluida<\/strong>).<br \/>\n\u00b7 Potencia: 10W.<br \/>\n\u00b7 Salida m\u00e1xima: 500LM \/ 1000LM \/ Intermitente.<br \/>\n\u00b7 Tiempo de bater\u00eda: 2.0Ah &#8211; 500LM 10h \/ 1000LM 5h 4.0Ah &#8211; 500LM 18h \/ 1000LM 9h 6.0Ah &#8211; 500LM 22h \/ 1000LM 11h.<br \/>\n\u00b7 Fuente de luz: COB LED.<br \/>\n\u00b7 Peso: 0.255Kg.<br \/>\n\u00b7 Tensi\u00f3n de entrada del cargador: 220-240V \/ 50Hz (no incluido).<br \/>\n\u00b7 Cabezal de luz ajustable a 90\u00ba COB LED.<br \/>\n\u00b7 x3 Configuraciones diferentes: modo bajo 500LM \/ modo alto 1000LM \/ intermitente.<\/p>\n","protected":false},"excerpt":{"rendered":"<p>Su funcionamiento con bater\u00eda port\u00e1til la hace ideal para moverla libremente por todo el lugar de trabajo y garantizar una [&hellip;]<\/p>\n","protected":false},"featured_media":3570,"template":"","meta":{"site-sidebar-layout":"default","site-content-layout":"","ast-site-content-layout":"default","site-content-style":"default","site-sidebar-style":"default","ast-global-header-display":"","ast-banner-title-visibility":"","ast-main-header-display":"","ast-hfb-above-header-display":"","ast-hfb-below-header-display":"","ast-hfb-mobile-header-display":"","site-post-title":"","ast-breadcrumbs-content":"","ast-featured-img":"","footer-sml-layout":"","ast-disable-related-posts":"","theme-transparent-header-meta":"default","adv-header-id-meta":"","stick-header-meta":"","header-above-stick-meta":"","header-main-stick-meta":"","header-below-stick-meta":"","astra-migrate-meta-layouts":"set","ast-page-background-enabled":"default","ast-page-background-meta":{"desktop":{"background-color":"var(--ast-global-color-4)","background-image":"","background-repeat":"repeat","background-position":"center center","background-size":"auto","background-attachment":"scroll","background-type":"","background-media":"","overlay-type":"","overlay-color":"","overlay-opacity":"","overlay-gradient":""},"tablet":{"background-color":"","background-image":"","background-repeat":"repeat","background-position":"center center","background-size":"auto","background-attachment":"scroll","background-type":"","background-media":"","overlay-type":"","overlay-color":"","overlay-opacity":"","overlay-gradient":""},"mobile":{"background-color":"","background-image":"","background-repeat":"repeat","background-position":"center center","background-size":"auto","background-attachment":"scroll","background-type":"","background-media":"","overlay-type":"","overlay-color":"","overlay-opacity":"","overlay-gradient":""}},"ast-content-background-meta":{"desktop":{"background-color":"var(--ast-global-color-5)","background-image":"","background-repeat":"repeat","background-position":"center center","background-size":"auto","background-attachment":"scroll","background-type":"","background-media":"","overlay-type":"","overlay-color":"","overlay-opacity":"","overlay-gradient":""},"tablet":{"background-color":"var(--ast-global-color-5)","background-image":"","background-repeat":"repeat","background-position":"center center","background-size":"auto","background-attachment":"scroll","background-type":"","background-media":"","overlay-type":"","overlay-color":"","overlay-opacity":"","overlay-gradient":""},"mobile":{"background-color":"var(--ast-global-color-5)","background-image":"","background-repeat":"repeat","background-position":"center center","background-size":"auto","background-attachment":"scroll","background-type":"","background-media":"","overlay-type":"","overlay-color":"","overlay-opacity":"","overlay-gradient":""}}},"product_brand":[286],"product_cat":[295],"product_tag":[],"class_list":{"0":"post-3569","1":"product","2":"type-product","3":"status-publish","4":"has-post-thumbnail","6":"product_brand-jbm","7":"product_cat-iluminacion","8":"product_shipping_class-peso-mediano","9":"desktop-align-left","10":"tablet-align-left","11":"mobile-align-left","13":"first","14":"instock","15":"taxable","16":"shipping-taxable","17":"product-type-simple"},"yoast_head":"<!-- This site is optimized with the Yoast SEO plugin v27.4 - https:\/\/yoast.com\/product\/yoast-seo-wordpress\/ -->\n<title>JBM - LED Port\u00e1til de trabajo a bater\u00eda | Mejordiagnosis S.L<\/title>\n<meta name=\"description\" content=\"JBM - LED Port\u00e1til de trabajo a bater\u00eda\" \/>\n<meta name=\"robots\" content=\"noindex, follow\" \/>\n<meta property=\"og:locale\" content=\"es_ES\" \/>\n<meta property=\"og:type\" content=\"article\" \/>\n<meta property=\"og:title\" content=\"JBM - LED Port\u00e1til de trabajo a bater\u00eda | Mejordiagnosis S.L\" \/>\n<meta property=\"og:description\" content=\"JBM - LED Port\u00e1til de trabajo a bater\u00eda\" \/>\n<meta property=\"og:url\" content=\"https:\/\/mejordiagnosis.com\/tienda\/producto\/jbm-led-portatil-de-trabajo-a-bateria\/\" \/>\n<meta property=\"og:site_name\" content=\"Mejordiagnosis S.L\" \/>\n<meta property=\"article:publisher\" content=\"https:\/\/www.facebook.com\/mejordiagnosis\/\" \/>\n<meta property=\"article:modified_time\" content=\"2026-01-19T11:49:51+00:00\" \/>\n<meta property=\"og:image\" content=\"https:\/\/mejordiagnosis.com\/tienda\/wp-content\/uploads\/2025\/02\/60035_1.jpg\" \/>\n\t<meta property=\"og:image:width\" content=\"900\" \/>\n\t<meta property=\"og:image:height\" content=\"901\" \/>\n\t<meta property=\"og:image:type\" content=\"image\/jpeg\" \/>\n<script type=\"application\/ld+json\" class=\"yoast-schema-graph\">{\"@context\":\"https:\\\/\\\/schema.org\",\"@graph\":[{\"@type\":\"WebPage\",\"@id\":\"https:\\\/\\\/mejordiagnosis.com\\\/tienda\\\/producto\\\/jbm-led-portatil-de-trabajo-a-bateria\\\/\",\"url\":\"https:\\\/\\\/mejordiagnosis.com\\\/tienda\\\/producto\\\/jbm-led-portatil-de-trabajo-a-bateria\\\/\",\"name\":\"JBM - LED Port\u00e1til de trabajo a bater\u00eda | Mejordiagnosis S.L\",\"isPartOf\":{\"@id\":\"https:\\\/\\\/mejordiagnosis.com\\\/tienda\\\/#website\"},\"primaryImageOfPage\":{\"@id\":\"https:\\\/\\\/mejordiagnosis.com\\\/tienda\\\/producto\\\/jbm-led-portatil-de-trabajo-a-bateria\\\/#primaryimage\"},\"image\":{\"@id\":\"https:\\\/\\\/mejordiagnosis.com\\\/tienda\\\/producto\\\/jbm-led-portatil-de-trabajo-a-bateria\\\/#primaryimage\"},\"thumbnailUrl\":\"https:\\\/\\\/mejordiagnosis.com\\\/tienda\\\/wp-content\\\/uploads\\\/2025\\\/02\\\/60035_1.jpg\",\"datePublished\":\"2025-02-20T10:46:00+00:00\",\"dateModified\":\"2026-01-19T11:49:51+00:00\",\"description\":\"JBM - LED Port\u00e1til de trabajo a bater\u00eda\",\"breadcrumb\":{\"@id\":\"https:\\\/\\\/mejordiagnosis.com\\\/tienda\\\/producto\\\/jbm-led-portatil-de-trabajo-a-bateria\\\/#breadcrumb\"},\"inLanguage\":\"es\",\"potentialAction\":[{\"@type\":\"ReadAction\",\"target\":[\"https:\\\/\\\/mejordiagnosis.com\\\/tienda\\\/producto\\\/jbm-led-portatil-de-trabajo-a-bateria\\\/\"]}]},{\"@type\":\"ImageObject\",\"inLanguage\":\"es\",\"@id\":\"https:\\\/\\\/mejordiagnosis.com\\\/tienda\\\/producto\\\/jbm-led-portatil-de-trabajo-a-bateria\\\/#primaryimage\",\"url\":\"https:\\\/\\\/mejordiagnosis.com\\\/tienda\\\/wp-content\\\/uploads\\\/2025\\\/02\\\/60035_1.jpg\",\"contentUrl\":\"https:\\\/\\\/mejordiagnosis.com\\\/tienda\\\/wp-content\\\/uploads\\\/2025\\\/02\\\/60035_1.jpg\",\"width\":900,\"height\":901},{\"@type\":\"BreadcrumbList\",\"@id\":\"https:\\\/\\\/mejordiagnosis.com\\\/tienda\\\/producto\\\/jbm-led-portatil-de-trabajo-a-bateria\\\/#breadcrumb\",\"itemListElement\":[{\"@type\":\"ListItem\",\"position\":1,\"name\":\"Portada\",\"item\":\"https:\\\/\\\/mejordiagnosis.com\\\/tienda\\\/\"},{\"@type\":\"ListItem\",\"position\":2,\"name\":\"Tienda\",\"item\":\"https:\\\/\\\/mejordiagnosis.com\\\/tienda\\\/shop\\\/\"},{\"@type\":\"ListItem\",\"position\":3,\"name\":\"JBM &#8211; LED Port\u00e1til de trabajo a bater\u00eda\"}]},{\"@type\":\"WebSite\",\"@id\":\"https:\\\/\\\/mejordiagnosis.com\\\/tienda\\\/#website\",\"url\":\"https:\\\/\\\/mejordiagnosis.com\\\/tienda\\\/\",\"name\":\"Mejordiagnosis.com\",\"description\":\"Equipos de diagnosis para el autom&oacute;vil\",\"publisher\":{\"@id\":\"https:\\\/\\\/mejordiagnosis.com\\\/tienda\\\/#organization\"},\"alternateName\":\"Mejordiagnosisnm S.L\",\"potentialAction\":[{\"@type\":\"SearchAction\",\"target\":{\"@type\":\"EntryPoint\",\"urlTemplate\":\"https:\\\/\\\/mejordiagnosis.com\\\/tienda\\\/?s={search_term_string}\"},\"query-input\":{\"@type\":\"PropertyValueSpecification\",\"valueRequired\":true,\"valueName\":\"search_term_string\"}}],\"inLanguage\":\"es\"},{\"@type\":\"Organization\",\"@id\":\"https:\\\/\\\/mejordiagnosis.com\\\/tienda\\\/#organization\",\"name\":\"Mejordiagnosis S.L\",\"alternateName\":\"Mejor Diagnosis\",\"url\":\"https:\\\/\\\/mejordiagnosis.com\\\/tienda\\\/\",\"logo\":{\"@type\":\"ImageObject\",\"inLanguage\":\"es\",\"@id\":\"https:\\\/\\\/mejordiagnosis.com\\\/tienda\\\/#\\\/schema\\\/logo\\\/image\\\/\",\"url\":\"https:\\\/\\\/mejordiagnosis.com\\\/tienda\\\/wp-content\\\/uploads\\\/2025\\\/03\\\/cropped-cropped-cropped-cropped-logo-removebg-300x257-1.png\",\"contentUrl\":\"https:\\\/\\\/mejordiagnosis.com\\\/tienda\\\/wp-content\\\/uploads\\\/2025\\\/03\\\/cropped-cropped-cropped-cropped-logo-removebg-300x257-1.png\",\"width\":300,\"height\":257,\"caption\":\"Mejordiagnosis S.L\"},\"image\":{\"@id\":\"https:\\\/\\\/mejordiagnosis.com\\\/tienda\\\/#\\\/schema\\\/logo\\\/image\\\/\"},\"sameAs\":[\"https:\\\/\\\/www.facebook.com\\\/mejordiagnosis\\\/\",\"https:\\\/\\\/www.instagram.com\\\/mejor.diagnosis\\\/\",\"https:\\\/\\\/www.tiktok.com\\\/@mejor.diagnosis?lang=es\"]}]}<\/script>\n<!-- \/ Yoast SEO plugin. -->","yoast_head_json":{"title":"JBM - LED Port\u00e1til de trabajo a bater\u00eda | Mejordiagnosis S.L","description":"JBM - LED Port\u00e1til de trabajo a bater\u00eda","robots":{"index":"noindex","follow":"follow"},"og_locale":"es_ES","og_type":"article","og_title":"JBM - LED Port\u00e1til de trabajo a bater\u00eda | Mejordiagnosis S.L","og_description":"JBM - LED Port\u00e1til de trabajo a bater\u00eda","og_url":"https:\/\/mejordiagnosis.com\/tienda\/producto\/jbm-led-portatil-de-trabajo-a-bateria\/","og_site_name":"Mejordiagnosis S.L","article_publisher":"https:\/\/www.facebook.com\/mejordiagnosis\/","article_modified_time":"2026-01-19T11:49:51+00:00","og_image":[{"width":900,"height":901,"url":"https:\/\/mejordiagnosis.com\/tienda\/wp-content\/uploads\/2025\/02\/60035_1.jpg","type":"image\/jpeg"}],"schema":{"@context":"https:\/\/schema.org","@graph":[{"@type":"WebPage","@id":"https:\/\/mejordiagnosis.com\/tienda\/producto\/jbm-led-portatil-de-trabajo-a-bateria\/","url":"https:\/\/mejordiagnosis.com\/tienda\/producto\/jbm-led-portatil-de-trabajo-a-bateria\/","name":"JBM - LED Port\u00e1til de trabajo a bater\u00eda | Mejordiagnosis S.L","isPartOf":{"@id":"https:\/\/mejordiagnosis.com\/tienda\/#website"},"primaryImageOfPage":{"@id":"https:\/\/mejordiagnosis.com\/tienda\/producto\/jbm-led-portatil-de-trabajo-a-bateria\/#primaryimage"},"image":{"@id":"https:\/\/mejordiagnosis.com\/tienda\/producto\/jbm-led-portatil-de-trabajo-a-bateria\/#primaryimage"},"thumbnailUrl":"https:\/\/mejordiagnosis.com\/tienda\/wp-content\/uploads\/2025\/02\/60035_1.jpg","datePublished":"2025-02-20T10:46:00+00:00","dateModified":"2026-01-19T11:49:51+00:00","description":"JBM - LED Port\u00e1til de trabajo a bater\u00eda","breadcrumb":{"@id":"https:\/\/mejordiagnosis.com\/tienda\/producto\/jbm-led-portatil-de-trabajo-a-bateria\/#breadcrumb"},"inLanguage":"es","potentialAction":[{"@type":"ReadAction","target":["https:\/\/mejordiagnosis.com\/tienda\/producto\/jbm-led-portatil-de-trabajo-a-bateria\/"]}]},{"@type":"ImageObject","inLanguage":"es","@id":"https:\/\/mejordiagnosis.com\/tienda\/producto\/jbm-led-portatil-de-trabajo-a-bateria\/#primaryimage","url":"https:\/\/mejordiagnosis.com\/tienda\/wp-content\/uploads\/2025\/02\/60035_1.jpg","contentUrl":"https:\/\/mejordiagnosis.com\/tienda\/wp-content\/uploads\/2025\/02\/60035_1.jpg","width":900,"height":901},{"@type":"BreadcrumbList","@id":"https:\/\/mejordiagnosis.com\/tienda\/producto\/jbm-led-portatil-de-trabajo-a-bateria\/#breadcrumb","itemListElement":[{"@type":"ListItem","position":1,"name":"Portada","item":"https:\/\/mejordiagnosis.com\/tienda\/"},{"@type":"ListItem","position":2,"name":"Tienda","item":"https:\/\/mejordiagnosis.com\/tienda\/shop\/"},{"@type":"ListItem","position":3,"name":"JBM &#8211; LED Port\u00e1til de trabajo a bater\u00eda"}]},{"@type":"WebSite","@id":"https:\/\/mejordiagnosis.com\/tienda\/#website","url":"https:\/\/mejordiagnosis.com\/tienda\/","name":"Mejordiagnosis.com","description":"Equipos de diagnosis para el autom&oacute;vil","publisher":{"@id":"https:\/\/mejordiagnosis.com\/tienda\/#organization"},"alternateName":"Mejordiagnosisnm S.L","potentialAction":[{"@type":"SearchAction","target":{"@type":"EntryPoint","urlTemplate":"https:\/\/mejordiagnosis.com\/tienda\/?s={search_term_string}"},"query-input":{"@type":"PropertyValueSpecification","valueRequired":true,"valueName":"search_term_string"}}],"inLanguage":"es"},{"@type":"Organization","@id":"https:\/\/mejordiagnosis.com\/tienda\/#organization","name":"Mejordiagnosis S.L","alternateName":"Mejor Diagnosis","url":"https:\/\/mejordiagnosis.com\/tienda\/","logo":{"@type":"ImageObject","inLanguage":"es","@id":"https:\/\/mejordiagnosis.com\/tienda\/#\/schema\/logo\/image\/","url":"https:\/\/mejordiagnosis.com\/tienda\/wp-content\/uploads\/2025\/03\/cropped-cropped-cropped-cropped-logo-removebg-300x257-1.png","contentUrl":"https:\/\/mejordiagnosis.com\/tienda\/wp-content\/uploads\/2025\/03\/cropped-cropped-cropped-cropped-logo-removebg-300x257-1.png","width":300,"height":257,"caption":"Mejordiagnosis S.L"},"image":{"@id":"https:\/\/mejordiagnosis.com\/tienda\/#\/schema\/logo\/image\/"},"sameAs":["https:\/\/www.facebook.com\/mejordiagnosis\/","https:\/\/www.instagram.com\/mejor.diagnosis\/","https:\/\/www.tiktok.com\/@mejor.diagnosis?lang=es"]}]}},"_links":{"self":[{"href":"https:\/\/mejordiagnosis.com\/tienda\/wp-json\/wp\/v2\/product\/3569","targetHints":{"allow":["GET"]}}],"collection":[{"href":"https:\/\/mejordiagnosis.com\/tienda\/wp-json\/wp\/v2\/product"}],"about":[{"href":"https:\/\/mejordiagnosis.com\/tienda\/wp-json\/wp\/v2\/types\/product"}],"wp:featuredmedia":[{"embeddable":true,"href":"https:\/\/mejordiagnosis.com\/tienda\/wp-json\/wp\/v2\/media\/3570"}],"wp:attachment":[{"href":"https:\/\/mejordiagnosis.com\/tienda\/wp-json\/wp\/v2\/media?parent=3569"}],"wp:term":[{"taxonomy":"product_brand","embeddable":true,"href":"https:\/\/mejordiagnosis.com\/tienda\/wp-json\/wp\/v2\/product_brand?post=3569"},{"taxonomy":"product_cat","embeddable":true,"href":"https:\/\/mejordiagnosis.com\/tienda\/wp-json\/wp\/v2\/product_cat?post=3569"},{"taxonomy":"product_tag","embeddable":true,"href":"https:\/\/mejordiagnosis.com\/tienda\/wp-json\/wp\/v2\/product_tag?post=3569"}],"curies":[{"name":"wp","href":"https:\/\/api.w.org\/{rel}","templated":true}]}}