{"id":3360,"date":"2025-02-07T10:42:44","date_gmt":"2025-02-07T10:42:44","guid":{"rendered":"http:\/\/167.86.125.240:8082\/?post_type=product&#038;p=3360"},"modified":"2026-01-19T11:49:47","modified_gmt":"2026-01-19T11:49:47","slug":"bahco-recogedora-de-aceite-2-en-1-90-l-y-camara-inspeccion","status":"publish","type":"product","link":"https:\/\/mejordiagnosis.com\/tienda\/producto\/bahco-recogedora-de-aceite-2-en-1-90-l-y-camara-inspeccion\/","title":{"rendered":"BAHCO &#8211; Recogedora de aceite 2 en 1"},"content":{"rendered":"<div class=\"title\">Detalles del producto<\/div>\n<div class=\"item content\">\n<div class=\"product attribute details\">\n<ul class=\"product-details-list\">\n<li class=\"detail-item\">Recogedora de aceite 2 en 1 utilizado para drenar, bien por gravedad o bien por succi\u00f3n mediante un mecanismo de aspiraci\u00f3n, el aceite residual de motores, cajas de cambio y diferenciales de todos los veh\u00edculos<\/li>\n<li class=\"detail-item\">Incluye una c\u00e1mara de 9\u00a0L que permite realizar una comprobaci\u00f3n visual de la calidad del aceite residual extra\u00eddo<\/li>\n<li class=\"detail-item\">Esta c\u00e1mara de 9\u00a0L se puede utilizar como dep\u00f3sito de vac\u00edo<\/li>\n<li class=\"detail-item\">Incluye una gran variedad de sondas distintas, apropiadas para una amplia selecci\u00f3n de veh\u00edculos, como una de cobre para aceite de alta temperatura<\/li>\n<li class=\"detail-item\">Nailon flexible: 5\u00a0x\u00a0700\u00a0mm, 6\u00a0x\u00a0700\u00a0mm, 7\u00a0x\u00a01000\u00a0mm, 8\u00a0x\u00a0700\u00a0mm<\/li>\n<li class=\"detail-item\">Cobre r\u00edgido: 5\u00a0x\u00a0700\u00a0mm, 6\u00a0x\u00a0700\u00a0m<\/li>\n<li class=\"detail-item\">Adaptadores: para di\u00e1m. BMW: 12,2\u00a0mm, y di\u00e1m. VAG Group: 10\u00a0mm<\/li>\n<li class=\"detail-item\">Velocidad de aspiraci\u00f3n: de 1,5 a 2\u00a0L\/min (aceite a 70\u00a0\u00b0C y -80\u00a0\u00b0C, con sonda de 6\u00a0mm y presi\u00f3n de aire de 8\u00a0bar\/115\u00a0psi)<\/li>\n<li class=\"detail-item\">Presi\u00f3n de aire de aspiraci\u00f3n: 7-8\u00a0bar\/100-115\u00a0psi<\/li>\n<li class=\"detail-item\">Presi\u00f3n de drenaje m\u00e1xima: 1bar \/ 14,5\u00a0psi<\/li>\n<li class=\"detail-item\">Capacidad m\u00e1xima del dep\u00f3sito de succi\u00f3n y drenaje: 90\u00a0L<\/li>\n<li class=\"detail-item\">Conexi\u00f3n reforzada entre el dep\u00f3sito y el tubo de aceite para minimizar el riesgo de fugas<\/li>\n<li class=\"detail-item\">Embudo acodado giratorio que garantiza gran flexibilidad y una capacidad de 18\u00a0L<\/li>\n<li class=\"detail-item\">Mangueras reforzadas de metal para una mayor durabilidad<\/li>\n<li class=\"detail-item\">Mango protegido de espuma como aislante y para evitar rasgu\u00f1os en los veh\u00edculos en caso de accidente<\/li>\n<li class=\"detail-item\">Medidores que indican el nivel de l\u00edquido contenido y la presi\u00f3n de succi\u00f3n y del dep\u00f3sito de aire<\/li>\n<li class=\"detail-item\">Una rueda giratoria con freno para mayor seguridad<\/li>\n<li class=\"detail-item\">Certificado CE de acuerdo con la normativa 2006\/42\/CE + BS EN1494<\/li>\n<\/ul>\n<p><img fetchpriority=\"high\" decoding=\"async\" class=\"aligncenter size-full wp-image-3367\" src=\"http:\/\/167.86.125.240:8082\/wp-content\/uploads\/2025\/02\/BOD8903A-1.jpeg\" alt=\"\" width=\"1022\" height=\"117\" srcset=\"https:\/\/mejordiagnosis.com\/tienda\/wp-content\/uploads\/2025\/02\/BOD8903A-1.jpeg 1022w, https:\/\/mejordiagnosis.com\/tienda\/wp-content\/uploads\/2025\/02\/BOD8903A-1-300x34.jpeg 300w, https:\/\/mejordiagnosis.com\/tienda\/wp-content\/uploads\/2025\/02\/BOD8903A-1-768x88.jpeg 768w, https:\/\/mejordiagnosis.com\/tienda\/wp-content\/uploads\/2025\/02\/BOD8903A-1-600x69.jpeg 600w\" sizes=\"(max-width: 1022px) 100vw, 1022px\" \/><\/p>\n<p><img decoding=\"async\" class=\"size-full wp-image-3363 alignleft\" src=\"http:\/\/167.86.125.240:8082\/wp-content\/uploads\/2025\/02\/BOD8903A-5.jpg\" alt=\"\" width=\"545\" height=\"293\" srcset=\"https:\/\/mejordiagnosis.com\/tienda\/wp-content\/uploads\/2025\/02\/BOD8903A-5.jpg 545w, https:\/\/mejordiagnosis.com\/tienda\/wp-content\/uploads\/2025\/02\/BOD8903A-5-300x161.jpg 300w\" sizes=\"(max-width: 545px) 100vw, 545px\" \/><\/p>\n<\/div>\n<\/div>\n","protected":false},"excerpt":{"rendered":"<p><strong>OFERTA hasta fin de existencias.<\/strong><\/p>\n","protected":false},"featured_media":3361,"template":"","meta":{"site-sidebar-layout":"default","site-content-layout":"","ast-site-content-layout":"default","site-content-style":"default","site-sidebar-style":"default","ast-global-header-display":"","ast-banner-title-visibility":"","ast-main-header-display":"","ast-hfb-above-header-display":"","ast-hfb-below-header-display":"","ast-hfb-mobile-header-display":"","site-post-title":"","ast-breadcrumbs-content":"","ast-featured-img":"","footer-sml-layout":"","ast-disable-related-posts":"","theme-transparent-header-meta":"default","adv-header-id-meta":"","stick-header-meta":"","header-above-stick-meta":"","header-main-stick-meta":"","header-below-stick-meta":"","astra-migrate-meta-layouts":"set","ast-page-background-enabled":"default","ast-page-background-meta":{"desktop":{"background-color":"var(--ast-global-color-4)","background-image":"","background-repeat":"repeat","background-position":"center center","background-size":"auto","background-attachment":"scroll","background-type":"","background-media":"","overlay-type":"","overlay-color":"","overlay-opacity":"","overlay-gradient":""},"tablet":{"background-color":"","background-image":"","background-repeat":"repeat","background-position":"center center","background-size":"auto","background-attachment":"scroll","background-type":"","background-media":"","overlay-type":"","overlay-color":"","overlay-opacity":"","overlay-gradient":""},"mobile":{"background-color":"","background-image":"","background-repeat":"repeat","background-position":"center center","background-size":"auto","background-attachment":"scroll","background-type":"","background-media":"","overlay-type":"","overlay-color":"","overlay-opacity":"","overlay-gradient":""}},"ast-content-background-meta":{"desktop":{"background-color":"var(--ast-global-color-5)","background-image":"","background-repeat":"repeat","background-position":"center center","background-size":"auto","background-attachment":"scroll","background-type":"","background-media":"","overlay-type":"","overlay-color":"","overlay-opacity":"","overlay-gradient":""},"tablet":{"background-color":"var(--ast-global-color-5)","background-image":"","background-repeat":"repeat","background-position":"center center","background-size":"auto","background-attachment":"scroll","background-type":"","background-media":"","overlay-type":"","overlay-color":"","overlay-opacity":"","overlay-gradient":""},"mobile":{"background-color":"var(--ast-global-color-5)","background-image":"","background-repeat":"repeat","background-position":"center center","background-size":"auto","background-attachment":"scroll","background-type":"","background-media":"","overlay-type":"","overlay-color":"","overlay-opacity":"","overlay-gradient":""}}},"product_brand":[211],"product_cat":[305],"product_tag":[],"class_list":{"0":"post-3360","1":"product","2":"type-product","3":"status-publish","4":"has-post-thumbnail","6":"product_brand-bahco","7":"product_cat-lubricacion-y-combustible","8":"product_shipping_class-90-l-y-camara-inspeccion","9":"desktop-align-left","10":"tablet-align-left","11":"mobile-align-left","13":"first","14":"instock","15":"taxable","16":"shipping-taxable","17":"product-type-simple"},"yoast_head":"<!-- This site is optimized with the Yoast SEO plugin v27.4 - https:\/\/yoast.com\/product\/yoast-seo-wordpress\/ -->\n<title>BAHCO - Recogedora de aceite 2 en 1 | Mejordiagnosis S.L<\/title>\n<meta name=\"description\" content=\"BAHCO - Recogedora de aceite 2 en 1 con dep\u00f3sito de 90 L y c\u00e1mara de inspecci\u00f3n BOD8903A\" \/>\n<meta name=\"robots\" content=\"noindex, follow\" \/>\n<meta property=\"og:locale\" content=\"es_ES\" \/>\n<meta property=\"og:type\" content=\"article\" \/>\n<meta property=\"og:title\" content=\"BAHCO - Recogedora de aceite 2 en 1 | Mejordiagnosis S.L\" \/>\n<meta property=\"og:description\" content=\"BAHCO - Recogedora de aceite 2 en 1 con dep\u00f3sito de 90 L y c\u00e1mara de inspecci\u00f3n BOD8903A\" \/>\n<meta property=\"og:url\" content=\"https:\/\/mejordiagnosis.com\/tienda\/producto\/bahco-recogedora-de-aceite-2-en-1-90-l-y-camara-inspeccion\/\" \/>\n<meta property=\"og:site_name\" content=\"Mejordiagnosis S.L\" \/>\n<meta property=\"article:publisher\" content=\"https:\/\/www.facebook.com\/mejordiagnosis\/\" \/>\n<meta property=\"article:modified_time\" content=\"2026-01-19T11:49:47+00:00\" \/>\n<meta property=\"og:image\" content=\"https:\/\/mejordiagnosis.com\/tienda\/wp-content\/uploads\/2025\/02\/BOD8903A-0.jpg\" \/>\n\t<meta property=\"og:image:width\" content=\"653\" \/>\n\t<meta property=\"og:image:height\" content=\"1024\" \/>\n\t<meta property=\"og:image:type\" content=\"image\/jpeg\" \/>\n<script type=\"application\/ld+json\" class=\"yoast-schema-graph\">{\"@context\":\"https:\\\/\\\/schema.org\",\"@graph\":[{\"@type\":\"WebPage\",\"@id\":\"https:\\\/\\\/mejordiagnosis.com\\\/tienda\\\/producto\\\/bahco-recogedora-de-aceite-2-en-1-90-l-y-camara-inspeccion\\\/\",\"url\":\"https:\\\/\\\/mejordiagnosis.com\\\/tienda\\\/producto\\\/bahco-recogedora-de-aceite-2-en-1-90-l-y-camara-inspeccion\\\/\",\"name\":\"BAHCO - Recogedora de aceite 2 en 1 | Mejordiagnosis S.L\",\"isPartOf\":{\"@id\":\"https:\\\/\\\/mejordiagnosis.com\\\/tienda\\\/#website\"},\"primaryImageOfPage\":{\"@id\":\"https:\\\/\\\/mejordiagnosis.com\\\/tienda\\\/producto\\\/bahco-recogedora-de-aceite-2-en-1-90-l-y-camara-inspeccion\\\/#primaryimage\"},\"image\":{\"@id\":\"https:\\\/\\\/mejordiagnosis.com\\\/tienda\\\/producto\\\/bahco-recogedora-de-aceite-2-en-1-90-l-y-camara-inspeccion\\\/#primaryimage\"},\"thumbnailUrl\":\"https:\\\/\\\/mejordiagnosis.com\\\/tienda\\\/wp-content\\\/uploads\\\/2025\\\/02\\\/BOD8903A-0.jpg\",\"datePublished\":\"2025-02-07T10:42:44+00:00\",\"dateModified\":\"2026-01-19T11:49:47+00:00\",\"description\":\"BAHCO - Recogedora de aceite 2 en 1 con dep\u00f3sito de 90 L y c\u00e1mara de inspecci\u00f3n BOD8903A\",\"breadcrumb\":{\"@id\":\"https:\\\/\\\/mejordiagnosis.com\\\/tienda\\\/producto\\\/bahco-recogedora-de-aceite-2-en-1-90-l-y-camara-inspeccion\\\/#breadcrumb\"},\"inLanguage\":\"es\",\"potentialAction\":[{\"@type\":\"ReadAction\",\"target\":[\"https:\\\/\\\/mejordiagnosis.com\\\/tienda\\\/producto\\\/bahco-recogedora-de-aceite-2-en-1-90-l-y-camara-inspeccion\\\/\"]}]},{\"@type\":\"ImageObject\",\"inLanguage\":\"es\",\"@id\":\"https:\\\/\\\/mejordiagnosis.com\\\/tienda\\\/producto\\\/bahco-recogedora-de-aceite-2-en-1-90-l-y-camara-inspeccion\\\/#primaryimage\",\"url\":\"https:\\\/\\\/mejordiagnosis.com\\\/tienda\\\/wp-content\\\/uploads\\\/2025\\\/02\\\/BOD8903A-0.jpg\",\"contentUrl\":\"https:\\\/\\\/mejordiagnosis.com\\\/tienda\\\/wp-content\\\/uploads\\\/2025\\\/02\\\/BOD8903A-0.jpg\",\"width\":653,\"height\":1024},{\"@type\":\"BreadcrumbList\",\"@id\":\"https:\\\/\\\/mejordiagnosis.com\\\/tienda\\\/producto\\\/bahco-recogedora-de-aceite-2-en-1-90-l-y-camara-inspeccion\\\/#breadcrumb\",\"itemListElement\":[{\"@type\":\"ListItem\",\"position\":1,\"name\":\"Portada\",\"item\":\"https:\\\/\\\/mejordiagnosis.com\\\/tienda\\\/\"},{\"@type\":\"ListItem\",\"position\":2,\"name\":\"Tienda\",\"item\":\"https:\\\/\\\/mejordiagnosis.com\\\/tienda\\\/shop\\\/\"},{\"@type\":\"ListItem\",\"position\":3,\"name\":\"BAHCO &#8211; Recogedora de aceite 2 en 1\"}]},{\"@type\":\"WebSite\",\"@id\":\"https:\\\/\\\/mejordiagnosis.com\\\/tienda\\\/#website\",\"url\":\"https:\\\/\\\/mejordiagnosis.com\\\/tienda\\\/\",\"name\":\"Mejordiagnosis.com\",\"description\":\"Equipos de diagnosis para el autom&oacute;vil\",\"publisher\":{\"@id\":\"https:\\\/\\\/mejordiagnosis.com\\\/tienda\\\/#organization\"},\"alternateName\":\"Mejordiagnosisnm S.L\",\"potentialAction\":[{\"@type\":\"SearchAction\",\"target\":{\"@type\":\"EntryPoint\",\"urlTemplate\":\"https:\\\/\\\/mejordiagnosis.com\\\/tienda\\\/?s={search_term_string}\"},\"query-input\":{\"@type\":\"PropertyValueSpecification\",\"valueRequired\":true,\"valueName\":\"search_term_string\"}}],\"inLanguage\":\"es\"},{\"@type\":\"Organization\",\"@id\":\"https:\\\/\\\/mejordiagnosis.com\\\/tienda\\\/#organization\",\"name\":\"Mejordiagnosis S.L\",\"alternateName\":\"Mejor Diagnosis\",\"url\":\"https:\\\/\\\/mejordiagnosis.com\\\/tienda\\\/\",\"logo\":{\"@type\":\"ImageObject\",\"inLanguage\":\"es\",\"@id\":\"https:\\\/\\\/mejordiagnosis.com\\\/tienda\\\/#\\\/schema\\\/logo\\\/image\\\/\",\"url\":\"https:\\\/\\\/mejordiagnosis.com\\\/tienda\\\/wp-content\\\/uploads\\\/2025\\\/03\\\/cropped-cropped-cropped-cropped-logo-removebg-300x257-1.png\",\"contentUrl\":\"https:\\\/\\\/mejordiagnosis.com\\\/tienda\\\/wp-content\\\/uploads\\\/2025\\\/03\\\/cropped-cropped-cropped-cropped-logo-removebg-300x257-1.png\",\"width\":300,\"height\":257,\"caption\":\"Mejordiagnosis S.L\"},\"image\":{\"@id\":\"https:\\\/\\\/mejordiagnosis.com\\\/tienda\\\/#\\\/schema\\\/logo\\\/image\\\/\"},\"sameAs\":[\"https:\\\/\\\/www.facebook.com\\\/mejordiagnosis\\\/\",\"https:\\\/\\\/www.instagram.com\\\/mejor.diagnosis\\\/\",\"https:\\\/\\\/www.tiktok.com\\\/@mejor.diagnosis?lang=es\"]}]}<\/script>\n<!-- \/ Yoast SEO plugin. -->","yoast_head_json":{"title":"BAHCO - Recogedora de aceite 2 en 1 | Mejordiagnosis S.L","description":"BAHCO - Recogedora de aceite 2 en 1 con dep\u00f3sito de 90 L y c\u00e1mara de inspecci\u00f3n BOD8903A","robots":{"index":"noindex","follow":"follow"},"og_locale":"es_ES","og_type":"article","og_title":"BAHCO - Recogedora de aceite 2 en 1 | Mejordiagnosis S.L","og_description":"BAHCO - Recogedora de aceite 2 en 1 con dep\u00f3sito de 90 L y c\u00e1mara de inspecci\u00f3n BOD8903A","og_url":"https:\/\/mejordiagnosis.com\/tienda\/producto\/bahco-recogedora-de-aceite-2-en-1-90-l-y-camara-inspeccion\/","og_site_name":"Mejordiagnosis S.L","article_publisher":"https:\/\/www.facebook.com\/mejordiagnosis\/","article_modified_time":"2026-01-19T11:49:47+00:00","og_image":[{"width":653,"height":1024,"url":"https:\/\/mejordiagnosis.com\/tienda\/wp-content\/uploads\/2025\/02\/BOD8903A-0.jpg","type":"image\/jpeg"}],"schema":{"@context":"https:\/\/schema.org","@graph":[{"@type":"WebPage","@id":"https:\/\/mejordiagnosis.com\/tienda\/producto\/bahco-recogedora-de-aceite-2-en-1-90-l-y-camara-inspeccion\/","url":"https:\/\/mejordiagnosis.com\/tienda\/producto\/bahco-recogedora-de-aceite-2-en-1-90-l-y-camara-inspeccion\/","name":"BAHCO - Recogedora de aceite 2 en 1 | Mejordiagnosis S.L","isPartOf":{"@id":"https:\/\/mejordiagnosis.com\/tienda\/#website"},"primaryImageOfPage":{"@id":"https:\/\/mejordiagnosis.com\/tienda\/producto\/bahco-recogedora-de-aceite-2-en-1-90-l-y-camara-inspeccion\/#primaryimage"},"image":{"@id":"https:\/\/mejordiagnosis.com\/tienda\/producto\/bahco-recogedora-de-aceite-2-en-1-90-l-y-camara-inspeccion\/#primaryimage"},"thumbnailUrl":"https:\/\/mejordiagnosis.com\/tienda\/wp-content\/uploads\/2025\/02\/BOD8903A-0.jpg","datePublished":"2025-02-07T10:42:44+00:00","dateModified":"2026-01-19T11:49:47+00:00","description":"BAHCO - Recogedora de aceite 2 en 1 con dep\u00f3sito de 90 L y c\u00e1mara de inspecci\u00f3n BOD8903A","breadcrumb":{"@id":"https:\/\/mejordiagnosis.com\/tienda\/producto\/bahco-recogedora-de-aceite-2-en-1-90-l-y-camara-inspeccion\/#breadcrumb"},"inLanguage":"es","potentialAction":[{"@type":"ReadAction","target":["https:\/\/mejordiagnosis.com\/tienda\/producto\/bahco-recogedora-de-aceite-2-en-1-90-l-y-camara-inspeccion\/"]}]},{"@type":"ImageObject","inLanguage":"es","@id":"https:\/\/mejordiagnosis.com\/tienda\/producto\/bahco-recogedora-de-aceite-2-en-1-90-l-y-camara-inspeccion\/#primaryimage","url":"https:\/\/mejordiagnosis.com\/tienda\/wp-content\/uploads\/2025\/02\/BOD8903A-0.jpg","contentUrl":"https:\/\/mejordiagnosis.com\/tienda\/wp-content\/uploads\/2025\/02\/BOD8903A-0.jpg","width":653,"height":1024},{"@type":"BreadcrumbList","@id":"https:\/\/mejordiagnosis.com\/tienda\/producto\/bahco-recogedora-de-aceite-2-en-1-90-l-y-camara-inspeccion\/#breadcrumb","itemListElement":[{"@type":"ListItem","position":1,"name":"Portada","item":"https:\/\/mejordiagnosis.com\/tienda\/"},{"@type":"ListItem","position":2,"name":"Tienda","item":"https:\/\/mejordiagnosis.com\/tienda\/shop\/"},{"@type":"ListItem","position":3,"name":"BAHCO &#8211; Recogedora de aceite 2 en 1"}]},{"@type":"WebSite","@id":"https:\/\/mejordiagnosis.com\/tienda\/#website","url":"https:\/\/mejordiagnosis.com\/tienda\/","name":"Mejordiagnosis.com","description":"Equipos de diagnosis para el autom&oacute;vil","publisher":{"@id":"https:\/\/mejordiagnosis.com\/tienda\/#organization"},"alternateName":"Mejordiagnosisnm S.L","potentialAction":[{"@type":"SearchAction","target":{"@type":"EntryPoint","urlTemplate":"https:\/\/mejordiagnosis.com\/tienda\/?s={search_term_string}"},"query-input":{"@type":"PropertyValueSpecification","valueRequired":true,"valueName":"search_term_string"}}],"inLanguage":"es"},{"@type":"Organization","@id":"https:\/\/mejordiagnosis.com\/tienda\/#organization","name":"Mejordiagnosis S.L","alternateName":"Mejor Diagnosis","url":"https:\/\/mejordiagnosis.com\/tienda\/","logo":{"@type":"ImageObject","inLanguage":"es","@id":"https:\/\/mejordiagnosis.com\/tienda\/#\/schema\/logo\/image\/","url":"https:\/\/mejordiagnosis.com\/tienda\/wp-content\/uploads\/2025\/03\/cropped-cropped-cropped-cropped-logo-removebg-300x257-1.png","contentUrl":"https:\/\/mejordiagnosis.com\/tienda\/wp-content\/uploads\/2025\/03\/cropped-cropped-cropped-cropped-logo-removebg-300x257-1.png","width":300,"height":257,"caption":"Mejordiagnosis S.L"},"image":{"@id":"https:\/\/mejordiagnosis.com\/tienda\/#\/schema\/logo\/image\/"},"sameAs":["https:\/\/www.facebook.com\/mejordiagnosis\/","https:\/\/www.instagram.com\/mejor.diagnosis\/","https:\/\/www.tiktok.com\/@mejor.diagnosis?lang=es"]}]}},"_links":{"self":[{"href":"https:\/\/mejordiagnosis.com\/tienda\/wp-json\/wp\/v2\/product\/3360","targetHints":{"allow":["GET"]}}],"collection":[{"href":"https:\/\/mejordiagnosis.com\/tienda\/wp-json\/wp\/v2\/product"}],"about":[{"href":"https:\/\/mejordiagnosis.com\/tienda\/wp-json\/wp\/v2\/types\/product"}],"wp:featuredmedia":[{"embeddable":true,"href":"https:\/\/mejordiagnosis.com\/tienda\/wp-json\/wp\/v2\/media\/3361"}],"wp:attachment":[{"href":"https:\/\/mejordiagnosis.com\/tienda\/wp-json\/wp\/v2\/media?parent=3360"}],"wp:term":[{"taxonomy":"product_brand","embeddable":true,"href":"https:\/\/mejordiagnosis.com\/tienda\/wp-json\/wp\/v2\/product_brand?post=3360"},{"taxonomy":"product_cat","embeddable":true,"href":"https:\/\/mejordiagnosis.com\/tienda\/wp-json\/wp\/v2\/product_cat?post=3360"},{"taxonomy":"product_tag","embeddable":true,"href":"https:\/\/mejordiagnosis.com\/tienda\/wp-json\/wp\/v2\/product_tag?post=3360"}],"curies":[{"name":"wp","href":"https:\/\/api.w.org\/{rel}","templated":true}]}}