{"id":3316,"date":"2025-02-04T11:51:52","date_gmt":"2025-02-04T11:51:52","guid":{"rendered":"http:\/\/167.86.125.240:8082\/?post_type=product&#038;p=3316"},"modified":"2026-01-19T11:49:47","modified_gmt":"2026-01-19T11:49:47","slug":"irimo-llave-dinamometrica-de-disparo-ajustable-con-cabeza-fija-de-carraca","status":"publish","type":"product","link":"https:\/\/mejordiagnosis.com\/tienda\/producto\/irimo-llave-dinamometrica-de-disparo-ajustable-con-cabeza-fija-de-carraca\/","title":{"rendered":"IRIMO Llave dinamom\u00e9trica de disparo ajustable con cabeza fija de carraca"},"content":{"rendered":"<h4>Informaci\u00f3n t\u00e9cnica<\/h4>\n<p><img fetchpriority=\"high\" decoding=\"async\" class=\"aligncenter size-full wp-image-3317\" src=\"http:\/\/167.86.125.240:8082\/wp-content\/uploads\/2025\/02\/070411-070481-00.jpeg\" alt=\"\" width=\"1272\" height=\"365\" srcset=\"https:\/\/mejordiagnosis.com\/tienda\/wp-content\/uploads\/2025\/02\/070411-070481-00.jpeg 1272w, https:\/\/mejordiagnosis.com\/tienda\/wp-content\/uploads\/2025\/02\/070411-070481-00-300x86.jpeg 300w, https:\/\/mejordiagnosis.com\/tienda\/wp-content\/uploads\/2025\/02\/070411-070481-00-1024x294.jpeg 1024w, https:\/\/mejordiagnosis.com\/tienda\/wp-content\/uploads\/2025\/02\/070411-070481-00-768x220.jpeg 768w, https:\/\/mejordiagnosis.com\/tienda\/wp-content\/uploads\/2025\/02\/070411-070481-00-600x172.jpeg 600w\" sizes=\"(max-width: 1272px) 100vw, 1272px\" \/><\/p>\n","protected":false},"excerpt":{"rendered":"<div class=\"title\">Detalles del producto<\/div>\n<div class=\"item content\">\n<div class=\"product attribute details\">\n<ul class=\"product-details-list\">\n<li class=\"detail-item\">Precisi\u00f3n: \u00b1 4\u00a0% en sentido horario.<\/li>\n<li class=\"detail-item\">Cabeza\u00a0fija de carraca.<\/li>\n<li class=\"detail-item\">Carraca reversible con 45\u00a0dientes \/ \u00e1ngulo de acci\u00f3n de 8\u00b0.<\/li>\n<li class=\"detail-item\">Mango de pl\u00e1stico para mayor comodidad.<\/li>\n<li class=\"detail-item\">Norma: ISO\u00a06789:2003.<\/li>\n<li>Referencias: 070411-070481<\/li>\n<\/ul>\n<p><strong>NOTA: contacte con nosotros para adquirir este producto.<\/strong><\/p>\n<\/div>\n<\/div>\n","protected":false},"featured_media":3318,"template":"","meta":{"site-sidebar-layout":"default","site-content-layout":"","ast-site-content-layout":"default","site-content-style":"default","site-sidebar-style":"default","ast-global-header-display":"","ast-banner-title-visibility":"","ast-main-header-display":"","ast-hfb-above-header-display":"","ast-hfb-below-header-display":"","ast-hfb-mobile-header-display":"","site-post-title":"","ast-breadcrumbs-content":"","ast-featured-img":"","footer-sml-layout":"","ast-disable-related-posts":"","theme-transparent-header-meta":"default","adv-header-id-meta":"","stick-header-meta":"","header-above-stick-meta":"","header-main-stick-meta":"","header-below-stick-meta":"","astra-migrate-meta-layouts":"set","ast-page-background-enabled":"default","ast-page-background-meta":{"desktop":{"background-color":"var(--ast-global-color-4)","background-image":"","background-repeat":"repeat","background-position":"center center","background-size":"auto","background-attachment":"scroll","background-type":"","background-media":"","overlay-type":"","overlay-color":"","overlay-opacity":"","overlay-gradient":""},"tablet":{"background-color":"","background-image":"","background-repeat":"repeat","background-position":"center center","background-size":"auto","background-attachment":"scroll","background-type":"","background-media":"","overlay-type":"","overlay-color":"","overlay-opacity":"","overlay-gradient":""},"mobile":{"background-color":"","background-image":"","background-repeat":"repeat","background-position":"center center","background-size":"auto","background-attachment":"scroll","background-type":"","background-media":"","overlay-type":"","overlay-color":"","overlay-opacity":"","overlay-gradient":""}},"ast-content-background-meta":{"desktop":{"background-color":"var(--ast-global-color-5)","background-image":"","background-repeat":"repeat","background-position":"center center","background-size":"auto","background-attachment":"scroll","background-type":"","background-media":"","overlay-type":"","overlay-color":"","overlay-opacity":"","overlay-gradient":""},"tablet":{"background-color":"var(--ast-global-color-5)","background-image":"","background-repeat":"repeat","background-position":"center center","background-size":"auto","background-attachment":"scroll","background-type":"","background-media":"","overlay-type":"","overlay-color":"","overlay-opacity":"","overlay-gradient":""},"mobile":{"background-color":"var(--ast-global-color-5)","background-image":"","background-repeat":"repeat","background-position":"center center","background-size":"auto","background-attachment":"scroll","background-type":"","background-media":"","overlay-type":"","overlay-color":"","overlay-opacity":"","overlay-gradient":""}}},"product_brand":[290],"product_cat":[50],"product_tag":[],"class_list":{"0":"post-3316","1":"product","2":"type-product","3":"status-publish","4":"has-post-thumbnail","6":"product_brand-irimo","7":"product_cat-herramientas-de-mano","8":"product_shipping_class-peso-mediano","9":"desktop-align-left","10":"tablet-align-left","11":"mobile-align-left","13":"first","14":"instock","15":"taxable","16":"shipping-taxable","17":"product-type-simple"},"yoast_head":"<!-- This site is optimized with the Yoast SEO plugin v27.4 - https:\/\/yoast.com\/product\/yoast-seo-wordpress\/ -->\n<title>IRIMO Llave dinamom\u00e9trica de disparo ajustable con cabeza fija de carraca | Mejordiagnosis S.L<\/title>\n<meta name=\"description\" content=\"IRIMO Llave dinamom\u00e9trica de disparo ajustable con cabeza fija de carraca\" \/>\n<meta name=\"robots\" content=\"noindex, follow\" \/>\n<meta property=\"og:locale\" content=\"es_ES\" \/>\n<meta property=\"og:type\" content=\"article\" \/>\n<meta property=\"og:title\" content=\"IRIMO Llave dinamom\u00e9trica de disparo ajustable con cabeza fija de carraca | Mejordiagnosis S.L\" \/>\n<meta property=\"og:description\" content=\"IRIMO Llave dinamom\u00e9trica de disparo ajustable con cabeza fija de carraca\" \/>\n<meta property=\"og:url\" content=\"https:\/\/mejordiagnosis.com\/tienda\/producto\/irimo-llave-dinamometrica-de-disparo-ajustable-con-cabeza-fija-de-carraca\/\" \/>\n<meta property=\"og:site_name\" content=\"Mejordiagnosis S.L\" \/>\n<meta property=\"article:publisher\" content=\"https:\/\/www.facebook.com\/mejordiagnosis\/\" \/>\n<meta property=\"article:modified_time\" content=\"2026-01-19T11:49:47+00:00\" \/>\n<meta property=\"og:image\" content=\"https:\/\/mejordiagnosis.com\/tienda\/wp-content\/uploads\/2025\/02\/070411-070481-05.jpeg\" \/>\n\t<meta property=\"og:image:width\" content=\"953\" \/>\n\t<meta property=\"og:image:height\" content=\"604\" \/>\n\t<meta property=\"og:image:type\" content=\"image\/jpeg\" \/>\n<script type=\"application\/ld+json\" class=\"yoast-schema-graph\">{\"@context\":\"https:\\\/\\\/schema.org\",\"@graph\":[{\"@type\":\"WebPage\",\"@id\":\"https:\\\/\\\/mejordiagnosis.com\\\/tienda\\\/producto\\\/irimo-llave-dinamometrica-de-disparo-ajustable-con-cabeza-fija-de-carraca\\\/\",\"url\":\"https:\\\/\\\/mejordiagnosis.com\\\/tienda\\\/producto\\\/irimo-llave-dinamometrica-de-disparo-ajustable-con-cabeza-fija-de-carraca\\\/\",\"name\":\"IRIMO Llave dinamom\u00e9trica de disparo ajustable con cabeza fija de carraca | Mejordiagnosis S.L\",\"isPartOf\":{\"@id\":\"https:\\\/\\\/mejordiagnosis.com\\\/tienda\\\/#website\"},\"primaryImageOfPage\":{\"@id\":\"https:\\\/\\\/mejordiagnosis.com\\\/tienda\\\/producto\\\/irimo-llave-dinamometrica-de-disparo-ajustable-con-cabeza-fija-de-carraca\\\/#primaryimage\"},\"image\":{\"@id\":\"https:\\\/\\\/mejordiagnosis.com\\\/tienda\\\/producto\\\/irimo-llave-dinamometrica-de-disparo-ajustable-con-cabeza-fija-de-carraca\\\/#primaryimage\"},\"thumbnailUrl\":\"https:\\\/\\\/mejordiagnosis.com\\\/tienda\\\/wp-content\\\/uploads\\\/2025\\\/02\\\/070411-070481-05.jpeg\",\"datePublished\":\"2025-02-04T11:51:52+00:00\",\"dateModified\":\"2026-01-19T11:49:47+00:00\",\"description\":\"IRIMO Llave dinamom\u00e9trica de disparo ajustable con cabeza fija de carraca\",\"breadcrumb\":{\"@id\":\"https:\\\/\\\/mejordiagnosis.com\\\/tienda\\\/producto\\\/irimo-llave-dinamometrica-de-disparo-ajustable-con-cabeza-fija-de-carraca\\\/#breadcrumb\"},\"inLanguage\":\"es\",\"potentialAction\":[{\"@type\":\"ReadAction\",\"target\":[\"https:\\\/\\\/mejordiagnosis.com\\\/tienda\\\/producto\\\/irimo-llave-dinamometrica-de-disparo-ajustable-con-cabeza-fija-de-carraca\\\/\"]}]},{\"@type\":\"ImageObject\",\"inLanguage\":\"es\",\"@id\":\"https:\\\/\\\/mejordiagnosis.com\\\/tienda\\\/producto\\\/irimo-llave-dinamometrica-de-disparo-ajustable-con-cabeza-fija-de-carraca\\\/#primaryimage\",\"url\":\"https:\\\/\\\/mejordiagnosis.com\\\/tienda\\\/wp-content\\\/uploads\\\/2025\\\/02\\\/070411-070481-05.jpeg\",\"contentUrl\":\"https:\\\/\\\/mejordiagnosis.com\\\/tienda\\\/wp-content\\\/uploads\\\/2025\\\/02\\\/070411-070481-05.jpeg\",\"width\":953,\"height\":604},{\"@type\":\"BreadcrumbList\",\"@id\":\"https:\\\/\\\/mejordiagnosis.com\\\/tienda\\\/producto\\\/irimo-llave-dinamometrica-de-disparo-ajustable-con-cabeza-fija-de-carraca\\\/#breadcrumb\",\"itemListElement\":[{\"@type\":\"ListItem\",\"position\":1,\"name\":\"Portada\",\"item\":\"https:\\\/\\\/mejordiagnosis.com\\\/tienda\\\/\"},{\"@type\":\"ListItem\",\"position\":2,\"name\":\"Tienda\",\"item\":\"https:\\\/\\\/mejordiagnosis.com\\\/tienda\\\/shop\\\/\"},{\"@type\":\"ListItem\",\"position\":3,\"name\":\"IRIMO Llave dinamom\u00e9trica de disparo ajustable con cabeza fija de carraca\"}]},{\"@type\":\"WebSite\",\"@id\":\"https:\\\/\\\/mejordiagnosis.com\\\/tienda\\\/#website\",\"url\":\"https:\\\/\\\/mejordiagnosis.com\\\/tienda\\\/\",\"name\":\"Mejordiagnosis.com\",\"description\":\"Equipos de diagnosis para el autom&oacute;vil\",\"publisher\":{\"@id\":\"https:\\\/\\\/mejordiagnosis.com\\\/tienda\\\/#organization\"},\"alternateName\":\"Mejordiagnosisnm S.L\",\"potentialAction\":[{\"@type\":\"SearchAction\",\"target\":{\"@type\":\"EntryPoint\",\"urlTemplate\":\"https:\\\/\\\/mejordiagnosis.com\\\/tienda\\\/?s={search_term_string}\"},\"query-input\":{\"@type\":\"PropertyValueSpecification\",\"valueRequired\":true,\"valueName\":\"search_term_string\"}}],\"inLanguage\":\"es\"},{\"@type\":\"Organization\",\"@id\":\"https:\\\/\\\/mejordiagnosis.com\\\/tienda\\\/#organization\",\"name\":\"Mejordiagnosis S.L\",\"alternateName\":\"Mejor Diagnosis\",\"url\":\"https:\\\/\\\/mejordiagnosis.com\\\/tienda\\\/\",\"logo\":{\"@type\":\"ImageObject\",\"inLanguage\":\"es\",\"@id\":\"https:\\\/\\\/mejordiagnosis.com\\\/tienda\\\/#\\\/schema\\\/logo\\\/image\\\/\",\"url\":\"https:\\\/\\\/mejordiagnosis.com\\\/tienda\\\/wp-content\\\/uploads\\\/2025\\\/03\\\/cropped-cropped-cropped-cropped-logo-removebg-300x257-1.png\",\"contentUrl\":\"https:\\\/\\\/mejordiagnosis.com\\\/tienda\\\/wp-content\\\/uploads\\\/2025\\\/03\\\/cropped-cropped-cropped-cropped-logo-removebg-300x257-1.png\",\"width\":300,\"height\":257,\"caption\":\"Mejordiagnosis S.L\"},\"image\":{\"@id\":\"https:\\\/\\\/mejordiagnosis.com\\\/tienda\\\/#\\\/schema\\\/logo\\\/image\\\/\"},\"sameAs\":[\"https:\\\/\\\/www.facebook.com\\\/mejordiagnosis\\\/\",\"https:\\\/\\\/www.instagram.com\\\/mejor.diagnosis\\\/\",\"https:\\\/\\\/www.tiktok.com\\\/@mejor.diagnosis?lang=es\"]}]}<\/script>\n<!-- \/ Yoast SEO plugin. -->","yoast_head_json":{"title":"IRIMO Llave dinamom\u00e9trica de disparo ajustable con cabeza fija de carraca | Mejordiagnosis S.L","description":"IRIMO Llave dinamom\u00e9trica de disparo ajustable con cabeza fija de carraca","robots":{"index":"noindex","follow":"follow"},"og_locale":"es_ES","og_type":"article","og_title":"IRIMO Llave dinamom\u00e9trica de disparo ajustable con cabeza fija de carraca | Mejordiagnosis S.L","og_description":"IRIMO Llave dinamom\u00e9trica de disparo ajustable con cabeza fija de carraca","og_url":"https:\/\/mejordiagnosis.com\/tienda\/producto\/irimo-llave-dinamometrica-de-disparo-ajustable-con-cabeza-fija-de-carraca\/","og_site_name":"Mejordiagnosis S.L","article_publisher":"https:\/\/www.facebook.com\/mejordiagnosis\/","article_modified_time":"2026-01-19T11:49:47+00:00","og_image":[{"width":953,"height":604,"url":"https:\/\/mejordiagnosis.com\/tienda\/wp-content\/uploads\/2025\/02\/070411-070481-05.jpeg","type":"image\/jpeg"}],"schema":{"@context":"https:\/\/schema.org","@graph":[{"@type":"WebPage","@id":"https:\/\/mejordiagnosis.com\/tienda\/producto\/irimo-llave-dinamometrica-de-disparo-ajustable-con-cabeza-fija-de-carraca\/","url":"https:\/\/mejordiagnosis.com\/tienda\/producto\/irimo-llave-dinamometrica-de-disparo-ajustable-con-cabeza-fija-de-carraca\/","name":"IRIMO Llave dinamom\u00e9trica de disparo ajustable con cabeza fija de carraca | Mejordiagnosis S.L","isPartOf":{"@id":"https:\/\/mejordiagnosis.com\/tienda\/#website"},"primaryImageOfPage":{"@id":"https:\/\/mejordiagnosis.com\/tienda\/producto\/irimo-llave-dinamometrica-de-disparo-ajustable-con-cabeza-fija-de-carraca\/#primaryimage"},"image":{"@id":"https:\/\/mejordiagnosis.com\/tienda\/producto\/irimo-llave-dinamometrica-de-disparo-ajustable-con-cabeza-fija-de-carraca\/#primaryimage"},"thumbnailUrl":"https:\/\/mejordiagnosis.com\/tienda\/wp-content\/uploads\/2025\/02\/070411-070481-05.jpeg","datePublished":"2025-02-04T11:51:52+00:00","dateModified":"2026-01-19T11:49:47+00:00","description":"IRIMO Llave dinamom\u00e9trica de disparo ajustable con cabeza fija de carraca","breadcrumb":{"@id":"https:\/\/mejordiagnosis.com\/tienda\/producto\/irimo-llave-dinamometrica-de-disparo-ajustable-con-cabeza-fija-de-carraca\/#breadcrumb"},"inLanguage":"es","potentialAction":[{"@type":"ReadAction","target":["https:\/\/mejordiagnosis.com\/tienda\/producto\/irimo-llave-dinamometrica-de-disparo-ajustable-con-cabeza-fija-de-carraca\/"]}]},{"@type":"ImageObject","inLanguage":"es","@id":"https:\/\/mejordiagnosis.com\/tienda\/producto\/irimo-llave-dinamometrica-de-disparo-ajustable-con-cabeza-fija-de-carraca\/#primaryimage","url":"https:\/\/mejordiagnosis.com\/tienda\/wp-content\/uploads\/2025\/02\/070411-070481-05.jpeg","contentUrl":"https:\/\/mejordiagnosis.com\/tienda\/wp-content\/uploads\/2025\/02\/070411-070481-05.jpeg","width":953,"height":604},{"@type":"BreadcrumbList","@id":"https:\/\/mejordiagnosis.com\/tienda\/producto\/irimo-llave-dinamometrica-de-disparo-ajustable-con-cabeza-fija-de-carraca\/#breadcrumb","itemListElement":[{"@type":"ListItem","position":1,"name":"Portada","item":"https:\/\/mejordiagnosis.com\/tienda\/"},{"@type":"ListItem","position":2,"name":"Tienda","item":"https:\/\/mejordiagnosis.com\/tienda\/shop\/"},{"@type":"ListItem","position":3,"name":"IRIMO Llave dinamom\u00e9trica de disparo ajustable con cabeza fija de carraca"}]},{"@type":"WebSite","@id":"https:\/\/mejordiagnosis.com\/tienda\/#website","url":"https:\/\/mejordiagnosis.com\/tienda\/","name":"Mejordiagnosis.com","description":"Equipos de diagnosis para el autom&oacute;vil","publisher":{"@id":"https:\/\/mejordiagnosis.com\/tienda\/#organization"},"alternateName":"Mejordiagnosisnm S.L","potentialAction":[{"@type":"SearchAction","target":{"@type":"EntryPoint","urlTemplate":"https:\/\/mejordiagnosis.com\/tienda\/?s={search_term_string}"},"query-input":{"@type":"PropertyValueSpecification","valueRequired":true,"valueName":"search_term_string"}}],"inLanguage":"es"},{"@type":"Organization","@id":"https:\/\/mejordiagnosis.com\/tienda\/#organization","name":"Mejordiagnosis S.L","alternateName":"Mejor Diagnosis","url":"https:\/\/mejordiagnosis.com\/tienda\/","logo":{"@type":"ImageObject","inLanguage":"es","@id":"https:\/\/mejordiagnosis.com\/tienda\/#\/schema\/logo\/image\/","url":"https:\/\/mejordiagnosis.com\/tienda\/wp-content\/uploads\/2025\/03\/cropped-cropped-cropped-cropped-logo-removebg-300x257-1.png","contentUrl":"https:\/\/mejordiagnosis.com\/tienda\/wp-content\/uploads\/2025\/03\/cropped-cropped-cropped-cropped-logo-removebg-300x257-1.png","width":300,"height":257,"caption":"Mejordiagnosis S.L"},"image":{"@id":"https:\/\/mejordiagnosis.com\/tienda\/#\/schema\/logo\/image\/"},"sameAs":["https:\/\/www.facebook.com\/mejordiagnosis\/","https:\/\/www.instagram.com\/mejor.diagnosis\/","https:\/\/www.tiktok.com\/@mejor.diagnosis?lang=es"]}]}},"_links":{"self":[{"href":"https:\/\/mejordiagnosis.com\/tienda\/wp-json\/wp\/v2\/product\/3316","targetHints":{"allow":["GET"]}}],"collection":[{"href":"https:\/\/mejordiagnosis.com\/tienda\/wp-json\/wp\/v2\/product"}],"about":[{"href":"https:\/\/mejordiagnosis.com\/tienda\/wp-json\/wp\/v2\/types\/product"}],"wp:featuredmedia":[{"embeddable":true,"href":"https:\/\/mejordiagnosis.com\/tienda\/wp-json\/wp\/v2\/media\/3318"}],"wp:attachment":[{"href":"https:\/\/mejordiagnosis.com\/tienda\/wp-json\/wp\/v2\/media?parent=3316"}],"wp:term":[{"taxonomy":"product_brand","embeddable":true,"href":"https:\/\/mejordiagnosis.com\/tienda\/wp-json\/wp\/v2\/product_brand?post=3316"},{"taxonomy":"product_cat","embeddable":true,"href":"https:\/\/mejordiagnosis.com\/tienda\/wp-json\/wp\/v2\/product_cat?post=3316"},{"taxonomy":"product_tag","embeddable":true,"href":"https:\/\/mejordiagnosis.com\/tienda\/wp-json\/wp\/v2\/product_tag?post=3316"}],"curies":[{"name":"wp","href":"https:\/\/api.w.org\/{rel}","templated":true}]}}