{"id":3219,"date":"2025-01-28T10:46:43","date_gmt":"2025-01-28T10:46:43","guid":{"rendered":"http:\/\/167.86.125.240:8082\/?post_type=product&#038;p=3219"},"modified":"2026-01-19T11:49:45","modified_gmt":"2026-01-19T11:49:45","slug":"magic-kit-universal-magbench-full","status":"publish","type":"product","link":"https:\/\/mejordiagnosis.com\/tienda\/producto\/magic-kit-universal-magbench-full\/","title":{"rendered":"Magic Kit Universal MAGBench FULL"},"content":{"rendered":"<h5>MAGBench: conexiones estables y precisas<\/h5>\n<p>Conecte ECUs y TCUs de forma estable y precisa en los modos Boot, BDM y Jtag. MAGBench es la herramienta de plantilla de Magicmotorsport dise\u00f1ada para realizar conexiones seguras a las unidades electr\u00f3nicas de los veh\u00edculos.<\/p>\n<p>Gracias a su panel superior patentado y a sus 56 orificios de posicionamiento, tambi\u00e9n puede conectarse a las unidades de control de veh\u00edculos pesados. Una herramienta indispensable para su taller de mecatr\u00f3nica.<\/p>\n<p>La base en la que se coloca la unidad electr\u00f3nica est\u00e1 iluminada con LED, para que pueda trabajar con mayor precisi\u00f3n y seguridad.<\/p>\n<p>El panel superior est\u00e1 equipado con un mecanismo de elevaci\u00f3n anal\u00f3gico. Las ocho sondas est\u00e1n coloreadas y codificadas como los cables de referencia para facilitar la conexi\u00f3n a las ECUs en modo Bootloader.<\/p>\n<h5>La soluci\u00f3n completa<\/h5>\n<p>Kit Universal MAGBench FULL incluye:<\/p>\n<ul>\n<li>FLK08 &#8211; Esta herramienta profesional permite la conexi\u00f3n con cualquier ECU gracias a su panel superior ranurado y sondas pogo pin.<\/li>\n<li>FLK04 &#8211; Kit adaptador para programaci\u00f3n BDM de ECUs Bosch, Siemens, Marelli y Delphi.<\/li>\n<li>FLX4.10 &#8211; Brazo articulado para FLEXible Bench.<\/li>\n<li>FLX4.10G &#8211; Este adaptador permite la programaci\u00f3n de veh\u00edculos del grupo Toyota (incluido Denso 175822-xxx).<\/li>\n<\/ul>\n","protected":false},"excerpt":{"rendered":"<div class=\"product-info-stock-sku\">\n<div class=\"product attribute sku\">\n<p>MAGBench es el banco universal BDM o herramienta para montaje (Jig) producida por Magicmotorsport. Permite realizar conexiones estables con unidades de control de motor y unidades de transmisi\u00f3n autom\u00e1tica en los modos Boot, JTAG y BDM.<\/p>\n<p>Este kit incluye:<br \/>\n&#8211; herramienta principal<br \/>\n&#8211; kit adaptador para programaci\u00f3n BDM<br \/>\n&#8211; Brazo articulado<br \/>\n&#8211; Adaptador Toyota<\/p>\n<\/div>\n<\/div>\n<p>SKU: FLK10<\/p>\n<h6>NOTA: contacte con nosotros para adquirir este producto.<\/h6>\n","protected":false},"featured_media":3220,"template":"","meta":{"site-sidebar-layout":"default","site-content-layout":"","ast-site-content-layout":"default","site-content-style":"default","site-sidebar-style":"default","ast-global-header-display":"","ast-banner-title-visibility":"","ast-main-header-display":"","ast-hfb-above-header-display":"","ast-hfb-below-header-display":"","ast-hfb-mobile-header-display":"","site-post-title":"","ast-breadcrumbs-content":"","ast-featured-img":"","footer-sml-layout":"","ast-disable-related-posts":"","theme-transparent-header-meta":"default","adv-header-id-meta":"","stick-header-meta":"","header-above-stick-meta":"","header-main-stick-meta":"","header-below-stick-meta":"","astra-migrate-meta-layouts":"set","ast-page-background-enabled":"default","ast-page-background-meta":{"desktop":{"background-color":"var(--ast-global-color-4)","background-image":"","background-repeat":"repeat","background-position":"center center","background-size":"auto","background-attachment":"scroll","background-type":"","background-media":"","overlay-type":"","overlay-color":"","overlay-opacity":"","overlay-gradient":""},"tablet":{"background-color":"","background-image":"","background-repeat":"repeat","background-position":"center center","background-size":"auto","background-attachment":"scroll","background-type":"","background-media":"","overlay-type":"","overlay-color":"","overlay-opacity":"","overlay-gradient":""},"mobile":{"background-color":"","background-image":"","background-repeat":"repeat","background-position":"center center","background-size":"auto","background-attachment":"scroll","background-type":"","background-media":"","overlay-type":"","overlay-color":"","overlay-opacity":"","overlay-gradient":""}},"ast-content-background-meta":{"desktop":{"background-color":"var(--ast-global-color-5)","background-image":"","background-repeat":"repeat","background-position":"center center","background-size":"auto","background-attachment":"scroll","background-type":"","background-media":"","overlay-type":"","overlay-color":"","overlay-opacity":"","overlay-gradient":""},"tablet":{"background-color":"var(--ast-global-color-5)","background-image":"","background-repeat":"repeat","background-position":"center center","background-size":"auto","background-attachment":"scroll","background-type":"","background-media":"","overlay-type":"","overlay-color":"","overlay-opacity":"","overlay-gradient":""},"mobile":{"background-color":"var(--ast-global-color-5)","background-image":"","background-repeat":"repeat","background-position":"center center","background-size":"auto","background-attachment":"scroll","background-type":"","background-media":"","overlay-type":"","overlay-color":"","overlay-opacity":"","overlay-gradient":""}}},"product_brand":[279],"product_cat":[280],"product_tag":[283,120,284,134,104,115,121],"class_list":{"0":"post-3219","1":"product","2":"type-product","3":"status-publish","4":"has-post-thumbnail","6":"product_brand-magic-motorsport","7":"product_cat-magic-motorsport","8":"product_tag-chiptuning","9":"product_tag-diagnosis","10":"product_tag-ecu","11":"product_tag-mcu","12":"product_tag-multimarca","13":"product_tag-reset","14":"product_tag-tiempo-real","15":"product_shipping_class-peso-mediano","16":"desktop-align-left","17":"tablet-align-left","18":"mobile-align-left","20":"first","21":"instock","22":"taxable","23":"shipping-taxable","24":"product-type-simple"},"yoast_head":"<!-- This site is optimized with the Yoast SEO plugin v27.4 - https:\/\/yoast.com\/product\/yoast-seo-wordpress\/ -->\n<title>Magic Kit Universal MAGBench FULL | Mejordiagnosis S.L<\/title>\n<meta name=\"description\" content=\"MAGBench es el banco universal BDM o herramienta para montaje (Jig) producida por Magicmotorsport. Permite realizar conexiones estables con unidades de control de motor y unidades de transmisi\u00f3n autom\u00e1tica en los modos Boot, JTAG y BDM\" \/>\n<meta name=\"robots\" content=\"noindex, follow\" \/>\n<meta property=\"og:locale\" content=\"es_ES\" \/>\n<meta property=\"og:type\" content=\"article\" \/>\n<meta property=\"og:title\" content=\"Magic Kit Universal MAGBench FULL | Mejordiagnosis S.L\" \/>\n<meta property=\"og:description\" content=\"MAGBench es el banco universal BDM o herramienta para montaje (Jig) producida por Magicmotorsport. Permite realizar conexiones estables con unidades de control de motor y unidades de transmisi\u00f3n autom\u00e1tica en los modos Boot, JTAG y BDM\" \/>\n<meta property=\"og:url\" content=\"https:\/\/mejordiagnosis.com\/tienda\/producto\/magic-kit-universal-magbench-full\/\" \/>\n<meta property=\"og:site_name\" content=\"Mejordiagnosis S.L\" \/>\n<meta property=\"article:publisher\" content=\"https:\/\/www.facebook.com\/mejordiagnosis\/\" \/>\n<meta property=\"article:modified_time\" content=\"2026-01-19T11:49:45+00:00\" \/>\n<meta property=\"og:image\" content=\"https:\/\/mejordiagnosis.com\/tienda\/wp-content\/uploads\/2025\/01\/FLK10-P_1.jpg\" \/>\n\t<meta property=\"og:image:width\" content=\"600\" \/>\n\t<meta property=\"og:image:height\" content=\"600\" \/>\n\t<meta property=\"og:image:type\" content=\"image\/jpeg\" \/>\n<script type=\"application\/ld+json\" class=\"yoast-schema-graph\">{\"@context\":\"https:\\\/\\\/schema.org\",\"@graph\":[{\"@type\":\"WebPage\",\"@id\":\"https:\\\/\\\/mejordiagnosis.com\\\/tienda\\\/producto\\\/magic-kit-universal-magbench-full\\\/\",\"url\":\"https:\\\/\\\/mejordiagnosis.com\\\/tienda\\\/producto\\\/magic-kit-universal-magbench-full\\\/\",\"name\":\"Magic Kit Universal MAGBench FULL | Mejordiagnosis S.L\",\"isPartOf\":{\"@id\":\"https:\\\/\\\/mejordiagnosis.com\\\/tienda\\\/#website\"},\"primaryImageOfPage\":{\"@id\":\"https:\\\/\\\/mejordiagnosis.com\\\/tienda\\\/producto\\\/magic-kit-universal-magbench-full\\\/#primaryimage\"},\"image\":{\"@id\":\"https:\\\/\\\/mejordiagnosis.com\\\/tienda\\\/producto\\\/magic-kit-universal-magbench-full\\\/#primaryimage\"},\"thumbnailUrl\":\"https:\\\/\\\/mejordiagnosis.com\\\/tienda\\\/wp-content\\\/uploads\\\/2025\\\/01\\\/FLK10-P_1.jpg\",\"datePublished\":\"2025-01-28T10:46:43+00:00\",\"dateModified\":\"2026-01-19T11:49:45+00:00\",\"description\":\"MAGBench es el banco universal BDM o herramienta para montaje (Jig) producida por Magicmotorsport. Permite realizar conexiones estables con unidades de control de motor y unidades de transmisi\u00f3n autom\u00e1tica en los modos Boot, JTAG y BDM\",\"breadcrumb\":{\"@id\":\"https:\\\/\\\/mejordiagnosis.com\\\/tienda\\\/producto\\\/magic-kit-universal-magbench-full\\\/#breadcrumb\"},\"inLanguage\":\"es\",\"potentialAction\":[{\"@type\":\"ReadAction\",\"target\":[\"https:\\\/\\\/mejordiagnosis.com\\\/tienda\\\/producto\\\/magic-kit-universal-magbench-full\\\/\"]}]},{\"@type\":\"ImageObject\",\"inLanguage\":\"es\",\"@id\":\"https:\\\/\\\/mejordiagnosis.com\\\/tienda\\\/producto\\\/magic-kit-universal-magbench-full\\\/#primaryimage\",\"url\":\"https:\\\/\\\/mejordiagnosis.com\\\/tienda\\\/wp-content\\\/uploads\\\/2025\\\/01\\\/FLK10-P_1.jpg\",\"contentUrl\":\"https:\\\/\\\/mejordiagnosis.com\\\/tienda\\\/wp-content\\\/uploads\\\/2025\\\/01\\\/FLK10-P_1.jpg\",\"width\":600,\"height\":600},{\"@type\":\"BreadcrumbList\",\"@id\":\"https:\\\/\\\/mejordiagnosis.com\\\/tienda\\\/producto\\\/magic-kit-universal-magbench-full\\\/#breadcrumb\",\"itemListElement\":[{\"@type\":\"ListItem\",\"position\":1,\"name\":\"Portada\",\"item\":\"https:\\\/\\\/mejordiagnosis.com\\\/tienda\\\/\"},{\"@type\":\"ListItem\",\"position\":2,\"name\":\"Tienda\",\"item\":\"https:\\\/\\\/mejordiagnosis.com\\\/tienda\\\/shop\\\/\"},{\"@type\":\"ListItem\",\"position\":3,\"name\":\"Magic Kit Universal MAGBench FULL\"}]},{\"@type\":\"WebSite\",\"@id\":\"https:\\\/\\\/mejordiagnosis.com\\\/tienda\\\/#website\",\"url\":\"https:\\\/\\\/mejordiagnosis.com\\\/tienda\\\/\",\"name\":\"Mejordiagnosis.com\",\"description\":\"Equipos de diagnosis para el autom&oacute;vil\",\"publisher\":{\"@id\":\"https:\\\/\\\/mejordiagnosis.com\\\/tienda\\\/#organization\"},\"alternateName\":\"Mejordiagnosisnm S.L\",\"potentialAction\":[{\"@type\":\"SearchAction\",\"target\":{\"@type\":\"EntryPoint\",\"urlTemplate\":\"https:\\\/\\\/mejordiagnosis.com\\\/tienda\\\/?s={search_term_string}\"},\"query-input\":{\"@type\":\"PropertyValueSpecification\",\"valueRequired\":true,\"valueName\":\"search_term_string\"}}],\"inLanguage\":\"es\"},{\"@type\":\"Organization\",\"@id\":\"https:\\\/\\\/mejordiagnosis.com\\\/tienda\\\/#organization\",\"name\":\"Mejordiagnosis S.L\",\"alternateName\":\"Mejor Diagnosis\",\"url\":\"https:\\\/\\\/mejordiagnosis.com\\\/tienda\\\/\",\"logo\":{\"@type\":\"ImageObject\",\"inLanguage\":\"es\",\"@id\":\"https:\\\/\\\/mejordiagnosis.com\\\/tienda\\\/#\\\/schema\\\/logo\\\/image\\\/\",\"url\":\"https:\\\/\\\/mejordiagnosis.com\\\/tienda\\\/wp-content\\\/uploads\\\/2025\\\/03\\\/cropped-cropped-cropped-cropped-logo-removebg-300x257-1.png\",\"contentUrl\":\"https:\\\/\\\/mejordiagnosis.com\\\/tienda\\\/wp-content\\\/uploads\\\/2025\\\/03\\\/cropped-cropped-cropped-cropped-logo-removebg-300x257-1.png\",\"width\":300,\"height\":257,\"caption\":\"Mejordiagnosis S.L\"},\"image\":{\"@id\":\"https:\\\/\\\/mejordiagnosis.com\\\/tienda\\\/#\\\/schema\\\/logo\\\/image\\\/\"},\"sameAs\":[\"https:\\\/\\\/www.facebook.com\\\/mejordiagnosis\\\/\",\"https:\\\/\\\/www.instagram.com\\\/mejor.diagnosis\\\/\",\"https:\\\/\\\/www.tiktok.com\\\/@mejor.diagnosis?lang=es\"]}]}<\/script>\n<!-- \/ Yoast SEO plugin. -->","yoast_head_json":{"title":"Magic Kit Universal MAGBench FULL | Mejordiagnosis S.L","description":"MAGBench es el banco universal BDM o herramienta para montaje (Jig) producida por Magicmotorsport. Permite realizar conexiones estables con unidades de control de motor y unidades de transmisi\u00f3n autom\u00e1tica en los modos Boot, JTAG y BDM","robots":{"index":"noindex","follow":"follow"},"og_locale":"es_ES","og_type":"article","og_title":"Magic Kit Universal MAGBench FULL | Mejordiagnosis S.L","og_description":"MAGBench es el banco universal BDM o herramienta para montaje (Jig) producida por Magicmotorsport. Permite realizar conexiones estables con unidades de control de motor y unidades de transmisi\u00f3n autom\u00e1tica en los modos Boot, JTAG y BDM","og_url":"https:\/\/mejordiagnosis.com\/tienda\/producto\/magic-kit-universal-magbench-full\/","og_site_name":"Mejordiagnosis S.L","article_publisher":"https:\/\/www.facebook.com\/mejordiagnosis\/","article_modified_time":"2026-01-19T11:49:45+00:00","og_image":[{"width":600,"height":600,"url":"https:\/\/mejordiagnosis.com\/tienda\/wp-content\/uploads\/2025\/01\/FLK10-P_1.jpg","type":"image\/jpeg"}],"schema":{"@context":"https:\/\/schema.org","@graph":[{"@type":"WebPage","@id":"https:\/\/mejordiagnosis.com\/tienda\/producto\/magic-kit-universal-magbench-full\/","url":"https:\/\/mejordiagnosis.com\/tienda\/producto\/magic-kit-universal-magbench-full\/","name":"Magic Kit Universal MAGBench FULL | Mejordiagnosis S.L","isPartOf":{"@id":"https:\/\/mejordiagnosis.com\/tienda\/#website"},"primaryImageOfPage":{"@id":"https:\/\/mejordiagnosis.com\/tienda\/producto\/magic-kit-universal-magbench-full\/#primaryimage"},"image":{"@id":"https:\/\/mejordiagnosis.com\/tienda\/producto\/magic-kit-universal-magbench-full\/#primaryimage"},"thumbnailUrl":"https:\/\/mejordiagnosis.com\/tienda\/wp-content\/uploads\/2025\/01\/FLK10-P_1.jpg","datePublished":"2025-01-28T10:46:43+00:00","dateModified":"2026-01-19T11:49:45+00:00","description":"MAGBench es el banco universal BDM o herramienta para montaje (Jig) producida por Magicmotorsport. Permite realizar conexiones estables con unidades de control de motor y unidades de transmisi\u00f3n autom\u00e1tica en los modos Boot, JTAG y BDM","breadcrumb":{"@id":"https:\/\/mejordiagnosis.com\/tienda\/producto\/magic-kit-universal-magbench-full\/#breadcrumb"},"inLanguage":"es","potentialAction":[{"@type":"ReadAction","target":["https:\/\/mejordiagnosis.com\/tienda\/producto\/magic-kit-universal-magbench-full\/"]}]},{"@type":"ImageObject","inLanguage":"es","@id":"https:\/\/mejordiagnosis.com\/tienda\/producto\/magic-kit-universal-magbench-full\/#primaryimage","url":"https:\/\/mejordiagnosis.com\/tienda\/wp-content\/uploads\/2025\/01\/FLK10-P_1.jpg","contentUrl":"https:\/\/mejordiagnosis.com\/tienda\/wp-content\/uploads\/2025\/01\/FLK10-P_1.jpg","width":600,"height":600},{"@type":"BreadcrumbList","@id":"https:\/\/mejordiagnosis.com\/tienda\/producto\/magic-kit-universal-magbench-full\/#breadcrumb","itemListElement":[{"@type":"ListItem","position":1,"name":"Portada","item":"https:\/\/mejordiagnosis.com\/tienda\/"},{"@type":"ListItem","position":2,"name":"Tienda","item":"https:\/\/mejordiagnosis.com\/tienda\/shop\/"},{"@type":"ListItem","position":3,"name":"Magic Kit Universal MAGBench FULL"}]},{"@type":"WebSite","@id":"https:\/\/mejordiagnosis.com\/tienda\/#website","url":"https:\/\/mejordiagnosis.com\/tienda\/","name":"Mejordiagnosis.com","description":"Equipos de diagnosis para el autom&oacute;vil","publisher":{"@id":"https:\/\/mejordiagnosis.com\/tienda\/#organization"},"alternateName":"Mejordiagnosisnm S.L","potentialAction":[{"@type":"SearchAction","target":{"@type":"EntryPoint","urlTemplate":"https:\/\/mejordiagnosis.com\/tienda\/?s={search_term_string}"},"query-input":{"@type":"PropertyValueSpecification","valueRequired":true,"valueName":"search_term_string"}}],"inLanguage":"es"},{"@type":"Organization","@id":"https:\/\/mejordiagnosis.com\/tienda\/#organization","name":"Mejordiagnosis S.L","alternateName":"Mejor Diagnosis","url":"https:\/\/mejordiagnosis.com\/tienda\/","logo":{"@type":"ImageObject","inLanguage":"es","@id":"https:\/\/mejordiagnosis.com\/tienda\/#\/schema\/logo\/image\/","url":"https:\/\/mejordiagnosis.com\/tienda\/wp-content\/uploads\/2025\/03\/cropped-cropped-cropped-cropped-logo-removebg-300x257-1.png","contentUrl":"https:\/\/mejordiagnosis.com\/tienda\/wp-content\/uploads\/2025\/03\/cropped-cropped-cropped-cropped-logo-removebg-300x257-1.png","width":300,"height":257,"caption":"Mejordiagnosis S.L"},"image":{"@id":"https:\/\/mejordiagnosis.com\/tienda\/#\/schema\/logo\/image\/"},"sameAs":["https:\/\/www.facebook.com\/mejordiagnosis\/","https:\/\/www.instagram.com\/mejor.diagnosis\/","https:\/\/www.tiktok.com\/@mejor.diagnosis?lang=es"]}]}},"_links":{"self":[{"href":"https:\/\/mejordiagnosis.com\/tienda\/wp-json\/wp\/v2\/product\/3219","targetHints":{"allow":["GET"]}}],"collection":[{"href":"https:\/\/mejordiagnosis.com\/tienda\/wp-json\/wp\/v2\/product"}],"about":[{"href":"https:\/\/mejordiagnosis.com\/tienda\/wp-json\/wp\/v2\/types\/product"}],"wp:featuredmedia":[{"embeddable":true,"href":"https:\/\/mejordiagnosis.com\/tienda\/wp-json\/wp\/v2\/media\/3220"}],"wp:attachment":[{"href":"https:\/\/mejordiagnosis.com\/tienda\/wp-json\/wp\/v2\/media?parent=3219"}],"wp:term":[{"taxonomy":"product_brand","embeddable":true,"href":"https:\/\/mejordiagnosis.com\/tienda\/wp-json\/wp\/v2\/product_brand?post=3219"},{"taxonomy":"product_cat","embeddable":true,"href":"https:\/\/mejordiagnosis.com\/tienda\/wp-json\/wp\/v2\/product_cat?post=3219"},{"taxonomy":"product_tag","embeddable":true,"href":"https:\/\/mejordiagnosis.com\/tienda\/wp-json\/wp\/v2\/product_tag?post=3219"}],"curies":[{"name":"wp","href":"https:\/\/api.w.org\/{rel}","templated":true}]}}