{"id":2811,"date":"2025-01-02T09:38:40","date_gmt":"2025-01-02T09:38:40","guid":{"rendered":"http:\/\/167.86.125.240:8082\/?post_type=product&#038;p=2811"},"modified":"2026-01-19T11:49:24","modified_gmt":"2026-01-19T11:49:24","slug":"snap-on-sun-koolkare-breeze-iv","status":"publish","type":"product","link":"https:\/\/mejordiagnosis.com\/tienda\/producto\/snap-on-sun-koolkare-breeze-iv\/","title":{"rendered":"Snap-On SUN BREEZE IV"},"content":{"rendered":"<p><strong>M\u00e1ximo rendimiento en una soluci\u00f3n vers\u00e1til<\/strong><\/p>\n<p>BREEZE IV es el nuevo modelo dise\u00f1ado para diferentes tipos de refrigerantes. La alta calidad de sus componentes y su clara orientaci\u00f3n al futuro, hacen de la BREEZE IV la estaci\u00f3n de servicio de A\/C m\u00e1s valorada.<\/p>\n<p>Estaci\u00f3n de servicio A\/C totalmente autom\u00e1tica para la recuperaci\u00f3n, reciclaje y recarga de diferentes tipos de refrigerantes. Una innovadora y exclusiva soluci\u00f3n, permite ajustar y fijar el refrigerante R134a o HFO1234yf directamente durante la activaci\u00f3n en el taller. Su pantalla t\u00e1ctil de 4,3\u201c, sencillez de uso y las exclusivas caracter\u00edsticas modulares que permiten configurar la estaci\u00f3n para satisfacer las necesidades m\u00e1s espec\u00edficas, entre otras, hacen que la BREEZE IV ofrezca una excelente relaci\u00f3n calidad-precio. La actualizaci\u00f3n opcional del analizador de gases, har\u00e1 posible la detecci\u00f3n de los diferentes componentes del refrigerante, y el resultado proporcionar\u00e1 informaci\u00f3n sobre sus porcentajes. Adem\u00e1s, esta innovadora soluci\u00f3n ofrece tambi\u00e9n la posibilidad de incorporar un analizador externo, sin contaminaci\u00f3n de la estaci\u00f3n A\/C, y sin emplear espacio alguno fuera de la m\u00e1quina. La funci\u00f3n HIBRID y la conectividad Wi-Fi, completan las funciones opcionales claves de esta m\u00e1quina.<\/p>\n<p>El m\u00e9todo Sun C.A.R. (Recarga Asistida por Compresor) permite una carga de gas r\u00e1pida y precisa incluso en condiciones con altas temperaturas. Con una avanzada tecnolog\u00eda, asada en su innovador sistema de v\u00e1lvulas solenoides, BREEZE IV consume un 20% menos de energ\u00eda que los modelos anteriores.<\/p>\n<p>El dise\u00f1o futurista concebido por un experto en dise\u00f1o para la industria de la motocicleta, se aplic\u00f3 a las caracter\u00edsticas de la m\u00e1quina, adem\u00e1s de enriquecerlo gracias a la informaci\u00f3n proporcionada por una gran numero de talleres seleccionados por Sun a lo largo de los a\u00f1os.<\/p>\n<p>El resultado es una gran facilidad de acceso para el mantenimiento: Menos de 30 segundos para abrir el panel de control giratorio y menos de 2 minutos para retirar ambas cubiertas y acceder a todos los componentes internos. Adem\u00e1s, BREEZE IV otorga una excelente maniobrabilidad como resultado de la considerable distancia axial entre las dos ruedas.<\/p>\n<p>F\u00e1cil de usar: los man\u00f3metros y la pantalla t\u00e1ctil est\u00e1n perfectamente inclinados para una excelente visibilidad y mejor ergonom\u00eda.<\/p>\n<p><strong>Caracter\u00edsticas principales<\/strong><\/p>\n<ul>\n<li style=\"list-style-type: none;\">\n<ul>\n<li>Recarga Asistida por Compresor que permite una carga de gas r\u00e1pida y precisa incluso en condiciones con altas temperaturas<\/li>\n<li>Bajo consumo energ\u00e9tico<\/li>\n<li>Pantalla t\u00e1ctil a color de 4,3\u201d<\/li>\n<li>Contenedores est\u00e1ndar<\/li>\n<li>Contenedores hermeticos (opcional)<\/li>\n<li>Impresora T\u00e9rmica<\/li>\n<li>Conectividad Wi-Fi (opcional)<\/li>\n<li>Kit de lavado (opcional)<\/li>\n<li>Analizador de gases HFO o R134a (opcional)<\/li>\n<li>Kit Hybrid (opcional)<\/li>\n<li>Los man\u00f3metros y la pantalla t\u00e1ctil est\u00e1n perfectamente inclinados para una excelente visibilidad y mejor ergonom\u00eda<\/li>\n<\/ul>\n<\/li>\n<\/ul>\n<p><strong>Equipamiento<\/strong><\/p>\n<p style=\"padding-left: 40px;\"><img fetchpriority=\"high\" decoding=\"async\" class=\"alignleft size-full wp-image-2812\" src=\"http:\/\/167.86.125.240:8082\/wp-content\/uploads\/2025\/01\/BREEZE-IV_02.jpeg\" alt=\"\" width=\"481\" height=\"565\" srcset=\"https:\/\/mejordiagnosis.com\/tienda\/wp-content\/uploads\/2025\/01\/BREEZE-IV_02.jpeg 481w, https:\/\/mejordiagnosis.com\/tienda\/wp-content\/uploads\/2025\/01\/BREEZE-IV_02-255x300.jpeg 255w\" sizes=\"(max-width: 481px) 100vw, 481px\" \/><\/p>\n","protected":false},"excerpt":{"rendered":"<div>\n<div class=\"show-for-medium\">\n<div class=\"product-name\">\n<div class=\"show-for-medium\">\n<div class=\"product-name\">\n<h5>M\u00e1ximo rendimiento en una soluci\u00f3n vers\u00e1til<\/h5>\n<\/div>\n<\/div>\n<div class=\"product-description\">\n<p>BREEZE IV es el nuevo modelo dise\u00f1ado para diferentes tipos de refrigerantes. La alta calidad de sus componentes y su clara orientaci\u00f3n al futuro, hacen de la BREEZE IV la estaci\u00f3n de servicio de A\/C m\u00e1s valorada<\/p>\n<p>Una innovadora y exclusiva soluci\u00f3n, permite ajustar y fijar el refrigerante R134a o HFO1234yf directamente durante la activaci\u00f3n en el taller<\/p>\n<\/div>\n<\/div>\n<\/div>\n<\/div>\n<p><strong>NOTA: contacte con nosotros para adquirir este producto.<\/strong><\/p>\n","protected":false},"featured_media":2813,"template":"","meta":{"site-sidebar-layout":"default","site-content-layout":"","ast-site-content-layout":"default","site-content-style":"default","site-sidebar-style":"default","ast-global-header-display":"","ast-banner-title-visibility":"","ast-main-header-display":"","ast-hfb-above-header-display":"","ast-hfb-below-header-display":"","ast-hfb-mobile-header-display":"","site-post-title":"","ast-breadcrumbs-content":"","ast-featured-img":"","footer-sml-layout":"","ast-disable-related-posts":"","theme-transparent-header-meta":"default","adv-header-id-meta":"","stick-header-meta":"","header-above-stick-meta":"","header-main-stick-meta":"","header-below-stick-meta":"","astra-migrate-meta-layouts":"set","ast-page-background-enabled":"default","ast-page-background-meta":{"desktop":{"background-color":"var(--ast-global-color-4)","background-image":"","background-repeat":"repeat","background-position":"center center","background-size":"auto","background-attachment":"scroll","background-type":"","background-media":"","overlay-type":"","overlay-color":"","overlay-opacity":"","overlay-gradient":""},"tablet":{"background-color":"","background-image":"","background-repeat":"repeat","background-position":"center center","background-size":"auto","background-attachment":"scroll","background-type":"","background-media":"","overlay-type":"","overlay-color":"","overlay-opacity":"","overlay-gradient":""},"mobile":{"background-color":"","background-image":"","background-repeat":"repeat","background-position":"center center","background-size":"auto","background-attachment":"scroll","background-type":"","background-media":"","overlay-type":"","overlay-color":"","overlay-opacity":"","overlay-gradient":""}},"ast-content-background-meta":{"desktop":{"background-color":"var(--ast-global-color-5)","background-image":"","background-repeat":"repeat","background-position":"center center","background-size":"auto","background-attachment":"scroll","background-type":"","background-media":"","overlay-type":"","overlay-color":"","overlay-opacity":"","overlay-gradient":""},"tablet":{"background-color":"var(--ast-global-color-5)","background-image":"","background-repeat":"repeat","background-position":"center center","background-size":"auto","background-attachment":"scroll","background-type":"","background-media":"","overlay-type":"","overlay-color":"","overlay-opacity":"","overlay-gradient":""},"mobile":{"background-color":"var(--ast-global-color-5)","background-image":"","background-repeat":"repeat","background-position":"center center","background-size":"auto","background-attachment":"scroll","background-type":"","background-media":"","overlay-type":"","overlay-color":"","overlay-opacity":"","overlay-gradient":""}}},"product_brand":[213],"product_cat":[317],"product_tag":[183,184,185,215,214],"class_list":{"0":"post-2811","1":"product","2":"type-product","3":"status-publish","4":"has-post-thumbnail","6":"product_brand-snap-on-sun","7":"product_cat-maquinaria-snap-on-sun","8":"product_tag-a-c","9":"product_tag-aire-acondicionado","10":"product_tag-climatizador","11":"product_tag-hfo1234yf","12":"product_tag-r134a","13":"product_shipping_class-peso-mediano","14":"desktop-align-left","15":"tablet-align-left","16":"mobile-align-left","18":"first","19":"instock","20":"taxable","21":"shipping-taxable","22":"product-type-simple"},"yoast_head":"<!-- This site is optimized with the Yoast SEO plugin v27.4 - https:\/\/yoast.com\/product\/yoast-seo-wordpress\/ -->\n<title>Snap-On SUN BREEZE IV | Mejordiagnosis S.L<\/title>\n<meta name=\"description\" content=\"Estaci\u00f3n de servicio A\/C totalmente autom\u00e1tica para la recuperaci\u00f3n, reciclaje y recarga de diferentes tipos de refrigerantes. La alta calidad de sus componentes y su clara orientaci\u00f3n al futuro, hacen de la BREEZE IV la estaci\u00f3n de servicio de A\/C m\u00e1s valorada.\" \/>\n<meta name=\"robots\" content=\"noindex, follow\" \/>\n<meta property=\"og:locale\" content=\"es_ES\" \/>\n<meta property=\"og:type\" content=\"article\" \/>\n<meta property=\"og:title\" content=\"Snap-On SUN BREEZE IV | Mejordiagnosis S.L\" \/>\n<meta property=\"og:description\" content=\"Estaci\u00f3n de servicio A\/C totalmente autom\u00e1tica para la recuperaci\u00f3n, reciclaje y recarga de diferentes tipos de refrigerantes. La alta calidad de sus componentes y su clara orientaci\u00f3n al futuro, hacen de la BREEZE IV la estaci\u00f3n de servicio de A\/C m\u00e1s valorada.\" \/>\n<meta property=\"og:url\" content=\"https:\/\/mejordiagnosis.com\/tienda\/producto\/snap-on-sun-koolkare-breeze-iv\/\" \/>\n<meta property=\"og:site_name\" content=\"Mejordiagnosis S.L\" \/>\n<meta property=\"article:publisher\" content=\"https:\/\/www.facebook.com\/mejordiagnosis\/\" \/>\n<meta property=\"article:modified_time\" content=\"2026-01-19T11:49:24+00:00\" \/>\n<meta property=\"og:image\" content=\"https:\/\/mejordiagnosis.com\/tienda\/wp-content\/uploads\/2025\/01\/BREEZE-IV_01.jpg\" \/>\n\t<meta property=\"og:image:width\" content=\"566\" \/>\n\t<meta property=\"og:image:height\" content=\"604\" \/>\n\t<meta property=\"og:image:type\" content=\"image\/jpeg\" \/>\n<script type=\"application\/ld+json\" class=\"yoast-schema-graph\">{\"@context\":\"https:\\\/\\\/schema.org\",\"@graph\":[{\"@type\":\"WebPage\",\"@id\":\"https:\\\/\\\/mejordiagnosis.com\\\/tienda\\\/producto\\\/snap-on-sun-koolkare-breeze-iv\\\/\",\"url\":\"https:\\\/\\\/mejordiagnosis.com\\\/tienda\\\/producto\\\/snap-on-sun-koolkare-breeze-iv\\\/\",\"name\":\"Snap-On SUN BREEZE IV | Mejordiagnosis S.L\",\"isPartOf\":{\"@id\":\"https:\\\/\\\/mejordiagnosis.com\\\/tienda\\\/#website\"},\"primaryImageOfPage\":{\"@id\":\"https:\\\/\\\/mejordiagnosis.com\\\/tienda\\\/producto\\\/snap-on-sun-koolkare-breeze-iv\\\/#primaryimage\"},\"image\":{\"@id\":\"https:\\\/\\\/mejordiagnosis.com\\\/tienda\\\/producto\\\/snap-on-sun-koolkare-breeze-iv\\\/#primaryimage\"},\"thumbnailUrl\":\"https:\\\/\\\/mejordiagnosis.com\\\/tienda\\\/wp-content\\\/uploads\\\/2025\\\/01\\\/BREEZE-IV_01.jpg\",\"datePublished\":\"2025-01-02T09:38:40+00:00\",\"dateModified\":\"2026-01-19T11:49:24+00:00\",\"description\":\"Estaci\u00f3n de servicio A\\\/C totalmente autom\u00e1tica para la recuperaci\u00f3n, reciclaje y recarga de diferentes tipos de refrigerantes. La alta calidad de sus componentes y su clara orientaci\u00f3n al futuro, hacen de la BREEZE IV la estaci\u00f3n de servicio de A\\\/C m\u00e1s valorada.\",\"breadcrumb\":{\"@id\":\"https:\\\/\\\/mejordiagnosis.com\\\/tienda\\\/producto\\\/snap-on-sun-koolkare-breeze-iv\\\/#breadcrumb\"},\"inLanguage\":\"es\",\"potentialAction\":[{\"@type\":\"ReadAction\",\"target\":[\"https:\\\/\\\/mejordiagnosis.com\\\/tienda\\\/producto\\\/snap-on-sun-koolkare-breeze-iv\\\/\"]}]},{\"@type\":\"ImageObject\",\"inLanguage\":\"es\",\"@id\":\"https:\\\/\\\/mejordiagnosis.com\\\/tienda\\\/producto\\\/snap-on-sun-koolkare-breeze-iv\\\/#primaryimage\",\"url\":\"https:\\\/\\\/mejordiagnosis.com\\\/tienda\\\/wp-content\\\/uploads\\\/2025\\\/01\\\/BREEZE-IV_01.jpg\",\"contentUrl\":\"https:\\\/\\\/mejordiagnosis.com\\\/tienda\\\/wp-content\\\/uploads\\\/2025\\\/01\\\/BREEZE-IV_01.jpg\",\"width\":566,\"height\":604},{\"@type\":\"BreadcrumbList\",\"@id\":\"https:\\\/\\\/mejordiagnosis.com\\\/tienda\\\/producto\\\/snap-on-sun-koolkare-breeze-iv\\\/#breadcrumb\",\"itemListElement\":[{\"@type\":\"ListItem\",\"position\":1,\"name\":\"Portada\",\"item\":\"https:\\\/\\\/mejordiagnosis.com\\\/tienda\\\/\"},{\"@type\":\"ListItem\",\"position\":2,\"name\":\"Tienda\",\"item\":\"https:\\\/\\\/mejordiagnosis.com\\\/tienda\\\/shop\\\/\"},{\"@type\":\"ListItem\",\"position\":3,\"name\":\"Snap-On SUN BREEZE IV\"}]},{\"@type\":\"WebSite\",\"@id\":\"https:\\\/\\\/mejordiagnosis.com\\\/tienda\\\/#website\",\"url\":\"https:\\\/\\\/mejordiagnosis.com\\\/tienda\\\/\",\"name\":\"Mejordiagnosis.com\",\"description\":\"Equipos de diagnosis para el autom&oacute;vil\",\"publisher\":{\"@id\":\"https:\\\/\\\/mejordiagnosis.com\\\/tienda\\\/#organization\"},\"alternateName\":\"Mejordiagnosisnm S.L\",\"potentialAction\":[{\"@type\":\"SearchAction\",\"target\":{\"@type\":\"EntryPoint\",\"urlTemplate\":\"https:\\\/\\\/mejordiagnosis.com\\\/tienda\\\/?s={search_term_string}\"},\"query-input\":{\"@type\":\"PropertyValueSpecification\",\"valueRequired\":true,\"valueName\":\"search_term_string\"}}],\"inLanguage\":\"es\"},{\"@type\":\"Organization\",\"@id\":\"https:\\\/\\\/mejordiagnosis.com\\\/tienda\\\/#organization\",\"name\":\"Mejordiagnosis S.L\",\"alternateName\":\"Mejor Diagnosis\",\"url\":\"https:\\\/\\\/mejordiagnosis.com\\\/tienda\\\/\",\"logo\":{\"@type\":\"ImageObject\",\"inLanguage\":\"es\",\"@id\":\"https:\\\/\\\/mejordiagnosis.com\\\/tienda\\\/#\\\/schema\\\/logo\\\/image\\\/\",\"url\":\"https:\\\/\\\/mejordiagnosis.com\\\/tienda\\\/wp-content\\\/uploads\\\/2025\\\/03\\\/cropped-cropped-cropped-cropped-logo-removebg-300x257-1.png\",\"contentUrl\":\"https:\\\/\\\/mejordiagnosis.com\\\/tienda\\\/wp-content\\\/uploads\\\/2025\\\/03\\\/cropped-cropped-cropped-cropped-logo-removebg-300x257-1.png\",\"width\":300,\"height\":257,\"caption\":\"Mejordiagnosis S.L\"},\"image\":{\"@id\":\"https:\\\/\\\/mejordiagnosis.com\\\/tienda\\\/#\\\/schema\\\/logo\\\/image\\\/\"},\"sameAs\":[\"https:\\\/\\\/www.facebook.com\\\/mejordiagnosis\\\/\",\"https:\\\/\\\/www.instagram.com\\\/mejor.diagnosis\\\/\",\"https:\\\/\\\/www.tiktok.com\\\/@mejor.diagnosis?lang=es\"]}]}<\/script>\n<!-- \/ Yoast SEO plugin. -->","yoast_head_json":{"title":"Snap-On SUN BREEZE IV | Mejordiagnosis S.L","description":"Estaci\u00f3n de servicio A\/C totalmente autom\u00e1tica para la recuperaci\u00f3n, reciclaje y recarga de diferentes tipos de refrigerantes. La alta calidad de sus componentes y su clara orientaci\u00f3n al futuro, hacen de la BREEZE IV la estaci\u00f3n de servicio de A\/C m\u00e1s valorada.","robots":{"index":"noindex","follow":"follow"},"og_locale":"es_ES","og_type":"article","og_title":"Snap-On SUN BREEZE IV | Mejordiagnosis S.L","og_description":"Estaci\u00f3n de servicio A\/C totalmente autom\u00e1tica para la recuperaci\u00f3n, reciclaje y recarga de diferentes tipos de refrigerantes. La alta calidad de sus componentes y su clara orientaci\u00f3n al futuro, hacen de la BREEZE IV la estaci\u00f3n de servicio de A\/C m\u00e1s valorada.","og_url":"https:\/\/mejordiagnosis.com\/tienda\/producto\/snap-on-sun-koolkare-breeze-iv\/","og_site_name":"Mejordiagnosis S.L","article_publisher":"https:\/\/www.facebook.com\/mejordiagnosis\/","article_modified_time":"2026-01-19T11:49:24+00:00","og_image":[{"width":566,"height":604,"url":"https:\/\/mejordiagnosis.com\/tienda\/wp-content\/uploads\/2025\/01\/BREEZE-IV_01.jpg","type":"image\/jpeg"}],"schema":{"@context":"https:\/\/schema.org","@graph":[{"@type":"WebPage","@id":"https:\/\/mejordiagnosis.com\/tienda\/producto\/snap-on-sun-koolkare-breeze-iv\/","url":"https:\/\/mejordiagnosis.com\/tienda\/producto\/snap-on-sun-koolkare-breeze-iv\/","name":"Snap-On SUN BREEZE IV | Mejordiagnosis S.L","isPartOf":{"@id":"https:\/\/mejordiagnosis.com\/tienda\/#website"},"primaryImageOfPage":{"@id":"https:\/\/mejordiagnosis.com\/tienda\/producto\/snap-on-sun-koolkare-breeze-iv\/#primaryimage"},"image":{"@id":"https:\/\/mejordiagnosis.com\/tienda\/producto\/snap-on-sun-koolkare-breeze-iv\/#primaryimage"},"thumbnailUrl":"https:\/\/mejordiagnosis.com\/tienda\/wp-content\/uploads\/2025\/01\/BREEZE-IV_01.jpg","datePublished":"2025-01-02T09:38:40+00:00","dateModified":"2026-01-19T11:49:24+00:00","description":"Estaci\u00f3n de servicio A\/C totalmente autom\u00e1tica para la recuperaci\u00f3n, reciclaje y recarga de diferentes tipos de refrigerantes. La alta calidad de sus componentes y su clara orientaci\u00f3n al futuro, hacen de la BREEZE IV la estaci\u00f3n de servicio de A\/C m\u00e1s valorada.","breadcrumb":{"@id":"https:\/\/mejordiagnosis.com\/tienda\/producto\/snap-on-sun-koolkare-breeze-iv\/#breadcrumb"},"inLanguage":"es","potentialAction":[{"@type":"ReadAction","target":["https:\/\/mejordiagnosis.com\/tienda\/producto\/snap-on-sun-koolkare-breeze-iv\/"]}]},{"@type":"ImageObject","inLanguage":"es","@id":"https:\/\/mejordiagnosis.com\/tienda\/producto\/snap-on-sun-koolkare-breeze-iv\/#primaryimage","url":"https:\/\/mejordiagnosis.com\/tienda\/wp-content\/uploads\/2025\/01\/BREEZE-IV_01.jpg","contentUrl":"https:\/\/mejordiagnosis.com\/tienda\/wp-content\/uploads\/2025\/01\/BREEZE-IV_01.jpg","width":566,"height":604},{"@type":"BreadcrumbList","@id":"https:\/\/mejordiagnosis.com\/tienda\/producto\/snap-on-sun-koolkare-breeze-iv\/#breadcrumb","itemListElement":[{"@type":"ListItem","position":1,"name":"Portada","item":"https:\/\/mejordiagnosis.com\/tienda\/"},{"@type":"ListItem","position":2,"name":"Tienda","item":"https:\/\/mejordiagnosis.com\/tienda\/shop\/"},{"@type":"ListItem","position":3,"name":"Snap-On SUN BREEZE IV"}]},{"@type":"WebSite","@id":"https:\/\/mejordiagnosis.com\/tienda\/#website","url":"https:\/\/mejordiagnosis.com\/tienda\/","name":"Mejordiagnosis.com","description":"Equipos de diagnosis para el autom&oacute;vil","publisher":{"@id":"https:\/\/mejordiagnosis.com\/tienda\/#organization"},"alternateName":"Mejordiagnosisnm S.L","potentialAction":[{"@type":"SearchAction","target":{"@type":"EntryPoint","urlTemplate":"https:\/\/mejordiagnosis.com\/tienda\/?s={search_term_string}"},"query-input":{"@type":"PropertyValueSpecification","valueRequired":true,"valueName":"search_term_string"}}],"inLanguage":"es"},{"@type":"Organization","@id":"https:\/\/mejordiagnosis.com\/tienda\/#organization","name":"Mejordiagnosis S.L","alternateName":"Mejor Diagnosis","url":"https:\/\/mejordiagnosis.com\/tienda\/","logo":{"@type":"ImageObject","inLanguage":"es","@id":"https:\/\/mejordiagnosis.com\/tienda\/#\/schema\/logo\/image\/","url":"https:\/\/mejordiagnosis.com\/tienda\/wp-content\/uploads\/2025\/03\/cropped-cropped-cropped-cropped-logo-removebg-300x257-1.png","contentUrl":"https:\/\/mejordiagnosis.com\/tienda\/wp-content\/uploads\/2025\/03\/cropped-cropped-cropped-cropped-logo-removebg-300x257-1.png","width":300,"height":257,"caption":"Mejordiagnosis S.L"},"image":{"@id":"https:\/\/mejordiagnosis.com\/tienda\/#\/schema\/logo\/image\/"},"sameAs":["https:\/\/www.facebook.com\/mejordiagnosis\/","https:\/\/www.instagram.com\/mejor.diagnosis\/","https:\/\/www.tiktok.com\/@mejor.diagnosis?lang=es"]}]}},"_links":{"self":[{"href":"https:\/\/mejordiagnosis.com\/tienda\/wp-json\/wp\/v2\/product\/2811","targetHints":{"allow":["GET"]}}],"collection":[{"href":"https:\/\/mejordiagnosis.com\/tienda\/wp-json\/wp\/v2\/product"}],"about":[{"href":"https:\/\/mejordiagnosis.com\/tienda\/wp-json\/wp\/v2\/types\/product"}],"wp:featuredmedia":[{"embeddable":true,"href":"https:\/\/mejordiagnosis.com\/tienda\/wp-json\/wp\/v2\/media\/2813"}],"wp:attachment":[{"href":"https:\/\/mejordiagnosis.com\/tienda\/wp-json\/wp\/v2\/media?parent=2811"}],"wp:term":[{"taxonomy":"product_brand","embeddable":true,"href":"https:\/\/mejordiagnosis.com\/tienda\/wp-json\/wp\/v2\/product_brand?post=2811"},{"taxonomy":"product_cat","embeddable":true,"href":"https:\/\/mejordiagnosis.com\/tienda\/wp-json\/wp\/v2\/product_cat?post=2811"},{"taxonomy":"product_tag","embeddable":true,"href":"https:\/\/mejordiagnosis.com\/tienda\/wp-json\/wp\/v2\/product_tag?post=2811"}],"curies":[{"name":"wp","href":"https:\/\/api.w.org\/{rel}","templated":true}]}}