{"id":2799,"date":"2025-01-02T08:36:23","date_gmt":"2025-01-02T08:36:23","guid":{"rendered":"http:\/\/167.86.125.240:8082\/?post_type=product&#038;p=2799"},"modified":"2026-01-19T11:49:24","modified_gmt":"2026-01-19T11:49:24","slug":"snap-on-sun-koolkare-hd-s","status":"publish","type":"product","link":"https:\/\/mejordiagnosis.com\/tienda\/producto\/snap-on-sun-koolkare-hd-s\/","title":{"rendered":"Snap-On SUN KoolKare HD-S"},"content":{"rendered":"<p><strong>La respuesta a las necesidades industriales<\/strong><\/p>\n<p style=\"padding-left: 40px;\">Un producto especial de Sun para el refrigerante R134a. Los par\u00e1metros de rendimiento de HD-S cumplen con las mayores capacidades requeridas para los servicios en grandes sistemas de A\/C, como autobuses y trenes.<\/p>\n<p style=\"padding-left: 40px;\">Estaci\u00f3n de servicio A\/C totalmente autom\u00e1tica para recuperaci\u00f3n, reciclaje y recarga con refrigerante R134a en sistemas de A\/C de grandes dimensiones, como los instalados en autobuses y trenes. La alta tasa de recuperaci\u00f3n de refrigerante garantiza una importante contribuci\u00f3n a la protecci\u00f3n medio ambiental actual. La especial bomba de engranaje de alta presi\u00f3n, con una capacidad de caudal de 1 kg\/min en la fase l\u00edquida, proporciona una carga de refrigerante r\u00e1pida, su gran tanque de almacenaje de refrigerante de 40 litros, y las mangueras de servicio de 6 m, proporcionan facilidad y rapidez en el trabajo con sistemas de A\/C de grandes dimensiones.<\/p>\n<p style=\"padding-left: 40px;\">La pantalla alfanum\u00e9rica gu\u00eda al operador f\u00e1cilmente, gracias a una interacci\u00f3n l\u00f3gica y profesional a trav\u00e9s de sus men\u00fas. La prueba de presi\u00f3n mediante la inyecci\u00f3n de nitr\u00f3geno o nitr\u00f3geno + hidrogeno es una caracter\u00edstica est\u00e1ndar, que proporciona un m\u00e9todo ecol\u00f3gico para la detecci\u00f3n de fugas.<\/p>\n<p style=\"padding-left: 40px;\">Otra caracter\u00edstica importante, es la descarga de los gases no condensables que pueden generarse en el tanque interno de la estaci\u00f3n, y que se lleva a cabo de manera autom\u00e1tica.<\/p>\n<p style=\"padding-left: 40px;\">El dise\u00f1o orientado al taller, proporciona una mayor maniobrabilidad, ahorra espacio y permite un manejo sencillo dentro el taller, y al mismo tiempo favorece el mantenimiento de la m\u00e1quina. Los materiales y revestimientos de alta calidad garantizan la resistencia a golpes e impactos.<\/p>\n<p class=\"open\"><strong>Caracter\u00edsticas principales<\/strong><\/p>\n<ul>\n<li style=\"list-style-type: none;\">\n<ul>\n<li>Especial bomba de engranaje de alta presi\u00f3n<\/li>\n<li>Tanque de almacenaje de refrigerante de 40 litros<\/li>\n<li>Pantalla alfanum\u00e9rica que gu\u00eda al operador f\u00e1cilmente, gracias a una interacci\u00f3n l\u00f3gica y profesional a trav\u00e9s de sus men\u00fas<\/li>\n<li>Prueba de presi\u00f3n mediante la inyecci\u00f3n de nitr\u00f3geno o nitr\u00f3geno + hidrogeno<\/li>\n<li>Descarga de los gases no condensables que pueden generarse en el tanque interno de la estaci\u00f3n autom\u00e1tica<\/li>\n<li>Dise\u00f1o orientado al taller que proporciona una mayor maniobrabilidad, ahorra espacio y permite un manejo sencillo<\/li>\n<li>Materiales y revestimientos de alta calidad que garantizan la resistencia a golpes e impactos<\/li>\n<li>Puerto USB<\/li>\n<\/ul>\n<\/li>\n<\/ul>\n<p><strong>Equipamiento<\/strong><\/p>\n<p style=\"padding-left: 40px;\"><img fetchpriority=\"high\" decoding=\"async\" class=\"alignleft size-full wp-image-2808\" src=\"http:\/\/167.86.125.240:8082\/wp-content\/uploads\/2025\/01\/KOOLKAREHD-S_2.jpeg\" alt=\"\" width=\"486\" height=\"232\" srcset=\"https:\/\/mejordiagnosis.com\/tienda\/wp-content\/uploads\/2025\/01\/KOOLKAREHD-S_2.jpeg 486w, https:\/\/mejordiagnosis.com\/tienda\/wp-content\/uploads\/2025\/01\/KOOLKAREHD-S_2-300x143.jpeg 300w\" sizes=\"(max-width: 486px) 100vw, 486px\" \/><\/p>\n","protected":false},"excerpt":{"rendered":"<div>\n<div>\n<h5>La respuesta a las necesidades industriales<\/h5>\n<p>Estaci\u00f3n de servicio A\/C totalmente autom\u00e1tica para recuperaci\u00f3n, reciclaje y recarga con refrigerante R134a en sistemas de A\/C de grandes dimensiones, como los instalados en autobuses y trenes. La alta tasa de recuperaci\u00f3n de refrigerante garantiza una importante contribuci\u00f3n a la protecci\u00f3n medio ambiental actual<\/p>\n<\/div>\n<\/div>\n<p><strong>NOTA: contacte con nosotros para adquirir este producto.<\/strong><\/p>\n","protected":false},"featured_media":2800,"template":"","meta":{"site-sidebar-layout":"default","site-content-layout":"","ast-site-content-layout":"default","site-content-style":"default","site-sidebar-style":"default","ast-global-header-display":"","ast-banner-title-visibility":"","ast-main-header-display":"","ast-hfb-above-header-display":"","ast-hfb-below-header-display":"","ast-hfb-mobile-header-display":"","site-post-title":"","ast-breadcrumbs-content":"","ast-featured-img":"","footer-sml-layout":"","ast-disable-related-posts":"","theme-transparent-header-meta":"default","adv-header-id-meta":"","stick-header-meta":"","header-above-stick-meta":"","header-main-stick-meta":"","header-below-stick-meta":"","astra-migrate-meta-layouts":"set","ast-page-background-enabled":"default","ast-page-background-meta":{"desktop":{"background-color":"var(--ast-global-color-4)","background-image":"","background-repeat":"repeat","background-position":"center center","background-size":"auto","background-attachment":"scroll","background-type":"","background-media":"","overlay-type":"","overlay-color":"","overlay-opacity":"","overlay-gradient":""},"tablet":{"background-color":"","background-image":"","background-repeat":"repeat","background-position":"center center","background-size":"auto","background-attachment":"scroll","background-type":"","background-media":"","overlay-type":"","overlay-color":"","overlay-opacity":"","overlay-gradient":""},"mobile":{"background-color":"","background-image":"","background-repeat":"repeat","background-position":"center center","background-size":"auto","background-attachment":"scroll","background-type":"","background-media":"","overlay-type":"","overlay-color":"","overlay-opacity":"","overlay-gradient":""}},"ast-content-background-meta":{"desktop":{"background-color":"var(--ast-global-color-5)","background-image":"","background-repeat":"repeat","background-position":"center center","background-size":"auto","background-attachment":"scroll","background-type":"","background-media":"","overlay-type":"","overlay-color":"","overlay-opacity":"","overlay-gradient":""},"tablet":{"background-color":"var(--ast-global-color-5)","background-image":"","background-repeat":"repeat","background-position":"center center","background-size":"auto","background-attachment":"scroll","background-type":"","background-media":"","overlay-type":"","overlay-color":"","overlay-opacity":"","overlay-gradient":""},"mobile":{"background-color":"var(--ast-global-color-5)","background-image":"","background-repeat":"repeat","background-position":"center center","background-size":"auto","background-attachment":"scroll","background-type":"","background-media":"","overlay-type":"","overlay-color":"","overlay-opacity":"","overlay-gradient":""}}},"product_brand":[213],"product_cat":[317],"product_tag":[183,184,185,214],"class_list":{"0":"post-2799","1":"product","2":"type-product","3":"status-publish","4":"has-post-thumbnail","6":"product_brand-snap-on-sun","7":"product_cat-maquinaria-snap-on-sun","8":"product_tag-a-c","9":"product_tag-aire-acondicionado","10":"product_tag-climatizador","11":"product_tag-r134a","12":"product_shipping_class-peso-mediano","13":"desktop-align-left","14":"tablet-align-left","15":"mobile-align-left","17":"first","18":"instock","19":"taxable","20":"shipping-taxable","21":"product-type-simple"},"yoast_head":"<!-- This site is optimized with the Yoast SEO plugin v27.4 - https:\/\/yoast.com\/product\/yoast-seo-wordpress\/ -->\n<title>Snap-On SUN KoolKare HD-S | Mejordiagnosis S.L<\/title>\n<meta name=\"description\" content=\"Estaci\u00f3n de servicio A\/C que cumple con las mayores capacidades requeridas para los servicios en grandes sistemas de A\/C, como autobuses y trenes\" \/>\n<meta name=\"robots\" content=\"noindex, follow\" \/>\n<meta property=\"og:locale\" content=\"es_ES\" \/>\n<meta property=\"og:type\" content=\"article\" \/>\n<meta property=\"og:title\" content=\"Snap-On SUN KoolKare HD-S | Mejordiagnosis S.L\" \/>\n<meta property=\"og:description\" content=\"Estaci\u00f3n de servicio A\/C que cumple con las mayores capacidades requeridas para los servicios en grandes sistemas de A\/C, como autobuses y trenes\" \/>\n<meta property=\"og:url\" content=\"https:\/\/mejordiagnosis.com\/tienda\/producto\/snap-on-sun-koolkare-hd-s\/\" \/>\n<meta property=\"og:site_name\" content=\"Mejordiagnosis S.L\" \/>\n<meta property=\"article:publisher\" content=\"https:\/\/www.facebook.com\/mejordiagnosis\/\" \/>\n<meta property=\"article:modified_time\" content=\"2026-01-19T11:49:24+00:00\" \/>\n<meta property=\"og:image\" content=\"https:\/\/mejordiagnosis.com\/tienda\/wp-content\/uploads\/2025\/01\/KOOLKAREHD-S_1.jpg\" \/>\n\t<meta property=\"og:image:width\" content=\"540\" \/>\n\t<meta property=\"og:image:height\" content=\"567\" \/>\n\t<meta property=\"og:image:type\" content=\"image\/jpeg\" \/>\n<script type=\"application\/ld+json\" class=\"yoast-schema-graph\">{\"@context\":\"https:\\\/\\\/schema.org\",\"@graph\":[{\"@type\":\"WebPage\",\"@id\":\"https:\\\/\\\/mejordiagnosis.com\\\/tienda\\\/producto\\\/snap-on-sun-koolkare-hd-s\\\/\",\"url\":\"https:\\\/\\\/mejordiagnosis.com\\\/tienda\\\/producto\\\/snap-on-sun-koolkare-hd-s\\\/\",\"name\":\"Snap-On SUN KoolKare HD-S | Mejordiagnosis S.L\",\"isPartOf\":{\"@id\":\"https:\\\/\\\/mejordiagnosis.com\\\/tienda\\\/#website\"},\"primaryImageOfPage\":{\"@id\":\"https:\\\/\\\/mejordiagnosis.com\\\/tienda\\\/producto\\\/snap-on-sun-koolkare-hd-s\\\/#primaryimage\"},\"image\":{\"@id\":\"https:\\\/\\\/mejordiagnosis.com\\\/tienda\\\/producto\\\/snap-on-sun-koolkare-hd-s\\\/#primaryimage\"},\"thumbnailUrl\":\"https:\\\/\\\/mejordiagnosis.com\\\/tienda\\\/wp-content\\\/uploads\\\/2025\\\/01\\\/KOOLKAREHD-S_1.jpg\",\"datePublished\":\"2025-01-02T08:36:23+00:00\",\"dateModified\":\"2026-01-19T11:49:24+00:00\",\"description\":\"Estaci\u00f3n de servicio A\\\/C que cumple con las mayores capacidades requeridas para los servicios en grandes sistemas de A\\\/C, como autobuses y trenes\",\"breadcrumb\":{\"@id\":\"https:\\\/\\\/mejordiagnosis.com\\\/tienda\\\/producto\\\/snap-on-sun-koolkare-hd-s\\\/#breadcrumb\"},\"inLanguage\":\"es\",\"potentialAction\":[{\"@type\":\"ReadAction\",\"target\":[\"https:\\\/\\\/mejordiagnosis.com\\\/tienda\\\/producto\\\/snap-on-sun-koolkare-hd-s\\\/\"]}]},{\"@type\":\"ImageObject\",\"inLanguage\":\"es\",\"@id\":\"https:\\\/\\\/mejordiagnosis.com\\\/tienda\\\/producto\\\/snap-on-sun-koolkare-hd-s\\\/#primaryimage\",\"url\":\"https:\\\/\\\/mejordiagnosis.com\\\/tienda\\\/wp-content\\\/uploads\\\/2025\\\/01\\\/KOOLKAREHD-S_1.jpg\",\"contentUrl\":\"https:\\\/\\\/mejordiagnosis.com\\\/tienda\\\/wp-content\\\/uploads\\\/2025\\\/01\\\/KOOLKAREHD-S_1.jpg\",\"width\":540,\"height\":567},{\"@type\":\"BreadcrumbList\",\"@id\":\"https:\\\/\\\/mejordiagnosis.com\\\/tienda\\\/producto\\\/snap-on-sun-koolkare-hd-s\\\/#breadcrumb\",\"itemListElement\":[{\"@type\":\"ListItem\",\"position\":1,\"name\":\"Portada\",\"item\":\"https:\\\/\\\/mejordiagnosis.com\\\/tienda\\\/\"},{\"@type\":\"ListItem\",\"position\":2,\"name\":\"Tienda\",\"item\":\"https:\\\/\\\/mejordiagnosis.com\\\/tienda\\\/shop\\\/\"},{\"@type\":\"ListItem\",\"position\":3,\"name\":\"Snap-On SUN KoolKare HD-S\"}]},{\"@type\":\"WebSite\",\"@id\":\"https:\\\/\\\/mejordiagnosis.com\\\/tienda\\\/#website\",\"url\":\"https:\\\/\\\/mejordiagnosis.com\\\/tienda\\\/\",\"name\":\"Mejordiagnosis.com\",\"description\":\"Equipos de diagnosis para el autom&oacute;vil\",\"publisher\":{\"@id\":\"https:\\\/\\\/mejordiagnosis.com\\\/tienda\\\/#organization\"},\"alternateName\":\"Mejordiagnosisnm S.L\",\"potentialAction\":[{\"@type\":\"SearchAction\",\"target\":{\"@type\":\"EntryPoint\",\"urlTemplate\":\"https:\\\/\\\/mejordiagnosis.com\\\/tienda\\\/?s={search_term_string}\"},\"query-input\":{\"@type\":\"PropertyValueSpecification\",\"valueRequired\":true,\"valueName\":\"search_term_string\"}}],\"inLanguage\":\"es\"},{\"@type\":\"Organization\",\"@id\":\"https:\\\/\\\/mejordiagnosis.com\\\/tienda\\\/#organization\",\"name\":\"Mejordiagnosis S.L\",\"alternateName\":\"Mejor Diagnosis\",\"url\":\"https:\\\/\\\/mejordiagnosis.com\\\/tienda\\\/\",\"logo\":{\"@type\":\"ImageObject\",\"inLanguage\":\"es\",\"@id\":\"https:\\\/\\\/mejordiagnosis.com\\\/tienda\\\/#\\\/schema\\\/logo\\\/image\\\/\",\"url\":\"https:\\\/\\\/mejordiagnosis.com\\\/tienda\\\/wp-content\\\/uploads\\\/2025\\\/03\\\/cropped-cropped-cropped-cropped-logo-removebg-300x257-1.png\",\"contentUrl\":\"https:\\\/\\\/mejordiagnosis.com\\\/tienda\\\/wp-content\\\/uploads\\\/2025\\\/03\\\/cropped-cropped-cropped-cropped-logo-removebg-300x257-1.png\",\"width\":300,\"height\":257,\"caption\":\"Mejordiagnosis S.L\"},\"image\":{\"@id\":\"https:\\\/\\\/mejordiagnosis.com\\\/tienda\\\/#\\\/schema\\\/logo\\\/image\\\/\"},\"sameAs\":[\"https:\\\/\\\/www.facebook.com\\\/mejordiagnosis\\\/\",\"https:\\\/\\\/www.instagram.com\\\/mejor.diagnosis\\\/\",\"https:\\\/\\\/www.tiktok.com\\\/@mejor.diagnosis?lang=es\"]}]}<\/script>\n<!-- \/ Yoast SEO plugin. -->","yoast_head_json":{"title":"Snap-On SUN KoolKare HD-S | Mejordiagnosis S.L","description":"Estaci\u00f3n de servicio A\/C que cumple con las mayores capacidades requeridas para los servicios en grandes sistemas de A\/C, como autobuses y trenes","robots":{"index":"noindex","follow":"follow"},"og_locale":"es_ES","og_type":"article","og_title":"Snap-On SUN KoolKare HD-S | Mejordiagnosis S.L","og_description":"Estaci\u00f3n de servicio A\/C que cumple con las mayores capacidades requeridas para los servicios en grandes sistemas de A\/C, como autobuses y trenes","og_url":"https:\/\/mejordiagnosis.com\/tienda\/producto\/snap-on-sun-koolkare-hd-s\/","og_site_name":"Mejordiagnosis S.L","article_publisher":"https:\/\/www.facebook.com\/mejordiagnosis\/","article_modified_time":"2026-01-19T11:49:24+00:00","og_image":[{"width":540,"height":567,"url":"https:\/\/mejordiagnosis.com\/tienda\/wp-content\/uploads\/2025\/01\/KOOLKAREHD-S_1.jpg","type":"image\/jpeg"}],"schema":{"@context":"https:\/\/schema.org","@graph":[{"@type":"WebPage","@id":"https:\/\/mejordiagnosis.com\/tienda\/producto\/snap-on-sun-koolkare-hd-s\/","url":"https:\/\/mejordiagnosis.com\/tienda\/producto\/snap-on-sun-koolkare-hd-s\/","name":"Snap-On SUN KoolKare HD-S | Mejordiagnosis S.L","isPartOf":{"@id":"https:\/\/mejordiagnosis.com\/tienda\/#website"},"primaryImageOfPage":{"@id":"https:\/\/mejordiagnosis.com\/tienda\/producto\/snap-on-sun-koolkare-hd-s\/#primaryimage"},"image":{"@id":"https:\/\/mejordiagnosis.com\/tienda\/producto\/snap-on-sun-koolkare-hd-s\/#primaryimage"},"thumbnailUrl":"https:\/\/mejordiagnosis.com\/tienda\/wp-content\/uploads\/2025\/01\/KOOLKAREHD-S_1.jpg","datePublished":"2025-01-02T08:36:23+00:00","dateModified":"2026-01-19T11:49:24+00:00","description":"Estaci\u00f3n de servicio A\/C que cumple con las mayores capacidades requeridas para los servicios en grandes sistemas de A\/C, como autobuses y trenes","breadcrumb":{"@id":"https:\/\/mejordiagnosis.com\/tienda\/producto\/snap-on-sun-koolkare-hd-s\/#breadcrumb"},"inLanguage":"es","potentialAction":[{"@type":"ReadAction","target":["https:\/\/mejordiagnosis.com\/tienda\/producto\/snap-on-sun-koolkare-hd-s\/"]}]},{"@type":"ImageObject","inLanguage":"es","@id":"https:\/\/mejordiagnosis.com\/tienda\/producto\/snap-on-sun-koolkare-hd-s\/#primaryimage","url":"https:\/\/mejordiagnosis.com\/tienda\/wp-content\/uploads\/2025\/01\/KOOLKAREHD-S_1.jpg","contentUrl":"https:\/\/mejordiagnosis.com\/tienda\/wp-content\/uploads\/2025\/01\/KOOLKAREHD-S_1.jpg","width":540,"height":567},{"@type":"BreadcrumbList","@id":"https:\/\/mejordiagnosis.com\/tienda\/producto\/snap-on-sun-koolkare-hd-s\/#breadcrumb","itemListElement":[{"@type":"ListItem","position":1,"name":"Portada","item":"https:\/\/mejordiagnosis.com\/tienda\/"},{"@type":"ListItem","position":2,"name":"Tienda","item":"https:\/\/mejordiagnosis.com\/tienda\/shop\/"},{"@type":"ListItem","position":3,"name":"Snap-On SUN KoolKare HD-S"}]},{"@type":"WebSite","@id":"https:\/\/mejordiagnosis.com\/tienda\/#website","url":"https:\/\/mejordiagnosis.com\/tienda\/","name":"Mejordiagnosis.com","description":"Equipos de diagnosis para el autom&oacute;vil","publisher":{"@id":"https:\/\/mejordiagnosis.com\/tienda\/#organization"},"alternateName":"Mejordiagnosisnm S.L","potentialAction":[{"@type":"SearchAction","target":{"@type":"EntryPoint","urlTemplate":"https:\/\/mejordiagnosis.com\/tienda\/?s={search_term_string}"},"query-input":{"@type":"PropertyValueSpecification","valueRequired":true,"valueName":"search_term_string"}}],"inLanguage":"es"},{"@type":"Organization","@id":"https:\/\/mejordiagnosis.com\/tienda\/#organization","name":"Mejordiagnosis S.L","alternateName":"Mejor Diagnosis","url":"https:\/\/mejordiagnosis.com\/tienda\/","logo":{"@type":"ImageObject","inLanguage":"es","@id":"https:\/\/mejordiagnosis.com\/tienda\/#\/schema\/logo\/image\/","url":"https:\/\/mejordiagnosis.com\/tienda\/wp-content\/uploads\/2025\/03\/cropped-cropped-cropped-cropped-logo-removebg-300x257-1.png","contentUrl":"https:\/\/mejordiagnosis.com\/tienda\/wp-content\/uploads\/2025\/03\/cropped-cropped-cropped-cropped-logo-removebg-300x257-1.png","width":300,"height":257,"caption":"Mejordiagnosis S.L"},"image":{"@id":"https:\/\/mejordiagnosis.com\/tienda\/#\/schema\/logo\/image\/"},"sameAs":["https:\/\/www.facebook.com\/mejordiagnosis\/","https:\/\/www.instagram.com\/mejor.diagnosis\/","https:\/\/www.tiktok.com\/@mejor.diagnosis?lang=es"]}]}},"_links":{"self":[{"href":"https:\/\/mejordiagnosis.com\/tienda\/wp-json\/wp\/v2\/product\/2799","targetHints":{"allow":["GET"]}}],"collection":[{"href":"https:\/\/mejordiagnosis.com\/tienda\/wp-json\/wp\/v2\/product"}],"about":[{"href":"https:\/\/mejordiagnosis.com\/tienda\/wp-json\/wp\/v2\/types\/product"}],"wp:featuredmedia":[{"embeddable":true,"href":"https:\/\/mejordiagnosis.com\/tienda\/wp-json\/wp\/v2\/media\/2800"}],"wp:attachment":[{"href":"https:\/\/mejordiagnosis.com\/tienda\/wp-json\/wp\/v2\/media?parent=2799"}],"wp:term":[{"taxonomy":"product_brand","embeddable":true,"href":"https:\/\/mejordiagnosis.com\/tienda\/wp-json\/wp\/v2\/product_brand?post=2799"},{"taxonomy":"product_cat","embeddable":true,"href":"https:\/\/mejordiagnosis.com\/tienda\/wp-json\/wp\/v2\/product_cat?post=2799"},{"taxonomy":"product_tag","embeddable":true,"href":"https:\/\/mejordiagnosis.com\/tienda\/wp-json\/wp\/v2\/product_tag?post=2799"}],"curies":[{"name":"wp","href":"https:\/\/api.w.org\/{rel}","templated":true}]}}