{"id":2794,"date":"2024-12-31T11:46:43","date_gmt":"2024-12-31T11:46:43","guid":{"rendered":"http:\/\/167.86.125.240:8082\/?post_type=product&#038;p=2794"},"modified":"2026-01-19T11:49:24","modified_gmt":"2026-01-19T11:49:24","slug":"snap-on-sun-atf-gearkare","status":"publish","type":"product","link":"https:\/\/mejordiagnosis.com\/tienda\/producto\/snap-on-sun-atf-gearkare\/","title":{"rendered":"Snap-On SUN ATF GearKare"},"content":{"rendered":"<p class=\"open\"><u><strong>Caracter\u00edsticas principales<\/strong><\/u><\/p>\n<ul>\n<li style=\"list-style-type: none;\">\n<ul>\n<li>Detecci\u00f3n autom\u00e1tica de la direcci\u00f3n de flujo<\/li>\n<li>Protecci\u00f3n completa de todos los componentes internos gracias a los filtros ultrafinos reemplazables<\/li>\n<li>Sistema SMART-DRIP para la recogida de aceite directamente debajo de la copa, incluido en la estaci\u00f3n<\/li>\n<li>Bomba de engranajes de alto caudal, hasta 9 l\/min<\/li>\n<li>SELF-PRIMING funci\u00f3n para inicializar la estaci\u00f3n con un nuevo aceite de color y diferentes espificaciones<\/li>\n<li>Sistema EASY EMPTY para vacion del tanque de aceite exhausto, VELOZ y NOVEDOSO<\/li>\n<li>Ajuste del peso espec\u00edfico de los lubricantes<\/li>\n<li>Medici\u00f3n digital de la presi\u00f3n en la pantalla<\/li>\n<li>Temperatura inicial de aceite programable a 39\u00b0 y 20\u00b0 de aceite<\/li>\n<li>Funci\u00f3n de control de la temperatura del aceite<\/li>\n<li>Impresora t\u00e9rmica integrada<\/li>\n<li>Database incluido<\/li>\n<li>Memoria personalizable<\/li>\n<li>Funci\u00f3n exclusiva para garantizar un nivel de aceite adecuado<\/li>\n<li>27 idiomas<\/li>\n<\/ul>\n<\/li>\n<\/ul>\n","protected":false},"excerpt":{"rendered":"<div class=\"show-for-medium\">\n<div class=\"product-name\">\n<h6>L\u00edquido de la transmisi\u00f3n autom\u00e1tica<\/h6>\n<\/div>\n<\/div>\n<div class=\"product-description\">\n<p>Proyectado con un dise\u00f1o moderno y atractivo, mantiene el mismo estilo innovador de las estaciones de aire acondicionado Sun. Pantalla t\u00e1ctil de 7&#8243; y WI-FI permiten un uso \u00e1gil de la estaci\u00f3n y el almacenamiento de las operaciones realizadas.<\/p>\n<\/div>\n","protected":false},"featured_media":2795,"template":"","meta":{"site-sidebar-layout":"default","site-content-layout":"","ast-site-content-layout":"default","site-content-style":"default","site-sidebar-style":"default","ast-global-header-display":"","ast-banner-title-visibility":"","ast-main-header-display":"","ast-hfb-above-header-display":"","ast-hfb-below-header-display":"","ast-hfb-mobile-header-display":"","site-post-title":"","ast-breadcrumbs-content":"","ast-featured-img":"","footer-sml-layout":"","ast-disable-related-posts":"","theme-transparent-header-meta":"default","adv-header-id-meta":"","stick-header-meta":"","header-above-stick-meta":"","header-main-stick-meta":"","header-below-stick-meta":"","astra-migrate-meta-layouts":"set","ast-page-background-enabled":"default","ast-page-background-meta":{"desktop":{"background-color":"var(--ast-global-color-4)","background-image":"","background-repeat":"repeat","background-position":"center center","background-size":"auto","background-attachment":"scroll","background-type":"","background-media":"","overlay-type":"","overlay-color":"","overlay-opacity":"","overlay-gradient":""},"tablet":{"background-color":"","background-image":"","background-repeat":"repeat","background-position":"center center","background-size":"auto","background-attachment":"scroll","background-type":"","background-media":"","overlay-type":"","overlay-color":"","overlay-opacity":"","overlay-gradient":""},"mobile":{"background-color":"","background-image":"","background-repeat":"repeat","background-position":"center center","background-size":"auto","background-attachment":"scroll","background-type":"","background-media":"","overlay-type":"","overlay-color":"","overlay-opacity":"","overlay-gradient":""}},"ast-content-background-meta":{"desktop":{"background-color":"var(--ast-global-color-5)","background-image":"","background-repeat":"repeat","background-position":"center center","background-size":"auto","background-attachment":"scroll","background-type":"","background-media":"","overlay-type":"","overlay-color":"","overlay-opacity":"","overlay-gradient":""},"tablet":{"background-color":"var(--ast-global-color-5)","background-image":"","background-repeat":"repeat","background-position":"center center","background-size":"auto","background-attachment":"scroll","background-type":"","background-media":"","overlay-type":"","overlay-color":"","overlay-opacity":"","overlay-gradient":""},"mobile":{"background-color":"var(--ast-global-color-5)","background-image":"","background-repeat":"repeat","background-position":"center center","background-size":"auto","background-attachment":"scroll","background-type":"","background-media":"","overlay-type":"","overlay-color":"","overlay-opacity":"","overlay-gradient":""}}},"product_brand":[213],"product_cat":[305,317],"product_tag":[],"class_list":{"0":"post-2794","1":"product","2":"type-product","3":"status-publish","4":"has-post-thumbnail","6":"product_brand-snap-on-sun","7":"product_cat-lubricacion-y-combustible","8":"product_cat-maquinaria-snap-on-sun","9":"product_shipping_class-peso-mediano","10":"desktop-align-left","11":"tablet-align-left","12":"mobile-align-left","14":"first","15":"instock","16":"taxable","17":"shipping-taxable","18":"product-type-simple"},"yoast_head":"<!-- This site is optimized with the Yoast SEO plugin v27.4 - https:\/\/yoast.com\/product\/yoast-seo-wordpress\/ -->\n<title>Snap-On SUN ATF GearKare | Mejordiagnosis S.L<\/title>\n<meta name=\"description\" content=\"Los talleres equipados con la estaci\u00f3n ATF GEARKARE pueden realizar el mantenimiento de la caja de cambios autom\u00e1tica con un proceso simple, autom\u00e1tico y confiable.\" \/>\n<meta name=\"robots\" content=\"noindex, follow\" \/>\n<meta property=\"og:locale\" content=\"es_ES\" \/>\n<meta property=\"og:type\" content=\"article\" \/>\n<meta property=\"og:title\" content=\"Snap-On SUN ATF GearKare | Mejordiagnosis S.L\" \/>\n<meta property=\"og:description\" content=\"Los talleres equipados con la estaci\u00f3n ATF GEARKARE pueden realizar el mantenimiento de la caja de cambios autom\u00e1tica con un proceso simple, autom\u00e1tico y confiable.\" \/>\n<meta property=\"og:url\" content=\"https:\/\/mejordiagnosis.com\/tienda\/producto\/snap-on-sun-atf-gearkare\/\" \/>\n<meta property=\"og:site_name\" content=\"Mejordiagnosis S.L\" \/>\n<meta property=\"article:publisher\" content=\"https:\/\/www.facebook.com\/mejordiagnosis\/\" \/>\n<meta property=\"article:modified_time\" content=\"2026-01-19T11:49:24+00:00\" \/>\n<meta property=\"og:image\" content=\"https:\/\/mejordiagnosis.com\/tienda\/wp-content\/uploads\/2024\/12\/ATF-GearKare-1.jpg\" \/>\n\t<meta property=\"og:image:width\" content=\"528\" \/>\n\t<meta property=\"og:image:height\" content=\"526\" \/>\n\t<meta property=\"og:image:type\" content=\"image\/jpeg\" \/>\n<script type=\"application\/ld+json\" class=\"yoast-schema-graph\">{\"@context\":\"https:\\\/\\\/schema.org\",\"@graph\":[{\"@type\":\"WebPage\",\"@id\":\"https:\\\/\\\/mejordiagnosis.com\\\/tienda\\\/producto\\\/snap-on-sun-atf-gearkare\\\/\",\"url\":\"https:\\\/\\\/mejordiagnosis.com\\\/tienda\\\/producto\\\/snap-on-sun-atf-gearkare\\\/\",\"name\":\"Snap-On SUN ATF GearKare | Mejordiagnosis S.L\",\"isPartOf\":{\"@id\":\"https:\\\/\\\/mejordiagnosis.com\\\/tienda\\\/#website\"},\"primaryImageOfPage\":{\"@id\":\"https:\\\/\\\/mejordiagnosis.com\\\/tienda\\\/producto\\\/snap-on-sun-atf-gearkare\\\/#primaryimage\"},\"image\":{\"@id\":\"https:\\\/\\\/mejordiagnosis.com\\\/tienda\\\/producto\\\/snap-on-sun-atf-gearkare\\\/#primaryimage\"},\"thumbnailUrl\":\"https:\\\/\\\/mejordiagnosis.com\\\/tienda\\\/wp-content\\\/uploads\\\/2024\\\/12\\\/ATF-GearKare-1.jpg\",\"datePublished\":\"2024-12-31T11:46:43+00:00\",\"dateModified\":\"2026-01-19T11:49:24+00:00\",\"description\":\"Los talleres equipados con la estaci\u00f3n ATF GEARKARE pueden realizar el mantenimiento de la caja de cambios autom\u00e1tica con un proceso simple, autom\u00e1tico y confiable.\",\"breadcrumb\":{\"@id\":\"https:\\\/\\\/mejordiagnosis.com\\\/tienda\\\/producto\\\/snap-on-sun-atf-gearkare\\\/#breadcrumb\"},\"inLanguage\":\"es\",\"potentialAction\":[{\"@type\":\"ReadAction\",\"target\":[\"https:\\\/\\\/mejordiagnosis.com\\\/tienda\\\/producto\\\/snap-on-sun-atf-gearkare\\\/\"]}]},{\"@type\":\"ImageObject\",\"inLanguage\":\"es\",\"@id\":\"https:\\\/\\\/mejordiagnosis.com\\\/tienda\\\/producto\\\/snap-on-sun-atf-gearkare\\\/#primaryimage\",\"url\":\"https:\\\/\\\/mejordiagnosis.com\\\/tienda\\\/wp-content\\\/uploads\\\/2024\\\/12\\\/ATF-GearKare-1.jpg\",\"contentUrl\":\"https:\\\/\\\/mejordiagnosis.com\\\/tienda\\\/wp-content\\\/uploads\\\/2024\\\/12\\\/ATF-GearKare-1.jpg\",\"width\":528,\"height\":526},{\"@type\":\"BreadcrumbList\",\"@id\":\"https:\\\/\\\/mejordiagnosis.com\\\/tienda\\\/producto\\\/snap-on-sun-atf-gearkare\\\/#breadcrumb\",\"itemListElement\":[{\"@type\":\"ListItem\",\"position\":1,\"name\":\"Portada\",\"item\":\"https:\\\/\\\/mejordiagnosis.com\\\/tienda\\\/\"},{\"@type\":\"ListItem\",\"position\":2,\"name\":\"Tienda\",\"item\":\"https:\\\/\\\/mejordiagnosis.com\\\/tienda\\\/shop\\\/\"},{\"@type\":\"ListItem\",\"position\":3,\"name\":\"Snap-On SUN ATF GearKare\"}]},{\"@type\":\"WebSite\",\"@id\":\"https:\\\/\\\/mejordiagnosis.com\\\/tienda\\\/#website\",\"url\":\"https:\\\/\\\/mejordiagnosis.com\\\/tienda\\\/\",\"name\":\"Mejordiagnosis.com\",\"description\":\"Equipos de diagnosis para el autom&oacute;vil\",\"publisher\":{\"@id\":\"https:\\\/\\\/mejordiagnosis.com\\\/tienda\\\/#organization\"},\"alternateName\":\"Mejordiagnosisnm S.L\",\"potentialAction\":[{\"@type\":\"SearchAction\",\"target\":{\"@type\":\"EntryPoint\",\"urlTemplate\":\"https:\\\/\\\/mejordiagnosis.com\\\/tienda\\\/?s={search_term_string}\"},\"query-input\":{\"@type\":\"PropertyValueSpecification\",\"valueRequired\":true,\"valueName\":\"search_term_string\"}}],\"inLanguage\":\"es\"},{\"@type\":\"Organization\",\"@id\":\"https:\\\/\\\/mejordiagnosis.com\\\/tienda\\\/#organization\",\"name\":\"Mejordiagnosis S.L\",\"alternateName\":\"Mejor Diagnosis\",\"url\":\"https:\\\/\\\/mejordiagnosis.com\\\/tienda\\\/\",\"logo\":{\"@type\":\"ImageObject\",\"inLanguage\":\"es\",\"@id\":\"https:\\\/\\\/mejordiagnosis.com\\\/tienda\\\/#\\\/schema\\\/logo\\\/image\\\/\",\"url\":\"https:\\\/\\\/mejordiagnosis.com\\\/tienda\\\/wp-content\\\/uploads\\\/2025\\\/03\\\/cropped-cropped-cropped-cropped-logo-removebg-300x257-1.png\",\"contentUrl\":\"https:\\\/\\\/mejordiagnosis.com\\\/tienda\\\/wp-content\\\/uploads\\\/2025\\\/03\\\/cropped-cropped-cropped-cropped-logo-removebg-300x257-1.png\",\"width\":300,\"height\":257,\"caption\":\"Mejordiagnosis S.L\"},\"image\":{\"@id\":\"https:\\\/\\\/mejordiagnosis.com\\\/tienda\\\/#\\\/schema\\\/logo\\\/image\\\/\"},\"sameAs\":[\"https:\\\/\\\/www.facebook.com\\\/mejordiagnosis\\\/\",\"https:\\\/\\\/www.instagram.com\\\/mejor.diagnosis\\\/\",\"https:\\\/\\\/www.tiktok.com\\\/@mejor.diagnosis?lang=es\"]}]}<\/script>\n<!-- \/ Yoast SEO plugin. -->","yoast_head_json":{"title":"Snap-On SUN ATF GearKare | Mejordiagnosis S.L","description":"Los talleres equipados con la estaci\u00f3n ATF GEARKARE pueden realizar el mantenimiento de la caja de cambios autom\u00e1tica con un proceso simple, autom\u00e1tico y confiable.","robots":{"index":"noindex","follow":"follow"},"og_locale":"es_ES","og_type":"article","og_title":"Snap-On SUN ATF GearKare | Mejordiagnosis S.L","og_description":"Los talleres equipados con la estaci\u00f3n ATF GEARKARE pueden realizar el mantenimiento de la caja de cambios autom\u00e1tica con un proceso simple, autom\u00e1tico y confiable.","og_url":"https:\/\/mejordiagnosis.com\/tienda\/producto\/snap-on-sun-atf-gearkare\/","og_site_name":"Mejordiagnosis S.L","article_publisher":"https:\/\/www.facebook.com\/mejordiagnosis\/","article_modified_time":"2026-01-19T11:49:24+00:00","og_image":[{"width":528,"height":526,"url":"https:\/\/mejordiagnosis.com\/tienda\/wp-content\/uploads\/2024\/12\/ATF-GearKare-1.jpg","type":"image\/jpeg"}],"schema":{"@context":"https:\/\/schema.org","@graph":[{"@type":"WebPage","@id":"https:\/\/mejordiagnosis.com\/tienda\/producto\/snap-on-sun-atf-gearkare\/","url":"https:\/\/mejordiagnosis.com\/tienda\/producto\/snap-on-sun-atf-gearkare\/","name":"Snap-On SUN ATF GearKare | Mejordiagnosis S.L","isPartOf":{"@id":"https:\/\/mejordiagnosis.com\/tienda\/#website"},"primaryImageOfPage":{"@id":"https:\/\/mejordiagnosis.com\/tienda\/producto\/snap-on-sun-atf-gearkare\/#primaryimage"},"image":{"@id":"https:\/\/mejordiagnosis.com\/tienda\/producto\/snap-on-sun-atf-gearkare\/#primaryimage"},"thumbnailUrl":"https:\/\/mejordiagnosis.com\/tienda\/wp-content\/uploads\/2024\/12\/ATF-GearKare-1.jpg","datePublished":"2024-12-31T11:46:43+00:00","dateModified":"2026-01-19T11:49:24+00:00","description":"Los talleres equipados con la estaci\u00f3n ATF GEARKARE pueden realizar el mantenimiento de la caja de cambios autom\u00e1tica con un proceso simple, autom\u00e1tico y confiable.","breadcrumb":{"@id":"https:\/\/mejordiagnosis.com\/tienda\/producto\/snap-on-sun-atf-gearkare\/#breadcrumb"},"inLanguage":"es","potentialAction":[{"@type":"ReadAction","target":["https:\/\/mejordiagnosis.com\/tienda\/producto\/snap-on-sun-atf-gearkare\/"]}]},{"@type":"ImageObject","inLanguage":"es","@id":"https:\/\/mejordiagnosis.com\/tienda\/producto\/snap-on-sun-atf-gearkare\/#primaryimage","url":"https:\/\/mejordiagnosis.com\/tienda\/wp-content\/uploads\/2024\/12\/ATF-GearKare-1.jpg","contentUrl":"https:\/\/mejordiagnosis.com\/tienda\/wp-content\/uploads\/2024\/12\/ATF-GearKare-1.jpg","width":528,"height":526},{"@type":"BreadcrumbList","@id":"https:\/\/mejordiagnosis.com\/tienda\/producto\/snap-on-sun-atf-gearkare\/#breadcrumb","itemListElement":[{"@type":"ListItem","position":1,"name":"Portada","item":"https:\/\/mejordiagnosis.com\/tienda\/"},{"@type":"ListItem","position":2,"name":"Tienda","item":"https:\/\/mejordiagnosis.com\/tienda\/shop\/"},{"@type":"ListItem","position":3,"name":"Snap-On SUN ATF GearKare"}]},{"@type":"WebSite","@id":"https:\/\/mejordiagnosis.com\/tienda\/#website","url":"https:\/\/mejordiagnosis.com\/tienda\/","name":"Mejordiagnosis.com","description":"Equipos de diagnosis para el autom&oacute;vil","publisher":{"@id":"https:\/\/mejordiagnosis.com\/tienda\/#organization"},"alternateName":"Mejordiagnosisnm S.L","potentialAction":[{"@type":"SearchAction","target":{"@type":"EntryPoint","urlTemplate":"https:\/\/mejordiagnosis.com\/tienda\/?s={search_term_string}"},"query-input":{"@type":"PropertyValueSpecification","valueRequired":true,"valueName":"search_term_string"}}],"inLanguage":"es"},{"@type":"Organization","@id":"https:\/\/mejordiagnosis.com\/tienda\/#organization","name":"Mejordiagnosis S.L","alternateName":"Mejor Diagnosis","url":"https:\/\/mejordiagnosis.com\/tienda\/","logo":{"@type":"ImageObject","inLanguage":"es","@id":"https:\/\/mejordiagnosis.com\/tienda\/#\/schema\/logo\/image\/","url":"https:\/\/mejordiagnosis.com\/tienda\/wp-content\/uploads\/2025\/03\/cropped-cropped-cropped-cropped-logo-removebg-300x257-1.png","contentUrl":"https:\/\/mejordiagnosis.com\/tienda\/wp-content\/uploads\/2025\/03\/cropped-cropped-cropped-cropped-logo-removebg-300x257-1.png","width":300,"height":257,"caption":"Mejordiagnosis S.L"},"image":{"@id":"https:\/\/mejordiagnosis.com\/tienda\/#\/schema\/logo\/image\/"},"sameAs":["https:\/\/www.facebook.com\/mejordiagnosis\/","https:\/\/www.instagram.com\/mejor.diagnosis\/","https:\/\/www.tiktok.com\/@mejor.diagnosis?lang=es"]}]}},"_links":{"self":[{"href":"https:\/\/mejordiagnosis.com\/tienda\/wp-json\/wp\/v2\/product\/2794","targetHints":{"allow":["GET"]}}],"collection":[{"href":"https:\/\/mejordiagnosis.com\/tienda\/wp-json\/wp\/v2\/product"}],"about":[{"href":"https:\/\/mejordiagnosis.com\/tienda\/wp-json\/wp\/v2\/types\/product"}],"wp:featuredmedia":[{"embeddable":true,"href":"https:\/\/mejordiagnosis.com\/tienda\/wp-json\/wp\/v2\/media\/2795"}],"wp:attachment":[{"href":"https:\/\/mejordiagnosis.com\/tienda\/wp-json\/wp\/v2\/media?parent=2794"}],"wp:term":[{"taxonomy":"product_brand","embeddable":true,"href":"https:\/\/mejordiagnosis.com\/tienda\/wp-json\/wp\/v2\/product_brand?post=2794"},{"taxonomy":"product_cat","embeddable":true,"href":"https:\/\/mejordiagnosis.com\/tienda\/wp-json\/wp\/v2\/product_cat?post=2794"},{"taxonomy":"product_tag","embeddable":true,"href":"https:\/\/mejordiagnosis.com\/tienda\/wp-json\/wp\/v2\/product_tag?post=2794"}],"curies":[{"name":"wp","href":"https:\/\/api.w.org\/{rel}","templated":true}]}}