{"id":2791,"date":"2024-12-31T11:35:56","date_gmt":"2024-12-31T11:35:56","guid":{"rendered":"http:\/\/167.86.125.240:8082\/?post_type=product&#038;p=2791"},"modified":"2026-01-19T11:49:24","modified_gmt":"2026-01-19T11:49:24","slug":"snap-on-sun-camara-termografica","status":"publish","type":"product","link":"https:\/\/mejordiagnosis.com\/tienda\/producto\/snap-on-sun-camara-termografica\/","title":{"rendered":"Snap-On SUN C\u00e1mara termogr\u00e1fica"},"content":{"rendered":"<div class=\"product-description\">\n<p><strong style=\"font-size: 16px;\">Caracter\u00edsticas Principales<\/strong><\/p>\n<\/div>\n<div class=\"product-key-features\">\n<ul>\n<li>Componentes l\u00e1ser y t\u00e9rmicos<\/li>\n<li>Resoluci\u00f3n del sensor t\u00e9rmico de 32&#215;32<\/li>\n<li>Mezcla t\u00e9rmica de im\u00e1genes<\/li>\n<li>Lecturas de temperatura m\u00e1xima: Modo l\u00e1ser: 1,800\u00b0F, Modo T\u00e9rmico: 1,000\u00b0F<\/li>\n<\/ul>\n<p class=\"open\"><strong>Caracter\u00edsticas F\u00edsicas<\/strong><\/p>\n<ul>\n<li style=\"list-style-type: none;\">\n<ul>\n<li>Pantalla (LCD)<\/li>\n<li>Tama\u00f1o (diagonal): 71 mm (2,8 pulg.)<\/li>\n<li>Resoluci\u00f3n: 240 x 320 p\u00edxeles<\/li>\n<li>L\u00e1ser T\u00e9rmico:\u00a0Intervalo de medici\u00f3n de temperatura: Modo t\u00e9rmico de -20 a 538 \u00b0C<br \/>\n(de -4 a 1000 \u00b0F), modo l\u00e1ser de -20 a 982 \u00b0C (de -4 a 1800 \u00b0F)<\/li>\n<li>Rango Espectral: entre 7,7 \u03bcm y 20 \u03bcm<\/li>\n<li>Distancia efectiva: de 30,48 a 76,2 cm (de 1 a 2,5 pies)<\/li>\n<li>Bater\u00eda:\u00a0Funcionamiento continuo de aproximadamente ocho horas, con un nivel<br \/>\nde brillo de 50 %.\u00a080 % de carga aproximadamente en tres horas. 100 % de carga en menos<br \/>\nde cinco horas.<\/li>\n<li>Ancho:\u00a072,9 mm (2,9 in)<\/li>\n<li>Alto:\u00a0228,3 mm (8,9 in)<\/li>\n<li>Profundidad: 58,3 mm (2,3 in)<\/li>\n<li>Peso:\u00a00,275 kg (8,8 oz)<\/li>\n<li>Rango de temperatura de funcionamiento (ambiente):\u00a0Con una humedad relativa del 0 al 90 % (sin condensaci\u00f3n)<br \/>\nEntre 0 y 45 \u00b0C (32 y 113 \u00b0F)<\/li>\n<li>Temperatura de almacenamiento (ambiente):\u00a0Con una humedad relativa del 0 al 70% (sin condensaci\u00f3n)<br \/>\nEntre -20 y 60 \u00b0C (-4 y 140 \u00b0F)<\/li>\n<li>Condiciones ambientales:\u00a0Este producto se ha dise\u00f1ado para uso exclusivo en espacios cerrados.<br \/>\nNo est\u00e1 evaluado para su uso en lugares h\u00famedos.<\/li>\n<\/ul>\n<\/li>\n<\/ul>\n<\/div>\n","protected":false},"excerpt":{"rendered":"<div class=\"show-for-medium\">\n<div class=\"product-name\">\n<h6>Innovadora y Precisa<\/h6>\n<\/div>\n<\/div>\n<div class=\"product-description\">\n<p>La\u00a0<strong>C\u00e1mara Termogr\u00e1fica\u00a0<\/strong>cuenta con m\u00faltiples\u00a0funciones: Incluye modo de vista de iluminaci\u00f3n visual y t\u00e9rmica combinados, lo cual permite ver fuentes de calor en distintos niveles de opacidad. Se incluye la funci\u00f3n de temperatura de puntero l\u00e1ser, que permite medir con precisi\u00f3n\u00a0\u00a0la temperatura de un parte en especial. Tambi\u00e9n es capaz de realizar capturas de pantalla en todos los modos de vista.<\/p>\n<\/div>\n","protected":false},"featured_media":2792,"template":"","meta":{"site-sidebar-layout":"default","site-content-layout":"","ast-site-content-layout":"default","site-content-style":"default","site-sidebar-style":"default","ast-global-header-display":"","ast-banner-title-visibility":"","ast-main-header-display":"","ast-hfb-above-header-display":"","ast-hfb-below-header-display":"","ast-hfb-mobile-header-display":"","site-post-title":"","ast-breadcrumbs-content":"","ast-featured-img":"","footer-sml-layout":"","ast-disable-related-posts":"","theme-transparent-header-meta":"default","adv-header-id-meta":"","stick-header-meta":"","header-above-stick-meta":"","header-main-stick-meta":"","header-below-stick-meta":"","astra-migrate-meta-layouts":"set","ast-page-background-enabled":"default","ast-page-background-meta":{"desktop":{"background-color":"var(--ast-global-color-4)","background-image":"","background-repeat":"repeat","background-position":"center center","background-size":"auto","background-attachment":"scroll","background-type":"","background-media":"","overlay-type":"","overlay-color":"","overlay-opacity":"","overlay-gradient":""},"tablet":{"background-color":"","background-image":"","background-repeat":"repeat","background-position":"center center","background-size":"auto","background-attachment":"scroll","background-type":"","background-media":"","overlay-type":"","overlay-color":"","overlay-opacity":"","overlay-gradient":""},"mobile":{"background-color":"","background-image":"","background-repeat":"repeat","background-position":"center center","background-size":"auto","background-attachment":"scroll","background-type":"","background-media":"","overlay-type":"","overlay-color":"","overlay-opacity":"","overlay-gradient":""}},"ast-content-background-meta":{"desktop":{"background-color":"var(--ast-global-color-5)","background-image":"","background-repeat":"repeat","background-position":"center center","background-size":"auto","background-attachment":"scroll","background-type":"","background-media":"","overlay-type":"","overlay-color":"","overlay-opacity":"","overlay-gradient":""},"tablet":{"background-color":"var(--ast-global-color-5)","background-image":"","background-repeat":"repeat","background-position":"center center","background-size":"auto","background-attachment":"scroll","background-type":"","background-media":"","overlay-type":"","overlay-color":"","overlay-opacity":"","overlay-gradient":""},"mobile":{"background-color":"var(--ast-global-color-5)","background-image":"","background-repeat":"repeat","background-position":"center center","background-size":"auto","background-attachment":"scroll","background-type":"","background-media":"","overlay-type":"","overlay-color":"","overlay-opacity":"","overlay-gradient":""}}},"product_brand":[213],"product_cat":[301,317],"product_tag":[198],"class_list":{"0":"post-2791","1":"product","2":"type-product","3":"status-publish","4":"has-post-thumbnail","6":"product_brand-snap-on-sun","7":"product_cat-camaras-endoscopicas-termicas","8":"product_cat-maquinaria-snap-on-sun","9":"product_tag-camara","10":"product_shipping_class-peso-mediano","11":"desktop-align-left","12":"tablet-align-left","13":"mobile-align-left","15":"first","16":"instock","17":"taxable","18":"shipping-taxable","19":"product-type-simple"},"yoast_head":"<!-- This site is optimized with the Yoast SEO plugin v27.4 - https:\/\/yoast.com\/product\/yoast-seo-wordpress\/ -->\n<title>Snap-On SUN C\u00e1mara termogr\u00e1fica | Mejordiagnosis S.L<\/title>\n<meta name=\"description\" content=\"C\u00c1MARA TERMOGR\u00c1FICA Herramienta de diagn\u00f3stico dise\u00f1ada para detecci\u00f3n de fallas mec\u00e1nicas o el\u00e9ctricas a trav\u00e9s del l\u00e1ser t\u00e9rmico\" \/>\n<meta name=\"robots\" content=\"noindex, follow\" \/>\n<meta property=\"og:locale\" content=\"es_ES\" \/>\n<meta property=\"og:type\" content=\"article\" \/>\n<meta property=\"og:title\" content=\"Snap-On SUN C\u00e1mara termogr\u00e1fica | Mejordiagnosis S.L\" \/>\n<meta property=\"og:description\" content=\"C\u00c1MARA TERMOGR\u00c1FICA Herramienta de diagn\u00f3stico dise\u00f1ada para detecci\u00f3n de fallas mec\u00e1nicas o el\u00e9ctricas a trav\u00e9s del l\u00e1ser t\u00e9rmico\" \/>\n<meta property=\"og:url\" content=\"https:\/\/mejordiagnosis.com\/tienda\/producto\/snap-on-sun-camara-termografica\/\" \/>\n<meta property=\"og:site_name\" content=\"Mejordiagnosis S.L\" \/>\n<meta property=\"article:publisher\" content=\"https:\/\/www.facebook.com\/mejordiagnosis\/\" \/>\n<meta property=\"article:modified_time\" content=\"2026-01-19T11:49:24+00:00\" \/>\n<meta property=\"og:image\" content=\"https:\/\/mejordiagnosis.com\/tienda\/wp-content\/uploads\/2024\/12\/EETH111-Inclinado.jpg\" \/>\n\t<meta property=\"og:image:width\" content=\"500\" \/>\n\t<meta property=\"og:image:height\" content=\"500\" \/>\n\t<meta property=\"og:image:type\" content=\"image\/jpeg\" \/>\n<script type=\"application\/ld+json\" class=\"yoast-schema-graph\">{\"@context\":\"https:\\\/\\\/schema.org\",\"@graph\":[{\"@type\":\"WebPage\",\"@id\":\"https:\\\/\\\/mejordiagnosis.com\\\/tienda\\\/producto\\\/snap-on-sun-camara-termografica\\\/\",\"url\":\"https:\\\/\\\/mejordiagnosis.com\\\/tienda\\\/producto\\\/snap-on-sun-camara-termografica\\\/\",\"name\":\"Snap-On SUN C\u00e1mara termogr\u00e1fica | Mejordiagnosis S.L\",\"isPartOf\":{\"@id\":\"https:\\\/\\\/mejordiagnosis.com\\\/tienda\\\/#website\"},\"primaryImageOfPage\":{\"@id\":\"https:\\\/\\\/mejordiagnosis.com\\\/tienda\\\/producto\\\/snap-on-sun-camara-termografica\\\/#primaryimage\"},\"image\":{\"@id\":\"https:\\\/\\\/mejordiagnosis.com\\\/tienda\\\/producto\\\/snap-on-sun-camara-termografica\\\/#primaryimage\"},\"thumbnailUrl\":\"https:\\\/\\\/mejordiagnosis.com\\\/tienda\\\/wp-content\\\/uploads\\\/2024\\\/12\\\/EETH111-Inclinado.jpg\",\"datePublished\":\"2024-12-31T11:35:56+00:00\",\"dateModified\":\"2026-01-19T11:49:24+00:00\",\"description\":\"C\u00c1MARA TERMOGR\u00c1FICA Herramienta de diagn\u00f3stico dise\u00f1ada para detecci\u00f3n de fallas mec\u00e1nicas o el\u00e9ctricas a trav\u00e9s del l\u00e1ser t\u00e9rmico\",\"breadcrumb\":{\"@id\":\"https:\\\/\\\/mejordiagnosis.com\\\/tienda\\\/producto\\\/snap-on-sun-camara-termografica\\\/#breadcrumb\"},\"inLanguage\":\"es\",\"potentialAction\":[{\"@type\":\"ReadAction\",\"target\":[\"https:\\\/\\\/mejordiagnosis.com\\\/tienda\\\/producto\\\/snap-on-sun-camara-termografica\\\/\"]}]},{\"@type\":\"ImageObject\",\"inLanguage\":\"es\",\"@id\":\"https:\\\/\\\/mejordiagnosis.com\\\/tienda\\\/producto\\\/snap-on-sun-camara-termografica\\\/#primaryimage\",\"url\":\"https:\\\/\\\/mejordiagnosis.com\\\/tienda\\\/wp-content\\\/uploads\\\/2024\\\/12\\\/EETH111-Inclinado.jpg\",\"contentUrl\":\"https:\\\/\\\/mejordiagnosis.com\\\/tienda\\\/wp-content\\\/uploads\\\/2024\\\/12\\\/EETH111-Inclinado.jpg\",\"width\":500,\"height\":500},{\"@type\":\"BreadcrumbList\",\"@id\":\"https:\\\/\\\/mejordiagnosis.com\\\/tienda\\\/producto\\\/snap-on-sun-camara-termografica\\\/#breadcrumb\",\"itemListElement\":[{\"@type\":\"ListItem\",\"position\":1,\"name\":\"Portada\",\"item\":\"https:\\\/\\\/mejordiagnosis.com\\\/tienda\\\/\"},{\"@type\":\"ListItem\",\"position\":2,\"name\":\"Tienda\",\"item\":\"https:\\\/\\\/mejordiagnosis.com\\\/tienda\\\/shop\\\/\"},{\"@type\":\"ListItem\",\"position\":3,\"name\":\"Snap-On SUN C\u00e1mara termogr\u00e1fica\"}]},{\"@type\":\"WebSite\",\"@id\":\"https:\\\/\\\/mejordiagnosis.com\\\/tienda\\\/#website\",\"url\":\"https:\\\/\\\/mejordiagnosis.com\\\/tienda\\\/\",\"name\":\"Mejordiagnosis.com\",\"description\":\"Equipos de diagnosis para el autom&oacute;vil\",\"publisher\":{\"@id\":\"https:\\\/\\\/mejordiagnosis.com\\\/tienda\\\/#organization\"},\"alternateName\":\"Mejordiagnosisnm S.L\",\"potentialAction\":[{\"@type\":\"SearchAction\",\"target\":{\"@type\":\"EntryPoint\",\"urlTemplate\":\"https:\\\/\\\/mejordiagnosis.com\\\/tienda\\\/?s={search_term_string}\"},\"query-input\":{\"@type\":\"PropertyValueSpecification\",\"valueRequired\":true,\"valueName\":\"search_term_string\"}}],\"inLanguage\":\"es\"},{\"@type\":\"Organization\",\"@id\":\"https:\\\/\\\/mejordiagnosis.com\\\/tienda\\\/#organization\",\"name\":\"Mejordiagnosis S.L\",\"alternateName\":\"Mejor Diagnosis\",\"url\":\"https:\\\/\\\/mejordiagnosis.com\\\/tienda\\\/\",\"logo\":{\"@type\":\"ImageObject\",\"inLanguage\":\"es\",\"@id\":\"https:\\\/\\\/mejordiagnosis.com\\\/tienda\\\/#\\\/schema\\\/logo\\\/image\\\/\",\"url\":\"https:\\\/\\\/mejordiagnosis.com\\\/tienda\\\/wp-content\\\/uploads\\\/2025\\\/03\\\/cropped-cropped-cropped-cropped-logo-removebg-300x257-1.png\",\"contentUrl\":\"https:\\\/\\\/mejordiagnosis.com\\\/tienda\\\/wp-content\\\/uploads\\\/2025\\\/03\\\/cropped-cropped-cropped-cropped-logo-removebg-300x257-1.png\",\"width\":300,\"height\":257,\"caption\":\"Mejordiagnosis S.L\"},\"image\":{\"@id\":\"https:\\\/\\\/mejordiagnosis.com\\\/tienda\\\/#\\\/schema\\\/logo\\\/image\\\/\"},\"sameAs\":[\"https:\\\/\\\/www.facebook.com\\\/mejordiagnosis\\\/\",\"https:\\\/\\\/www.instagram.com\\\/mejor.diagnosis\\\/\",\"https:\\\/\\\/www.tiktok.com\\\/@mejor.diagnosis?lang=es\"]}]}<\/script>\n<!-- \/ Yoast SEO plugin. -->","yoast_head_json":{"title":"Snap-On SUN C\u00e1mara termogr\u00e1fica | Mejordiagnosis S.L","description":"C\u00c1MARA TERMOGR\u00c1FICA Herramienta de diagn\u00f3stico dise\u00f1ada para detecci\u00f3n de fallas mec\u00e1nicas o el\u00e9ctricas a trav\u00e9s del l\u00e1ser t\u00e9rmico","robots":{"index":"noindex","follow":"follow"},"og_locale":"es_ES","og_type":"article","og_title":"Snap-On SUN C\u00e1mara termogr\u00e1fica | Mejordiagnosis S.L","og_description":"C\u00c1MARA TERMOGR\u00c1FICA Herramienta de diagn\u00f3stico dise\u00f1ada para detecci\u00f3n de fallas mec\u00e1nicas o el\u00e9ctricas a trav\u00e9s del l\u00e1ser t\u00e9rmico","og_url":"https:\/\/mejordiagnosis.com\/tienda\/producto\/snap-on-sun-camara-termografica\/","og_site_name":"Mejordiagnosis S.L","article_publisher":"https:\/\/www.facebook.com\/mejordiagnosis\/","article_modified_time":"2026-01-19T11:49:24+00:00","og_image":[{"width":500,"height":500,"url":"https:\/\/mejordiagnosis.com\/tienda\/wp-content\/uploads\/2024\/12\/EETH111-Inclinado.jpg","type":"image\/jpeg"}],"schema":{"@context":"https:\/\/schema.org","@graph":[{"@type":"WebPage","@id":"https:\/\/mejordiagnosis.com\/tienda\/producto\/snap-on-sun-camara-termografica\/","url":"https:\/\/mejordiagnosis.com\/tienda\/producto\/snap-on-sun-camara-termografica\/","name":"Snap-On SUN C\u00e1mara termogr\u00e1fica | Mejordiagnosis S.L","isPartOf":{"@id":"https:\/\/mejordiagnosis.com\/tienda\/#website"},"primaryImageOfPage":{"@id":"https:\/\/mejordiagnosis.com\/tienda\/producto\/snap-on-sun-camara-termografica\/#primaryimage"},"image":{"@id":"https:\/\/mejordiagnosis.com\/tienda\/producto\/snap-on-sun-camara-termografica\/#primaryimage"},"thumbnailUrl":"https:\/\/mejordiagnosis.com\/tienda\/wp-content\/uploads\/2024\/12\/EETH111-Inclinado.jpg","datePublished":"2024-12-31T11:35:56+00:00","dateModified":"2026-01-19T11:49:24+00:00","description":"C\u00c1MARA TERMOGR\u00c1FICA Herramienta de diagn\u00f3stico dise\u00f1ada para detecci\u00f3n de fallas mec\u00e1nicas o el\u00e9ctricas a trav\u00e9s del l\u00e1ser t\u00e9rmico","breadcrumb":{"@id":"https:\/\/mejordiagnosis.com\/tienda\/producto\/snap-on-sun-camara-termografica\/#breadcrumb"},"inLanguage":"es","potentialAction":[{"@type":"ReadAction","target":["https:\/\/mejordiagnosis.com\/tienda\/producto\/snap-on-sun-camara-termografica\/"]}]},{"@type":"ImageObject","inLanguage":"es","@id":"https:\/\/mejordiagnosis.com\/tienda\/producto\/snap-on-sun-camara-termografica\/#primaryimage","url":"https:\/\/mejordiagnosis.com\/tienda\/wp-content\/uploads\/2024\/12\/EETH111-Inclinado.jpg","contentUrl":"https:\/\/mejordiagnosis.com\/tienda\/wp-content\/uploads\/2024\/12\/EETH111-Inclinado.jpg","width":500,"height":500},{"@type":"BreadcrumbList","@id":"https:\/\/mejordiagnosis.com\/tienda\/producto\/snap-on-sun-camara-termografica\/#breadcrumb","itemListElement":[{"@type":"ListItem","position":1,"name":"Portada","item":"https:\/\/mejordiagnosis.com\/tienda\/"},{"@type":"ListItem","position":2,"name":"Tienda","item":"https:\/\/mejordiagnosis.com\/tienda\/shop\/"},{"@type":"ListItem","position":3,"name":"Snap-On SUN C\u00e1mara termogr\u00e1fica"}]},{"@type":"WebSite","@id":"https:\/\/mejordiagnosis.com\/tienda\/#website","url":"https:\/\/mejordiagnosis.com\/tienda\/","name":"Mejordiagnosis.com","description":"Equipos de diagnosis para el autom&oacute;vil","publisher":{"@id":"https:\/\/mejordiagnosis.com\/tienda\/#organization"},"alternateName":"Mejordiagnosisnm S.L","potentialAction":[{"@type":"SearchAction","target":{"@type":"EntryPoint","urlTemplate":"https:\/\/mejordiagnosis.com\/tienda\/?s={search_term_string}"},"query-input":{"@type":"PropertyValueSpecification","valueRequired":true,"valueName":"search_term_string"}}],"inLanguage":"es"},{"@type":"Organization","@id":"https:\/\/mejordiagnosis.com\/tienda\/#organization","name":"Mejordiagnosis S.L","alternateName":"Mejor Diagnosis","url":"https:\/\/mejordiagnosis.com\/tienda\/","logo":{"@type":"ImageObject","inLanguage":"es","@id":"https:\/\/mejordiagnosis.com\/tienda\/#\/schema\/logo\/image\/","url":"https:\/\/mejordiagnosis.com\/tienda\/wp-content\/uploads\/2025\/03\/cropped-cropped-cropped-cropped-logo-removebg-300x257-1.png","contentUrl":"https:\/\/mejordiagnosis.com\/tienda\/wp-content\/uploads\/2025\/03\/cropped-cropped-cropped-cropped-logo-removebg-300x257-1.png","width":300,"height":257,"caption":"Mejordiagnosis S.L"},"image":{"@id":"https:\/\/mejordiagnosis.com\/tienda\/#\/schema\/logo\/image\/"},"sameAs":["https:\/\/www.facebook.com\/mejordiagnosis\/","https:\/\/www.instagram.com\/mejor.diagnosis\/","https:\/\/www.tiktok.com\/@mejor.diagnosis?lang=es"]}]}},"_links":{"self":[{"href":"https:\/\/mejordiagnosis.com\/tienda\/wp-json\/wp\/v2\/product\/2791","targetHints":{"allow":["GET"]}}],"collection":[{"href":"https:\/\/mejordiagnosis.com\/tienda\/wp-json\/wp\/v2\/product"}],"about":[{"href":"https:\/\/mejordiagnosis.com\/tienda\/wp-json\/wp\/v2\/types\/product"}],"wp:featuredmedia":[{"embeddable":true,"href":"https:\/\/mejordiagnosis.com\/tienda\/wp-json\/wp\/v2\/media\/2792"}],"wp:attachment":[{"href":"https:\/\/mejordiagnosis.com\/tienda\/wp-json\/wp\/v2\/media?parent=2791"}],"wp:term":[{"taxonomy":"product_brand","embeddable":true,"href":"https:\/\/mejordiagnosis.com\/tienda\/wp-json\/wp\/v2\/product_brand?post=2791"},{"taxonomy":"product_cat","embeddable":true,"href":"https:\/\/mejordiagnosis.com\/tienda\/wp-json\/wp\/v2\/product_cat?post=2791"},{"taxonomy":"product_tag","embeddable":true,"href":"https:\/\/mejordiagnosis.com\/tienda\/wp-json\/wp\/v2\/product_tag?post=2791"}],"curies":[{"name":"wp","href":"https:\/\/api.w.org\/{rel}","templated":true}]}}