{"id":2704,"date":"2024-12-27T08:24:24","date_gmt":"2024-12-27T08:24:24","guid":{"rendered":"http:\/\/167.86.125.240:8082\/?post_type=product&#038;p=2704"},"modified":"2026-01-19T11:49:22","modified_gmt":"2026-01-19T11:49:22","slug":"eqt-dpf-plus-limpieza-filtros-particulas","status":"publish","type":"product","link":"https:\/\/mejordiagnosis.com\/tienda\/producto\/eqt-dpf-plus-limpieza-filtros-particulas\/","title":{"rendered":"EQT DPF PLUS Limpieza de filtros de part\u00edculas"},"content":{"rendered":"<p><img fetchpriority=\"high\" decoding=\"async\" class=\"alignleft size-full wp-image-2706\" src=\"http:\/\/167.86.125.240:8082\/wp-content\/uploads\/2024\/12\/800x600-800x800-EQT_DPF_PLUS_proceso_de_limpieza-Equipataller_2.jpg\" alt=\"\" width=\"800\" height=\"600\" srcset=\"https:\/\/mejordiagnosis.com\/tienda\/wp-content\/uploads\/2024\/12\/800x600-800x800-EQT_DPF_PLUS_proceso_de_limpieza-Equipataller_2.jpg 800w, https:\/\/mejordiagnosis.com\/tienda\/wp-content\/uploads\/2024\/12\/800x600-800x800-EQT_DPF_PLUS_proceso_de_limpieza-Equipataller_2-300x225.jpg 300w, https:\/\/mejordiagnosis.com\/tienda\/wp-content\/uploads\/2024\/12\/800x600-800x800-EQT_DPF_PLUS_proceso_de_limpieza-Equipataller_2-768x576.jpg 768w, https:\/\/mejordiagnosis.com\/tienda\/wp-content\/uploads\/2024\/12\/800x600-800x800-EQT_DPF_PLUS_proceso_de_limpieza-Equipataller_2-600x450.jpg 600w\" sizes=\"(max-width: 800px) 100vw, 800px\" \/><\/p>\n","protected":false},"excerpt":{"rendered":"<p>El EQT DPF PLUS, fue\u00a0dise\u00f1ado para la limpieza de\u00a0filtros de part\u00edculas sin da\u00f1ar ni disminuir sus propiedades.<\/p>\n<p>Es un equipo limpiador pensado para conseguir una limpieza total\u00a0de la carbonilla, el holl\u00edn y las cenizas en un tiempo muy reducido\u00a0de cualquier filtro de part\u00edculas o catalizador.<\/p>\n<p>El quipo solo necesita electricidad, aire y agua para su funcionamiento. La limpieza se debe de hacer con el filtro de part\u00edculas o catalizador desmontado, no se puede hacer con el filtro montado en el veh\u00edculo.<\/p>\n<p><strong>NOTA: contacte con nosotros para adquirir este producto.<\/strong><\/p>\n","protected":false},"featured_media":2705,"template":"","meta":{"site-sidebar-layout":"default","site-content-layout":"","ast-site-content-layout":"default","site-content-style":"default","site-sidebar-style":"default","ast-global-header-display":"","ast-banner-title-visibility":"","ast-main-header-display":"","ast-hfb-above-header-display":"","ast-hfb-below-header-display":"","ast-hfb-mobile-header-display":"","site-post-title":"","ast-breadcrumbs-content":"","ast-featured-img":"","footer-sml-layout":"","ast-disable-related-posts":"","theme-transparent-header-meta":"default","adv-header-id-meta":"","stick-header-meta":"","header-above-stick-meta":"","header-main-stick-meta":"","header-below-stick-meta":"","astra-migrate-meta-layouts":"set","ast-page-background-enabled":"default","ast-page-background-meta":{"desktop":{"background-color":"var(--ast-global-color-4)","background-image":"","background-repeat":"repeat","background-position":"center center","background-size":"auto","background-attachment":"scroll","background-type":"","background-media":"","overlay-type":"","overlay-color":"","overlay-opacity":"","overlay-gradient":""},"tablet":{"background-color":"","background-image":"","background-repeat":"repeat","background-position":"center center","background-size":"auto","background-attachment":"scroll","background-type":"","background-media":"","overlay-type":"","overlay-color":"","overlay-opacity":"","overlay-gradient":""},"mobile":{"background-color":"","background-image":"","background-repeat":"repeat","background-position":"center center","background-size":"auto","background-attachment":"scroll","background-type":"","background-media":"","overlay-type":"","overlay-color":"","overlay-opacity":"","overlay-gradient":""}},"ast-content-background-meta":{"desktop":{"background-color":"var(--ast-global-color-5)","background-image":"","background-repeat":"repeat","background-position":"center center","background-size":"auto","background-attachment":"scroll","background-type":"","background-media":"","overlay-type":"","overlay-color":"","overlay-opacity":"","overlay-gradient":""},"tablet":{"background-color":"var(--ast-global-color-5)","background-image":"","background-repeat":"repeat","background-position":"center center","background-size":"auto","background-attachment":"scroll","background-type":"","background-media":"","overlay-type":"","overlay-color":"","overlay-opacity":"","overlay-gradient":""},"mobile":{"background-color":"var(--ast-global-color-5)","background-image":"","background-repeat":"repeat","background-position":"center center","background-size":"auto","background-attachment":"scroll","background-type":"","background-media":"","overlay-type":"","overlay-color":"","overlay-opacity":"","overlay-gradient":""}}},"product_brand":[205],"product_cat":[56],"product_tag":[119],"class_list":{"0":"post-2704","1":"product","2":"type-product","3":"status-publish","4":"has-post-thumbnail","6":"product_brand-equipataller","7":"product_cat-equipos-para-mantenimiento","8":"product_tag-dpf","9":"product_shipping_class-peso-mediano","10":"desktop-align-left","11":"tablet-align-left","12":"mobile-align-left","14":"first","15":"instock","16":"taxable","17":"shipping-taxable","18":"product-type-simple"},"yoast_head":"<!-- This site is optimized with the Yoast SEO plugin v27.4 - https:\/\/yoast.com\/product\/yoast-seo-wordpress\/ -->\n<title>EQT DPF PLUS Limpieza de filtros de part\u00edculas | Mejordiagnosis S.L<\/title>\n<meta name=\"description\" content=\"El EQT DPF PLUS, fue dise\u00f1ado para la limpieza de filtros de part\u00edculas sin da\u00f1ar ni disminuir sus propiedades.\" \/>\n<meta name=\"robots\" content=\"noindex, follow\" \/>\n<meta property=\"og:locale\" content=\"es_ES\" \/>\n<meta property=\"og:type\" content=\"article\" \/>\n<meta property=\"og:title\" content=\"EQT DPF PLUS Limpieza de filtros de part\u00edculas | Mejordiagnosis S.L\" \/>\n<meta property=\"og:description\" content=\"El EQT DPF PLUS, fue dise\u00f1ado para la limpieza de filtros de part\u00edculas sin da\u00f1ar ni disminuir sus propiedades.\" \/>\n<meta property=\"og:url\" content=\"https:\/\/mejordiagnosis.com\/tienda\/producto\/eqt-dpf-plus-limpieza-filtros-particulas\/\" \/>\n<meta property=\"og:site_name\" content=\"Mejordiagnosis S.L\" \/>\n<meta property=\"article:publisher\" content=\"https:\/\/www.facebook.com\/mejordiagnosis\/\" \/>\n<meta property=\"article:modified_time\" content=\"2026-01-19T11:49:22+00:00\" \/>\n<meta property=\"og:image\" content=\"https:\/\/mejordiagnosis.com\/tienda\/wp-content\/uploads\/2024\/12\/EQT_DPF_PLUS_Limpiador_filtro_de_particulas_Equipataller_03.png\" \/>\n\t<meta property=\"og:image:width\" content=\"800\" \/>\n\t<meta property=\"og:image:height\" content=\"600\" \/>\n\t<meta property=\"og:image:type\" content=\"image\/png\" \/>\n<script type=\"application\/ld+json\" class=\"yoast-schema-graph\">{\"@context\":\"https:\\\/\\\/schema.org\",\"@graph\":[{\"@type\":\"WebPage\",\"@id\":\"https:\\\/\\\/mejordiagnosis.com\\\/tienda\\\/producto\\\/eqt-dpf-plus-limpieza-filtros-particulas\\\/\",\"url\":\"https:\\\/\\\/mejordiagnosis.com\\\/tienda\\\/producto\\\/eqt-dpf-plus-limpieza-filtros-particulas\\\/\",\"name\":\"EQT DPF PLUS Limpieza de filtros de part\u00edculas | Mejordiagnosis S.L\",\"isPartOf\":{\"@id\":\"https:\\\/\\\/mejordiagnosis.com\\\/tienda\\\/#website\"},\"primaryImageOfPage\":{\"@id\":\"https:\\\/\\\/mejordiagnosis.com\\\/tienda\\\/producto\\\/eqt-dpf-plus-limpieza-filtros-particulas\\\/#primaryimage\"},\"image\":{\"@id\":\"https:\\\/\\\/mejordiagnosis.com\\\/tienda\\\/producto\\\/eqt-dpf-plus-limpieza-filtros-particulas\\\/#primaryimage\"},\"thumbnailUrl\":\"https:\\\/\\\/mejordiagnosis.com\\\/tienda\\\/wp-content\\\/uploads\\\/2024\\\/12\\\/EQT_DPF_PLUS_Limpiador_filtro_de_particulas_Equipataller_03.png\",\"datePublished\":\"2024-12-27T08:24:24+00:00\",\"dateModified\":\"2026-01-19T11:49:22+00:00\",\"description\":\"El EQT DPF PLUS, fue dise\u00f1ado para la limpieza de filtros de part\u00edculas sin da\u00f1ar ni disminuir sus propiedades.\",\"breadcrumb\":{\"@id\":\"https:\\\/\\\/mejordiagnosis.com\\\/tienda\\\/producto\\\/eqt-dpf-plus-limpieza-filtros-particulas\\\/#breadcrumb\"},\"inLanguage\":\"es\",\"potentialAction\":[{\"@type\":\"ReadAction\",\"target\":[\"https:\\\/\\\/mejordiagnosis.com\\\/tienda\\\/producto\\\/eqt-dpf-plus-limpieza-filtros-particulas\\\/\"]}]},{\"@type\":\"ImageObject\",\"inLanguage\":\"es\",\"@id\":\"https:\\\/\\\/mejordiagnosis.com\\\/tienda\\\/producto\\\/eqt-dpf-plus-limpieza-filtros-particulas\\\/#primaryimage\",\"url\":\"https:\\\/\\\/mejordiagnosis.com\\\/tienda\\\/wp-content\\\/uploads\\\/2024\\\/12\\\/EQT_DPF_PLUS_Limpiador_filtro_de_particulas_Equipataller_03.png\",\"contentUrl\":\"https:\\\/\\\/mejordiagnosis.com\\\/tienda\\\/wp-content\\\/uploads\\\/2024\\\/12\\\/EQT_DPF_PLUS_Limpiador_filtro_de_particulas_Equipataller_03.png\",\"width\":800,\"height\":600},{\"@type\":\"BreadcrumbList\",\"@id\":\"https:\\\/\\\/mejordiagnosis.com\\\/tienda\\\/producto\\\/eqt-dpf-plus-limpieza-filtros-particulas\\\/#breadcrumb\",\"itemListElement\":[{\"@type\":\"ListItem\",\"position\":1,\"name\":\"Portada\",\"item\":\"https:\\\/\\\/mejordiagnosis.com\\\/tienda\\\/\"},{\"@type\":\"ListItem\",\"position\":2,\"name\":\"Tienda\",\"item\":\"https:\\\/\\\/mejordiagnosis.com\\\/tienda\\\/shop\\\/\"},{\"@type\":\"ListItem\",\"position\":3,\"name\":\"EQT DPF PLUS Limpieza de filtros de part\u00edculas\"}]},{\"@type\":\"WebSite\",\"@id\":\"https:\\\/\\\/mejordiagnosis.com\\\/tienda\\\/#website\",\"url\":\"https:\\\/\\\/mejordiagnosis.com\\\/tienda\\\/\",\"name\":\"Mejordiagnosis.com\",\"description\":\"Equipos de diagnosis para el autom&oacute;vil\",\"publisher\":{\"@id\":\"https:\\\/\\\/mejordiagnosis.com\\\/tienda\\\/#organization\"},\"alternateName\":\"Mejordiagnosisnm S.L\",\"potentialAction\":[{\"@type\":\"SearchAction\",\"target\":{\"@type\":\"EntryPoint\",\"urlTemplate\":\"https:\\\/\\\/mejordiagnosis.com\\\/tienda\\\/?s={search_term_string}\"},\"query-input\":{\"@type\":\"PropertyValueSpecification\",\"valueRequired\":true,\"valueName\":\"search_term_string\"}}],\"inLanguage\":\"es\"},{\"@type\":\"Organization\",\"@id\":\"https:\\\/\\\/mejordiagnosis.com\\\/tienda\\\/#organization\",\"name\":\"Mejordiagnosis S.L\",\"alternateName\":\"Mejor Diagnosis\",\"url\":\"https:\\\/\\\/mejordiagnosis.com\\\/tienda\\\/\",\"logo\":{\"@type\":\"ImageObject\",\"inLanguage\":\"es\",\"@id\":\"https:\\\/\\\/mejordiagnosis.com\\\/tienda\\\/#\\\/schema\\\/logo\\\/image\\\/\",\"url\":\"https:\\\/\\\/mejordiagnosis.com\\\/tienda\\\/wp-content\\\/uploads\\\/2025\\\/03\\\/cropped-cropped-cropped-cropped-logo-removebg-300x257-1.png\",\"contentUrl\":\"https:\\\/\\\/mejordiagnosis.com\\\/tienda\\\/wp-content\\\/uploads\\\/2025\\\/03\\\/cropped-cropped-cropped-cropped-logo-removebg-300x257-1.png\",\"width\":300,\"height\":257,\"caption\":\"Mejordiagnosis S.L\"},\"image\":{\"@id\":\"https:\\\/\\\/mejordiagnosis.com\\\/tienda\\\/#\\\/schema\\\/logo\\\/image\\\/\"},\"sameAs\":[\"https:\\\/\\\/www.facebook.com\\\/mejordiagnosis\\\/\",\"https:\\\/\\\/www.instagram.com\\\/mejor.diagnosis\\\/\",\"https:\\\/\\\/www.tiktok.com\\\/@mejor.diagnosis?lang=es\"]}]}<\/script>\n<!-- \/ Yoast SEO plugin. -->","yoast_head_json":{"title":"EQT DPF PLUS Limpieza de filtros de part\u00edculas | Mejordiagnosis S.L","description":"El EQT DPF PLUS, fue dise\u00f1ado para la limpieza de filtros de part\u00edculas sin da\u00f1ar ni disminuir sus propiedades.","robots":{"index":"noindex","follow":"follow"},"og_locale":"es_ES","og_type":"article","og_title":"EQT DPF PLUS Limpieza de filtros de part\u00edculas | Mejordiagnosis S.L","og_description":"El EQT DPF PLUS, fue dise\u00f1ado para la limpieza de filtros de part\u00edculas sin da\u00f1ar ni disminuir sus propiedades.","og_url":"https:\/\/mejordiagnosis.com\/tienda\/producto\/eqt-dpf-plus-limpieza-filtros-particulas\/","og_site_name":"Mejordiagnosis S.L","article_publisher":"https:\/\/www.facebook.com\/mejordiagnosis\/","article_modified_time":"2026-01-19T11:49:22+00:00","og_image":[{"width":800,"height":600,"url":"https:\/\/mejordiagnosis.com\/tienda\/wp-content\/uploads\/2024\/12\/EQT_DPF_PLUS_Limpiador_filtro_de_particulas_Equipataller_03.png","type":"image\/png"}],"schema":{"@context":"https:\/\/schema.org","@graph":[{"@type":"WebPage","@id":"https:\/\/mejordiagnosis.com\/tienda\/producto\/eqt-dpf-plus-limpieza-filtros-particulas\/","url":"https:\/\/mejordiagnosis.com\/tienda\/producto\/eqt-dpf-plus-limpieza-filtros-particulas\/","name":"EQT DPF PLUS Limpieza de filtros de part\u00edculas | Mejordiagnosis S.L","isPartOf":{"@id":"https:\/\/mejordiagnosis.com\/tienda\/#website"},"primaryImageOfPage":{"@id":"https:\/\/mejordiagnosis.com\/tienda\/producto\/eqt-dpf-plus-limpieza-filtros-particulas\/#primaryimage"},"image":{"@id":"https:\/\/mejordiagnosis.com\/tienda\/producto\/eqt-dpf-plus-limpieza-filtros-particulas\/#primaryimage"},"thumbnailUrl":"https:\/\/mejordiagnosis.com\/tienda\/wp-content\/uploads\/2024\/12\/EQT_DPF_PLUS_Limpiador_filtro_de_particulas_Equipataller_03.png","datePublished":"2024-12-27T08:24:24+00:00","dateModified":"2026-01-19T11:49:22+00:00","description":"El EQT DPF PLUS, fue dise\u00f1ado para la limpieza de filtros de part\u00edculas sin da\u00f1ar ni disminuir sus propiedades.","breadcrumb":{"@id":"https:\/\/mejordiagnosis.com\/tienda\/producto\/eqt-dpf-plus-limpieza-filtros-particulas\/#breadcrumb"},"inLanguage":"es","potentialAction":[{"@type":"ReadAction","target":["https:\/\/mejordiagnosis.com\/tienda\/producto\/eqt-dpf-plus-limpieza-filtros-particulas\/"]}]},{"@type":"ImageObject","inLanguage":"es","@id":"https:\/\/mejordiagnosis.com\/tienda\/producto\/eqt-dpf-plus-limpieza-filtros-particulas\/#primaryimage","url":"https:\/\/mejordiagnosis.com\/tienda\/wp-content\/uploads\/2024\/12\/EQT_DPF_PLUS_Limpiador_filtro_de_particulas_Equipataller_03.png","contentUrl":"https:\/\/mejordiagnosis.com\/tienda\/wp-content\/uploads\/2024\/12\/EQT_DPF_PLUS_Limpiador_filtro_de_particulas_Equipataller_03.png","width":800,"height":600},{"@type":"BreadcrumbList","@id":"https:\/\/mejordiagnosis.com\/tienda\/producto\/eqt-dpf-plus-limpieza-filtros-particulas\/#breadcrumb","itemListElement":[{"@type":"ListItem","position":1,"name":"Portada","item":"https:\/\/mejordiagnosis.com\/tienda\/"},{"@type":"ListItem","position":2,"name":"Tienda","item":"https:\/\/mejordiagnosis.com\/tienda\/shop\/"},{"@type":"ListItem","position":3,"name":"EQT DPF PLUS Limpieza de filtros de part\u00edculas"}]},{"@type":"WebSite","@id":"https:\/\/mejordiagnosis.com\/tienda\/#website","url":"https:\/\/mejordiagnosis.com\/tienda\/","name":"Mejordiagnosis.com","description":"Equipos de diagnosis para el autom&oacute;vil","publisher":{"@id":"https:\/\/mejordiagnosis.com\/tienda\/#organization"},"alternateName":"Mejordiagnosisnm S.L","potentialAction":[{"@type":"SearchAction","target":{"@type":"EntryPoint","urlTemplate":"https:\/\/mejordiagnosis.com\/tienda\/?s={search_term_string}"},"query-input":{"@type":"PropertyValueSpecification","valueRequired":true,"valueName":"search_term_string"}}],"inLanguage":"es"},{"@type":"Organization","@id":"https:\/\/mejordiagnosis.com\/tienda\/#organization","name":"Mejordiagnosis S.L","alternateName":"Mejor Diagnosis","url":"https:\/\/mejordiagnosis.com\/tienda\/","logo":{"@type":"ImageObject","inLanguage":"es","@id":"https:\/\/mejordiagnosis.com\/tienda\/#\/schema\/logo\/image\/","url":"https:\/\/mejordiagnosis.com\/tienda\/wp-content\/uploads\/2025\/03\/cropped-cropped-cropped-cropped-logo-removebg-300x257-1.png","contentUrl":"https:\/\/mejordiagnosis.com\/tienda\/wp-content\/uploads\/2025\/03\/cropped-cropped-cropped-cropped-logo-removebg-300x257-1.png","width":300,"height":257,"caption":"Mejordiagnosis S.L"},"image":{"@id":"https:\/\/mejordiagnosis.com\/tienda\/#\/schema\/logo\/image\/"},"sameAs":["https:\/\/www.facebook.com\/mejordiagnosis\/","https:\/\/www.instagram.com\/mejor.diagnosis\/","https:\/\/www.tiktok.com\/@mejor.diagnosis?lang=es"]}]}},"_links":{"self":[{"href":"https:\/\/mejordiagnosis.com\/tienda\/wp-json\/wp\/v2\/product\/2704","targetHints":{"allow":["GET"]}}],"collection":[{"href":"https:\/\/mejordiagnosis.com\/tienda\/wp-json\/wp\/v2\/product"}],"about":[{"href":"https:\/\/mejordiagnosis.com\/tienda\/wp-json\/wp\/v2\/types\/product"}],"wp:featuredmedia":[{"embeddable":true,"href":"https:\/\/mejordiagnosis.com\/tienda\/wp-json\/wp\/v2\/media\/2705"}],"wp:attachment":[{"href":"https:\/\/mejordiagnosis.com\/tienda\/wp-json\/wp\/v2\/media?parent=2704"}],"wp:term":[{"taxonomy":"product_brand","embeddable":true,"href":"https:\/\/mejordiagnosis.com\/tienda\/wp-json\/wp\/v2\/product_brand?post=2704"},{"taxonomy":"product_cat","embeddable":true,"href":"https:\/\/mejordiagnosis.com\/tienda\/wp-json\/wp\/v2\/product_cat?post=2704"},{"taxonomy":"product_tag","embeddable":true,"href":"https:\/\/mejordiagnosis.com\/tienda\/wp-json\/wp\/v2\/product_tag?post=2704"}],"curies":[{"name":"wp","href":"https:\/\/api.w.org\/{rel}","templated":true}]}}