{"id":2671,"date":"2024-12-24T09:27:39","date_gmt":"2024-12-24T09:27:39","guid":{"rendered":"http:\/\/167.86.125.240:8082\/?post_type=product&#038;p=2671"},"modified":"2026-01-19T11:49:22","modified_gmt":"2026-01-19T11:49:22","slug":"autel-mx-sensor-ts433","status":"publish","type":"product","link":"https:\/\/mejordiagnosis.com\/tienda\/producto\/autel-mx-sensor-ts433\/","title":{"rendered":"Autel MX Sensor TS433"},"content":{"rendered":"<ul>\n<li>Dise\u00f1ado para funcionar como un sensor OE, en t\u00e9rminos de se\u00f1al, durabilidad y funcionalidad.<\/li>\n<li>Nivel de bater\u00eda automotriz para soportar condiciones clim\u00e1ticas extremas.<\/li>\n<li>V\u00e1lvula de aire de alta precisi\u00f3n para evitar fugas de aire.<\/li>\n<li>V\u00e1stago de v\u00e1lvula reemplazable de aluminio anodizado para resistir la corrosi\u00f3n.<\/li>\n<li>Dise\u00f1o s\u00f3lido de v\u00e1stago giratorio de sujeci\u00f3n para el ajuste de \u00e1ngulo de 0 a 35 grados en todo tipo de ruedas.<\/li>\n<li>Montaje r\u00e1pido y simple en cualquier tipo de rueda.<\/li>\n<\/ul>\n","protected":false},"excerpt":{"rendered":"<p>Los sensores universales programables de aluminio MX-Sensor TS 433MHz son sensores inteligentes eficientes dise\u00f1ados especialmente para el reemplazo de sensores con el objetivo de funcionar como sensores OE, en t\u00e9rminos de intervalo de se\u00f1al, durabilidad y funcionalidad, y ser compatibles con el 99% de los veh\u00edculos de los Estados Unidos y Canad\u00e1. La soluci\u00f3n de sensores 2-SKU que abarca m\u00e1s del 98% de todos los sensores OE en el mercado simplificar\u00e1 en enorme medida la administraci\u00f3n de inventarios y reducir\u00e1 las p\u00e9rdidas de inversi\u00f3n y de ventas.<\/p>\n","protected":false},"featured_media":2672,"template":"","meta":{"site-sidebar-layout":"default","site-content-layout":"","ast-site-content-layout":"default","site-content-style":"default","site-sidebar-style":"default","ast-global-header-display":"","ast-banner-title-visibility":"","ast-main-header-display":"","ast-hfb-above-header-display":"","ast-hfb-below-header-display":"","ast-hfb-mobile-header-display":"","site-post-title":"","ast-breadcrumbs-content":"","ast-featured-img":"","footer-sml-layout":"","ast-disable-related-posts":"","theme-transparent-header-meta":"default","adv-header-id-meta":"","stick-header-meta":"","header-above-stick-meta":"","header-main-stick-meta":"","header-below-stick-meta":"","astra-migrate-meta-layouts":"set","ast-page-background-enabled":"default","ast-page-background-meta":{"desktop":{"background-color":"var(--ast-global-color-4)","background-image":"","background-repeat":"repeat","background-position":"center center","background-size":"auto","background-attachment":"scroll","background-type":"","background-media":"","overlay-type":"","overlay-color":"","overlay-opacity":"","overlay-gradient":""},"tablet":{"background-color":"","background-image":"","background-repeat":"repeat","background-position":"center center","background-size":"auto","background-attachment":"scroll","background-type":"","background-media":"","overlay-type":"","overlay-color":"","overlay-opacity":"","overlay-gradient":""},"mobile":{"background-color":"","background-image":"","background-repeat":"repeat","background-position":"center center","background-size":"auto","background-attachment":"scroll","background-type":"","background-media":"","overlay-type":"","overlay-color":"","overlay-opacity":"","overlay-gradient":""}},"ast-content-background-meta":{"desktop":{"background-color":"var(--ast-global-color-5)","background-image":"","background-repeat":"repeat","background-position":"center center","background-size":"auto","background-attachment":"scroll","background-type":"","background-media":"","overlay-type":"","overlay-color":"","overlay-opacity":"","overlay-gradient":""},"tablet":{"background-color":"var(--ast-global-color-5)","background-image":"","background-repeat":"repeat","background-position":"center center","background-size":"auto","background-attachment":"scroll","background-type":"","background-media":"","overlay-type":"","overlay-color":"","overlay-opacity":"","overlay-gradient":""},"mobile":{"background-color":"var(--ast-global-color-5)","background-image":"","background-repeat":"repeat","background-position":"center center","background-size":"auto","background-attachment":"scroll","background-type":"","background-media":"","overlay-type":"","overlay-color":"","overlay-opacity":"","overlay-gradient":""}}},"product_brand":[201],"product_cat":[35,109],"product_tag":[137,135],"class_list":{"0":"post-2671","1":"product","2":"type-product","3":"status-publish","4":"has-post-thumbnail","6":"product_brand-autel","7":"product_cat-autel","8":"product_cat-tpms","9":"product_tag-sensor","10":"product_tag-tpms","11":"product_shipping_class-peso-mediano","12":"desktop-align-left","13":"tablet-align-left","14":"mobile-align-left","16":"first","17":"instock","18":"taxable","19":"shipping-taxable","20":"product-type-simple"},"yoast_head":"<!-- This site is optimized with the Yoast SEO plugin v27.4 - https:\/\/yoast.com\/product\/yoast-seo-wordpress\/ -->\n<title>Autel MX Sensor TS433 | Mejordiagnosis S.L<\/title>\n<meta name=\"description\" content=\"Los sensores universales programables MX-Sensor TS 433MHz de aluminio son ideales para reemplazar sensores OE, compatibles con el 99% de los veh\u00edculos en EE.UU. y Canad\u00e1. Con una soluci\u00f3n de 2-SKU, ofrecen durabilidad, rendimiento y simplifican la gesti\u00f3n de inventarios, reduciendo las p\u00e9rdidas de inversi\u00f3n y ventas.\" \/>\n<meta name=\"robots\" content=\"noindex, follow\" \/>\n<meta property=\"og:locale\" content=\"es_ES\" \/>\n<meta property=\"og:type\" content=\"article\" \/>\n<meta property=\"og:title\" content=\"Autel MX Sensor TS433 | Mejordiagnosis S.L\" \/>\n<meta property=\"og:description\" content=\"Los sensores universales programables MX-Sensor TS 433MHz de aluminio son ideales para reemplazar sensores OE, compatibles con el 99% de los veh\u00edculos en EE.UU. y Canad\u00e1. Con una soluci\u00f3n de 2-SKU, ofrecen durabilidad, rendimiento y simplifican la gesti\u00f3n de inventarios, reduciendo las p\u00e9rdidas de inversi\u00f3n y ventas.\" \/>\n<meta property=\"og:url\" content=\"https:\/\/mejordiagnosis.com\/tienda\/producto\/autel-mx-sensor-ts433\/\" \/>\n<meta property=\"og:site_name\" content=\"Mejordiagnosis S.L\" \/>\n<meta property=\"article:publisher\" content=\"https:\/\/www.facebook.com\/mejordiagnosis\/\" \/>\n<meta property=\"article:modified_time\" content=\"2026-01-19T11:49:22+00:00\" \/>\n<meta property=\"og:image\" content=\"https:\/\/mejordiagnosis.com\/tienda\/wp-content\/uploads\/2024\/12\/754x754-433MHz-MX-Sensor-M-metal03-AUTEL.jpg\" \/>\n\t<meta property=\"og:image:width\" content=\"754\" \/>\n\t<meta property=\"og:image:height\" content=\"614\" \/>\n\t<meta property=\"og:image:type\" content=\"image\/jpeg\" \/>\n<script type=\"application\/ld+json\" class=\"yoast-schema-graph\">{\"@context\":\"https:\\\/\\\/schema.org\",\"@graph\":[{\"@type\":\"WebPage\",\"@id\":\"https:\\\/\\\/mejordiagnosis.com\\\/tienda\\\/producto\\\/autel-mx-sensor-ts433\\\/\",\"url\":\"https:\\\/\\\/mejordiagnosis.com\\\/tienda\\\/producto\\\/autel-mx-sensor-ts433\\\/\",\"name\":\"Autel MX Sensor TS433 | Mejordiagnosis S.L\",\"isPartOf\":{\"@id\":\"https:\\\/\\\/mejordiagnosis.com\\\/tienda\\\/#website\"},\"primaryImageOfPage\":{\"@id\":\"https:\\\/\\\/mejordiagnosis.com\\\/tienda\\\/producto\\\/autel-mx-sensor-ts433\\\/#primaryimage\"},\"image\":{\"@id\":\"https:\\\/\\\/mejordiagnosis.com\\\/tienda\\\/producto\\\/autel-mx-sensor-ts433\\\/#primaryimage\"},\"thumbnailUrl\":\"https:\\\/\\\/mejordiagnosis.com\\\/tienda\\\/wp-content\\\/uploads\\\/2024\\\/12\\\/754x754-433MHz-MX-Sensor-M-metal03-AUTEL.jpg\",\"datePublished\":\"2024-12-24T09:27:39+00:00\",\"dateModified\":\"2026-01-19T11:49:22+00:00\",\"description\":\"Los sensores universales programables MX-Sensor TS 433MHz de aluminio son ideales para reemplazar sensores OE, compatibles con el 99% de los veh\u00edculos en EE.UU. y Canad\u00e1. Con una soluci\u00f3n de 2-SKU, ofrecen durabilidad, rendimiento y simplifican la gesti\u00f3n de inventarios, reduciendo las p\u00e9rdidas de inversi\u00f3n y ventas.\",\"breadcrumb\":{\"@id\":\"https:\\\/\\\/mejordiagnosis.com\\\/tienda\\\/producto\\\/autel-mx-sensor-ts433\\\/#breadcrumb\"},\"inLanguage\":\"es\",\"potentialAction\":[{\"@type\":\"ReadAction\",\"target\":[\"https:\\\/\\\/mejordiagnosis.com\\\/tienda\\\/producto\\\/autel-mx-sensor-ts433\\\/\"]}]},{\"@type\":\"ImageObject\",\"inLanguage\":\"es\",\"@id\":\"https:\\\/\\\/mejordiagnosis.com\\\/tienda\\\/producto\\\/autel-mx-sensor-ts433\\\/#primaryimage\",\"url\":\"https:\\\/\\\/mejordiagnosis.com\\\/tienda\\\/wp-content\\\/uploads\\\/2024\\\/12\\\/754x754-433MHz-MX-Sensor-M-metal03-AUTEL.jpg\",\"contentUrl\":\"https:\\\/\\\/mejordiagnosis.com\\\/tienda\\\/wp-content\\\/uploads\\\/2024\\\/12\\\/754x754-433MHz-MX-Sensor-M-metal03-AUTEL.jpg\",\"width\":754,\"height\":614},{\"@type\":\"BreadcrumbList\",\"@id\":\"https:\\\/\\\/mejordiagnosis.com\\\/tienda\\\/producto\\\/autel-mx-sensor-ts433\\\/#breadcrumb\",\"itemListElement\":[{\"@type\":\"ListItem\",\"position\":1,\"name\":\"Portada\",\"item\":\"https:\\\/\\\/mejordiagnosis.com\\\/tienda\\\/\"},{\"@type\":\"ListItem\",\"position\":2,\"name\":\"Tienda\",\"item\":\"https:\\\/\\\/mejordiagnosis.com\\\/tienda\\\/shop\\\/\"},{\"@type\":\"ListItem\",\"position\":3,\"name\":\"Autel MX Sensor TS433\"}]},{\"@type\":\"WebSite\",\"@id\":\"https:\\\/\\\/mejordiagnosis.com\\\/tienda\\\/#website\",\"url\":\"https:\\\/\\\/mejordiagnosis.com\\\/tienda\\\/\",\"name\":\"Mejordiagnosis.com\",\"description\":\"Equipos de diagnosis para el autom&oacute;vil\",\"publisher\":{\"@id\":\"https:\\\/\\\/mejordiagnosis.com\\\/tienda\\\/#organization\"},\"alternateName\":\"Mejordiagnosisnm S.L\",\"potentialAction\":[{\"@type\":\"SearchAction\",\"target\":{\"@type\":\"EntryPoint\",\"urlTemplate\":\"https:\\\/\\\/mejordiagnosis.com\\\/tienda\\\/?s={search_term_string}\"},\"query-input\":{\"@type\":\"PropertyValueSpecification\",\"valueRequired\":true,\"valueName\":\"search_term_string\"}}],\"inLanguage\":\"es\"},{\"@type\":\"Organization\",\"@id\":\"https:\\\/\\\/mejordiagnosis.com\\\/tienda\\\/#organization\",\"name\":\"Mejordiagnosis S.L\",\"alternateName\":\"Mejor Diagnosis\",\"url\":\"https:\\\/\\\/mejordiagnosis.com\\\/tienda\\\/\",\"logo\":{\"@type\":\"ImageObject\",\"inLanguage\":\"es\",\"@id\":\"https:\\\/\\\/mejordiagnosis.com\\\/tienda\\\/#\\\/schema\\\/logo\\\/image\\\/\",\"url\":\"https:\\\/\\\/mejordiagnosis.com\\\/tienda\\\/wp-content\\\/uploads\\\/2025\\\/03\\\/cropped-cropped-cropped-cropped-logo-removebg-300x257-1.png\",\"contentUrl\":\"https:\\\/\\\/mejordiagnosis.com\\\/tienda\\\/wp-content\\\/uploads\\\/2025\\\/03\\\/cropped-cropped-cropped-cropped-logo-removebg-300x257-1.png\",\"width\":300,\"height\":257,\"caption\":\"Mejordiagnosis S.L\"},\"image\":{\"@id\":\"https:\\\/\\\/mejordiagnosis.com\\\/tienda\\\/#\\\/schema\\\/logo\\\/image\\\/\"},\"sameAs\":[\"https:\\\/\\\/www.facebook.com\\\/mejordiagnosis\\\/\",\"https:\\\/\\\/www.instagram.com\\\/mejor.diagnosis\\\/\",\"https:\\\/\\\/www.tiktok.com\\\/@mejor.diagnosis?lang=es\"]}]}<\/script>\n<!-- \/ Yoast SEO plugin. -->","yoast_head_json":{"title":"Autel MX Sensor TS433 | Mejordiagnosis S.L","description":"Los sensores universales programables MX-Sensor TS 433MHz de aluminio son ideales para reemplazar sensores OE, compatibles con el 99% de los veh\u00edculos en EE.UU. y Canad\u00e1. Con una soluci\u00f3n de 2-SKU, ofrecen durabilidad, rendimiento y simplifican la gesti\u00f3n de inventarios, reduciendo las p\u00e9rdidas de inversi\u00f3n y ventas.","robots":{"index":"noindex","follow":"follow"},"og_locale":"es_ES","og_type":"article","og_title":"Autel MX Sensor TS433 | Mejordiagnosis S.L","og_description":"Los sensores universales programables MX-Sensor TS 433MHz de aluminio son ideales para reemplazar sensores OE, compatibles con el 99% de los veh\u00edculos en EE.UU. y Canad\u00e1. Con una soluci\u00f3n de 2-SKU, ofrecen durabilidad, rendimiento y simplifican la gesti\u00f3n de inventarios, reduciendo las p\u00e9rdidas de inversi\u00f3n y ventas.","og_url":"https:\/\/mejordiagnosis.com\/tienda\/producto\/autel-mx-sensor-ts433\/","og_site_name":"Mejordiagnosis S.L","article_publisher":"https:\/\/www.facebook.com\/mejordiagnosis\/","article_modified_time":"2026-01-19T11:49:22+00:00","og_image":[{"width":754,"height":614,"url":"https:\/\/mejordiagnosis.com\/tienda\/wp-content\/uploads\/2024\/12\/754x754-433MHz-MX-Sensor-M-metal03-AUTEL.jpg","type":"image\/jpeg"}],"schema":{"@context":"https:\/\/schema.org","@graph":[{"@type":"WebPage","@id":"https:\/\/mejordiagnosis.com\/tienda\/producto\/autel-mx-sensor-ts433\/","url":"https:\/\/mejordiagnosis.com\/tienda\/producto\/autel-mx-sensor-ts433\/","name":"Autel MX Sensor TS433 | Mejordiagnosis S.L","isPartOf":{"@id":"https:\/\/mejordiagnosis.com\/tienda\/#website"},"primaryImageOfPage":{"@id":"https:\/\/mejordiagnosis.com\/tienda\/producto\/autel-mx-sensor-ts433\/#primaryimage"},"image":{"@id":"https:\/\/mejordiagnosis.com\/tienda\/producto\/autel-mx-sensor-ts433\/#primaryimage"},"thumbnailUrl":"https:\/\/mejordiagnosis.com\/tienda\/wp-content\/uploads\/2024\/12\/754x754-433MHz-MX-Sensor-M-metal03-AUTEL.jpg","datePublished":"2024-12-24T09:27:39+00:00","dateModified":"2026-01-19T11:49:22+00:00","description":"Los sensores universales programables MX-Sensor TS 433MHz de aluminio son ideales para reemplazar sensores OE, compatibles con el 99% de los veh\u00edculos en EE.UU. y Canad\u00e1. Con una soluci\u00f3n de 2-SKU, ofrecen durabilidad, rendimiento y simplifican la gesti\u00f3n de inventarios, reduciendo las p\u00e9rdidas de inversi\u00f3n y ventas.","breadcrumb":{"@id":"https:\/\/mejordiagnosis.com\/tienda\/producto\/autel-mx-sensor-ts433\/#breadcrumb"},"inLanguage":"es","potentialAction":[{"@type":"ReadAction","target":["https:\/\/mejordiagnosis.com\/tienda\/producto\/autel-mx-sensor-ts433\/"]}]},{"@type":"ImageObject","inLanguage":"es","@id":"https:\/\/mejordiagnosis.com\/tienda\/producto\/autel-mx-sensor-ts433\/#primaryimage","url":"https:\/\/mejordiagnosis.com\/tienda\/wp-content\/uploads\/2024\/12\/754x754-433MHz-MX-Sensor-M-metal03-AUTEL.jpg","contentUrl":"https:\/\/mejordiagnosis.com\/tienda\/wp-content\/uploads\/2024\/12\/754x754-433MHz-MX-Sensor-M-metal03-AUTEL.jpg","width":754,"height":614},{"@type":"BreadcrumbList","@id":"https:\/\/mejordiagnosis.com\/tienda\/producto\/autel-mx-sensor-ts433\/#breadcrumb","itemListElement":[{"@type":"ListItem","position":1,"name":"Portada","item":"https:\/\/mejordiagnosis.com\/tienda\/"},{"@type":"ListItem","position":2,"name":"Tienda","item":"https:\/\/mejordiagnosis.com\/tienda\/shop\/"},{"@type":"ListItem","position":3,"name":"Autel MX Sensor TS433"}]},{"@type":"WebSite","@id":"https:\/\/mejordiagnosis.com\/tienda\/#website","url":"https:\/\/mejordiagnosis.com\/tienda\/","name":"Mejordiagnosis.com","description":"Equipos de diagnosis para el autom&oacute;vil","publisher":{"@id":"https:\/\/mejordiagnosis.com\/tienda\/#organization"},"alternateName":"Mejordiagnosisnm S.L","potentialAction":[{"@type":"SearchAction","target":{"@type":"EntryPoint","urlTemplate":"https:\/\/mejordiagnosis.com\/tienda\/?s={search_term_string}"},"query-input":{"@type":"PropertyValueSpecification","valueRequired":true,"valueName":"search_term_string"}}],"inLanguage":"es"},{"@type":"Organization","@id":"https:\/\/mejordiagnosis.com\/tienda\/#organization","name":"Mejordiagnosis S.L","alternateName":"Mejor Diagnosis","url":"https:\/\/mejordiagnosis.com\/tienda\/","logo":{"@type":"ImageObject","inLanguage":"es","@id":"https:\/\/mejordiagnosis.com\/tienda\/#\/schema\/logo\/image\/","url":"https:\/\/mejordiagnosis.com\/tienda\/wp-content\/uploads\/2025\/03\/cropped-cropped-cropped-cropped-logo-removebg-300x257-1.png","contentUrl":"https:\/\/mejordiagnosis.com\/tienda\/wp-content\/uploads\/2025\/03\/cropped-cropped-cropped-cropped-logo-removebg-300x257-1.png","width":300,"height":257,"caption":"Mejordiagnosis S.L"},"image":{"@id":"https:\/\/mejordiagnosis.com\/tienda\/#\/schema\/logo\/image\/"},"sameAs":["https:\/\/www.facebook.com\/mejordiagnosis\/","https:\/\/www.instagram.com\/mejor.diagnosis\/","https:\/\/www.tiktok.com\/@mejor.diagnosis?lang=es"]}]}},"_links":{"self":[{"href":"https:\/\/mejordiagnosis.com\/tienda\/wp-json\/wp\/v2\/product\/2671","targetHints":{"allow":["GET"]}}],"collection":[{"href":"https:\/\/mejordiagnosis.com\/tienda\/wp-json\/wp\/v2\/product"}],"about":[{"href":"https:\/\/mejordiagnosis.com\/tienda\/wp-json\/wp\/v2\/types\/product"}],"wp:featuredmedia":[{"embeddable":true,"href":"https:\/\/mejordiagnosis.com\/tienda\/wp-json\/wp\/v2\/media\/2672"}],"wp:attachment":[{"href":"https:\/\/mejordiagnosis.com\/tienda\/wp-json\/wp\/v2\/media?parent=2671"}],"wp:term":[{"taxonomy":"product_brand","embeddable":true,"href":"https:\/\/mejordiagnosis.com\/tienda\/wp-json\/wp\/v2\/product_brand?post=2671"},{"taxonomy":"product_cat","embeddable":true,"href":"https:\/\/mejordiagnosis.com\/tienda\/wp-json\/wp\/v2\/product_cat?post=2671"},{"taxonomy":"product_tag","embeddable":true,"href":"https:\/\/mejordiagnosis.com\/tienda\/wp-json\/wp\/v2\/product_tag?post=2671"}],"curies":[{"name":"wp","href":"https:\/\/api.w.org\/{rel}","templated":true}]}}