{"id":2640,"date":"2024-12-23T11:35:03","date_gmt":"2024-12-23T11:35:03","guid":{"rendered":"http:\/\/167.86.125.240:8082\/?post_type=product&#038;p=2640"},"modified":"2026-01-19T11:49:21","modified_gmt":"2026-01-19T11:49:21","slug":"autel-maxibas-bt506","status":"publish","type":"product","link":"https:\/\/mejordiagnosis.com\/tienda\/producto\/autel-maxibas-bt506\/","title":{"rendered":"Autel MaxiBAS BT506"},"content":{"rendered":"<h3><span style=\"font-family: Arial, serif;\"><span style=\"font-size: medium;\">La\u00a0<strong>MaxiBAS BT506<\/strong>\u00a0dispone de:<\/span><\/span><\/h3>\n<ul>\n<li><span style=\"font-family: Arial, serif;\"><span style=\"font-size: medium;\">Soporte para las pruebas dentro del veh\u00edculo y fuera del veh\u00edculo de las bater\u00edas.<\/span><\/span><\/li>\n<li><span style=\"font-family: Arial, serif;\"><span style=\"font-size: medium;\">Prueba de bater\u00edas de 6 y 12 voltios: 100 &#8211; 2000 CCA<\/span><\/span><\/li>\n<li><span style=\"font-family: Arial, serif;\"><span style=\"font-size: medium;\">Pruebas de sistemas de carga y arranque de 12 y 24 voltios<\/span><\/span><\/li>\n<li><span style=\"font-family: Arial, serif;\"><span style=\"font-size: medium;\">Prueba de bater\u00edas inundadas, AGM, AGM en espiral, EFB y GEL<\/span><\/span><\/li>\n<li><span style=\"font-family: Arial, serif;\"><span style=\"font-size: medium;\">Compatible con CCA, CA, SAE, EN, IEC, DIN, JIS y MCA<\/span><\/span><\/li>\n<\/ul>\n","protected":false},"excerpt":{"rendered":"<p>La <strong>Autel <\/strong><strong>MaxiBAS BT506<\/strong>, es una\u00a0herramienta de an\u00e1lisis de bater\u00edas\u00a0y de sistemas el\u00e9ctricos.<br \/>\nSu m\u00e9todo de conductividad adaptativa, es una forma distinta, moderna y avanzada de an\u00e1lisis de la bater\u00eda que ejecuta un examen m\u00e1s preciso de la capacidad de arranque en fr\u00edo, la capacidad de reserva de la bater\u00eda y de las funciones vitales para determinar la verdadera salud de las mismas.<\/p>\n<p>La\u00a0<strong>BT506<\/strong>\u00a0permite a los mec\u00e1nicos ver el estado de la bater\u00eda y el sistema el\u00e9ctrico del veh\u00edculo. Ya puede descargar la aplicaci\u00f3n m\u00f3vil gratuita, es f\u00e1cil de usar, disponible para dispositivos iOS y Android, para utilizarla con el\u00a0<strong>MaxiBAS BT506<\/strong>\u00a0para realizar pruebas y mostrar los resultados de las mismas.<\/p>\n","protected":false},"featured_media":2641,"template":"","meta":{"site-sidebar-layout":"default","site-content-layout":"","ast-site-content-layout":"default","site-content-style":"default","site-sidebar-style":"default","ast-global-header-display":"","ast-banner-title-visibility":"","ast-main-header-display":"","ast-hfb-above-header-display":"","ast-hfb-below-header-display":"","ast-hfb-mobile-header-display":"","site-post-title":"","ast-breadcrumbs-content":"","ast-featured-img":"","footer-sml-layout":"","ast-disable-related-posts":"","theme-transparent-header-meta":"default","adv-header-id-meta":"","stick-header-meta":"","header-above-stick-meta":"","header-main-stick-meta":"","header-below-stick-meta":"","astra-migrate-meta-layouts":"set","ast-page-background-enabled":"default","ast-page-background-meta":{"desktop":{"background-color":"var(--ast-global-color-4)","background-image":"","background-repeat":"repeat","background-position":"center center","background-size":"auto","background-attachment":"scroll","background-type":"","background-media":"","overlay-type":"","overlay-color":"","overlay-opacity":"","overlay-gradient":""},"tablet":{"background-color":"","background-image":"","background-repeat":"repeat","background-position":"center center","background-size":"auto","background-attachment":"scroll","background-type":"","background-media":"","overlay-type":"","overlay-color":"","overlay-opacity":"","overlay-gradient":""},"mobile":{"background-color":"","background-image":"","background-repeat":"repeat","background-position":"center center","background-size":"auto","background-attachment":"scroll","background-type":"","background-media":"","overlay-type":"","overlay-color":"","overlay-opacity":"","overlay-gradient":""}},"ast-content-background-meta":{"desktop":{"background-color":"var(--ast-global-color-5)","background-image":"","background-repeat":"repeat","background-position":"center center","background-size":"auto","background-attachment":"scroll","background-type":"","background-media":"","overlay-type":"","overlay-color":"","overlay-opacity":"","overlay-gradient":""},"tablet":{"background-color":"var(--ast-global-color-5)","background-image":"","background-repeat":"repeat","background-position":"center center","background-size":"auto","background-attachment":"scroll","background-type":"","background-media":"","overlay-type":"","overlay-color":"","overlay-opacity":"","overlay-gradient":""},"mobile":{"background-color":"var(--ast-global-color-5)","background-image":"","background-repeat":"repeat","background-position":"center center","background-size":"auto","background-attachment":"scroll","background-type":"","background-media":"","overlay-type":"","overlay-color":"","overlay-opacity":"","overlay-gradient":""}}},"product_brand":[201],"product_cat":[35,111],"product_tag":[130],"class_list":{"0":"post-2640","1":"product","2":"type-product","3":"status-publish","4":"has-post-thumbnail","6":"product_brand-autel","7":"product_cat-autel","8":"product_cat-herramientas-especiales","9":"product_tag-bateria","10":"product_shipping_class-peso-mediano","11":"desktop-align-left","12":"tablet-align-left","13":"mobile-align-left","15":"first","16":"instock","17":"taxable","18":"shipping-taxable","19":"product-type-simple"},"yoast_head":"<!-- This site is optimized with the Yoast SEO plugin v27.4 - https:\/\/yoast.com\/product\/yoast-seo-wordpress\/ -->\n<title>Autel MaxiBAS BT506 | Mejordiagnosis S.L<\/title>\n<meta name=\"description\" content=\"La MaxiBAS BT506 de AUTEL Ib\u00e9rica es una herramienta avanzada para an\u00e1lisis de bater\u00edas y sistemas el\u00e9ctricos. Con su m\u00e9todo de conductividad adaptativa, ofrece pruebas precisas de la salud de la bater\u00eda, la capacidad de arranque en fr\u00edo y la reserva. Compatible con dispositivos iOS y Android para resultados r\u00e1pidos y f\u00e1ciles.\" \/>\n<meta name=\"robots\" content=\"noindex, follow\" \/>\n<meta property=\"og:locale\" content=\"es_ES\" \/>\n<meta property=\"og:type\" content=\"article\" \/>\n<meta property=\"og:title\" content=\"Autel MaxiBAS BT506 | Mejordiagnosis S.L\" \/>\n<meta property=\"og:description\" content=\"La MaxiBAS BT506 de AUTEL Ib\u00e9rica es una herramienta avanzada para an\u00e1lisis de bater\u00edas y sistemas el\u00e9ctricos. Con su m\u00e9todo de conductividad adaptativa, ofrece pruebas precisas de la salud de la bater\u00eda, la capacidad de arranque en fr\u00edo y la reserva. Compatible con dispositivos iOS y Android para resultados r\u00e1pidos y f\u00e1ciles.\" \/>\n<meta property=\"og:url\" content=\"https:\/\/mejordiagnosis.com\/tienda\/producto\/autel-maxibas-bt506\/\" \/>\n<meta property=\"og:site_name\" content=\"Mejordiagnosis S.L\" \/>\n<meta property=\"article:publisher\" content=\"https:\/\/www.facebook.com\/mejordiagnosis\/\" \/>\n<meta property=\"article:modified_time\" content=\"2026-01-19T11:49:21+00:00\" \/>\n<meta property=\"og:image\" content=\"https:\/\/mejordiagnosis.com\/tienda\/wp-content\/uploads\/2024\/12\/0x0-maxibas-bt506-autel-8.png\" \/>\n\t<meta property=\"og:image:width\" content=\"500\" \/>\n\t<meta property=\"og:image:height\" content=\"400\" \/>\n\t<meta property=\"og:image:type\" content=\"image\/png\" \/>\n<script type=\"application\/ld+json\" class=\"yoast-schema-graph\">{\"@context\":\"https:\\\/\\\/schema.org\",\"@graph\":[{\"@type\":\"WebPage\",\"@id\":\"https:\\\/\\\/mejordiagnosis.com\\\/tienda\\\/producto\\\/autel-maxibas-bt506\\\/\",\"url\":\"https:\\\/\\\/mejordiagnosis.com\\\/tienda\\\/producto\\\/autel-maxibas-bt506\\\/\",\"name\":\"Autel MaxiBAS BT506 | Mejordiagnosis S.L\",\"isPartOf\":{\"@id\":\"https:\\\/\\\/mejordiagnosis.com\\\/tienda\\\/#website\"},\"primaryImageOfPage\":{\"@id\":\"https:\\\/\\\/mejordiagnosis.com\\\/tienda\\\/producto\\\/autel-maxibas-bt506\\\/#primaryimage\"},\"image\":{\"@id\":\"https:\\\/\\\/mejordiagnosis.com\\\/tienda\\\/producto\\\/autel-maxibas-bt506\\\/#primaryimage\"},\"thumbnailUrl\":\"https:\\\/\\\/mejordiagnosis.com\\\/tienda\\\/wp-content\\\/uploads\\\/2024\\\/12\\\/0x0-maxibas-bt506-autel-8.png\",\"datePublished\":\"2024-12-23T11:35:03+00:00\",\"dateModified\":\"2026-01-19T11:49:21+00:00\",\"description\":\"La MaxiBAS BT506 de AUTEL Ib\u00e9rica es una herramienta avanzada para an\u00e1lisis de bater\u00edas y sistemas el\u00e9ctricos. Con su m\u00e9todo de conductividad adaptativa, ofrece pruebas precisas de la salud de la bater\u00eda, la capacidad de arranque en fr\u00edo y la reserva. Compatible con dispositivos iOS y Android para resultados r\u00e1pidos y f\u00e1ciles.\",\"breadcrumb\":{\"@id\":\"https:\\\/\\\/mejordiagnosis.com\\\/tienda\\\/producto\\\/autel-maxibas-bt506\\\/#breadcrumb\"},\"inLanguage\":\"es\",\"potentialAction\":[{\"@type\":\"ReadAction\",\"target\":[\"https:\\\/\\\/mejordiagnosis.com\\\/tienda\\\/producto\\\/autel-maxibas-bt506\\\/\"]}]},{\"@type\":\"ImageObject\",\"inLanguage\":\"es\",\"@id\":\"https:\\\/\\\/mejordiagnosis.com\\\/tienda\\\/producto\\\/autel-maxibas-bt506\\\/#primaryimage\",\"url\":\"https:\\\/\\\/mejordiagnosis.com\\\/tienda\\\/wp-content\\\/uploads\\\/2024\\\/12\\\/0x0-maxibas-bt506-autel-8.png\",\"contentUrl\":\"https:\\\/\\\/mejordiagnosis.com\\\/tienda\\\/wp-content\\\/uploads\\\/2024\\\/12\\\/0x0-maxibas-bt506-autel-8.png\",\"width\":500,\"height\":400},{\"@type\":\"BreadcrumbList\",\"@id\":\"https:\\\/\\\/mejordiagnosis.com\\\/tienda\\\/producto\\\/autel-maxibas-bt506\\\/#breadcrumb\",\"itemListElement\":[{\"@type\":\"ListItem\",\"position\":1,\"name\":\"Portada\",\"item\":\"https:\\\/\\\/mejordiagnosis.com\\\/tienda\\\/\"},{\"@type\":\"ListItem\",\"position\":2,\"name\":\"Tienda\",\"item\":\"https:\\\/\\\/mejordiagnosis.com\\\/tienda\\\/shop\\\/\"},{\"@type\":\"ListItem\",\"position\":3,\"name\":\"Autel MaxiBAS BT506\"}]},{\"@type\":\"WebSite\",\"@id\":\"https:\\\/\\\/mejordiagnosis.com\\\/tienda\\\/#website\",\"url\":\"https:\\\/\\\/mejordiagnosis.com\\\/tienda\\\/\",\"name\":\"Mejordiagnosis.com\",\"description\":\"Equipos de diagnosis para el autom&oacute;vil\",\"publisher\":{\"@id\":\"https:\\\/\\\/mejordiagnosis.com\\\/tienda\\\/#organization\"},\"alternateName\":\"Mejordiagnosisnm S.L\",\"potentialAction\":[{\"@type\":\"SearchAction\",\"target\":{\"@type\":\"EntryPoint\",\"urlTemplate\":\"https:\\\/\\\/mejordiagnosis.com\\\/tienda\\\/?s={search_term_string}\"},\"query-input\":{\"@type\":\"PropertyValueSpecification\",\"valueRequired\":true,\"valueName\":\"search_term_string\"}}],\"inLanguage\":\"es\"},{\"@type\":\"Organization\",\"@id\":\"https:\\\/\\\/mejordiagnosis.com\\\/tienda\\\/#organization\",\"name\":\"Mejordiagnosis S.L\",\"alternateName\":\"Mejor Diagnosis\",\"url\":\"https:\\\/\\\/mejordiagnosis.com\\\/tienda\\\/\",\"logo\":{\"@type\":\"ImageObject\",\"inLanguage\":\"es\",\"@id\":\"https:\\\/\\\/mejordiagnosis.com\\\/tienda\\\/#\\\/schema\\\/logo\\\/image\\\/\",\"url\":\"https:\\\/\\\/mejordiagnosis.com\\\/tienda\\\/wp-content\\\/uploads\\\/2025\\\/03\\\/cropped-cropped-cropped-cropped-logo-removebg-300x257-1.png\",\"contentUrl\":\"https:\\\/\\\/mejordiagnosis.com\\\/tienda\\\/wp-content\\\/uploads\\\/2025\\\/03\\\/cropped-cropped-cropped-cropped-logo-removebg-300x257-1.png\",\"width\":300,\"height\":257,\"caption\":\"Mejordiagnosis S.L\"},\"image\":{\"@id\":\"https:\\\/\\\/mejordiagnosis.com\\\/tienda\\\/#\\\/schema\\\/logo\\\/image\\\/\"},\"sameAs\":[\"https:\\\/\\\/www.facebook.com\\\/mejordiagnosis\\\/\",\"https:\\\/\\\/www.instagram.com\\\/mejor.diagnosis\\\/\",\"https:\\\/\\\/www.tiktok.com\\\/@mejor.diagnosis?lang=es\"]}]}<\/script>\n<!-- \/ Yoast SEO plugin. -->","yoast_head_json":{"title":"Autel MaxiBAS BT506 | Mejordiagnosis S.L","description":"La MaxiBAS BT506 de AUTEL Ib\u00e9rica es una herramienta avanzada para an\u00e1lisis de bater\u00edas y sistemas el\u00e9ctricos. Con su m\u00e9todo de conductividad adaptativa, ofrece pruebas precisas de la salud de la bater\u00eda, la capacidad de arranque en fr\u00edo y la reserva. Compatible con dispositivos iOS y Android para resultados r\u00e1pidos y f\u00e1ciles.","robots":{"index":"noindex","follow":"follow"},"og_locale":"es_ES","og_type":"article","og_title":"Autel MaxiBAS BT506 | Mejordiagnosis S.L","og_description":"La MaxiBAS BT506 de AUTEL Ib\u00e9rica es una herramienta avanzada para an\u00e1lisis de bater\u00edas y sistemas el\u00e9ctricos. Con su m\u00e9todo de conductividad adaptativa, ofrece pruebas precisas de la salud de la bater\u00eda, la capacidad de arranque en fr\u00edo y la reserva. Compatible con dispositivos iOS y Android para resultados r\u00e1pidos y f\u00e1ciles.","og_url":"https:\/\/mejordiagnosis.com\/tienda\/producto\/autel-maxibas-bt506\/","og_site_name":"Mejordiagnosis S.L","article_publisher":"https:\/\/www.facebook.com\/mejordiagnosis\/","article_modified_time":"2026-01-19T11:49:21+00:00","og_image":[{"width":500,"height":400,"url":"https:\/\/mejordiagnosis.com\/tienda\/wp-content\/uploads\/2024\/12\/0x0-maxibas-bt506-autel-8.png","type":"image\/png"}],"schema":{"@context":"https:\/\/schema.org","@graph":[{"@type":"WebPage","@id":"https:\/\/mejordiagnosis.com\/tienda\/producto\/autel-maxibas-bt506\/","url":"https:\/\/mejordiagnosis.com\/tienda\/producto\/autel-maxibas-bt506\/","name":"Autel MaxiBAS BT506 | Mejordiagnosis S.L","isPartOf":{"@id":"https:\/\/mejordiagnosis.com\/tienda\/#website"},"primaryImageOfPage":{"@id":"https:\/\/mejordiagnosis.com\/tienda\/producto\/autel-maxibas-bt506\/#primaryimage"},"image":{"@id":"https:\/\/mejordiagnosis.com\/tienda\/producto\/autel-maxibas-bt506\/#primaryimage"},"thumbnailUrl":"https:\/\/mejordiagnosis.com\/tienda\/wp-content\/uploads\/2024\/12\/0x0-maxibas-bt506-autel-8.png","datePublished":"2024-12-23T11:35:03+00:00","dateModified":"2026-01-19T11:49:21+00:00","description":"La MaxiBAS BT506 de AUTEL Ib\u00e9rica es una herramienta avanzada para an\u00e1lisis de bater\u00edas y sistemas el\u00e9ctricos. Con su m\u00e9todo de conductividad adaptativa, ofrece pruebas precisas de la salud de la bater\u00eda, la capacidad de arranque en fr\u00edo y la reserva. Compatible con dispositivos iOS y Android para resultados r\u00e1pidos y f\u00e1ciles.","breadcrumb":{"@id":"https:\/\/mejordiagnosis.com\/tienda\/producto\/autel-maxibas-bt506\/#breadcrumb"},"inLanguage":"es","potentialAction":[{"@type":"ReadAction","target":["https:\/\/mejordiagnosis.com\/tienda\/producto\/autel-maxibas-bt506\/"]}]},{"@type":"ImageObject","inLanguage":"es","@id":"https:\/\/mejordiagnosis.com\/tienda\/producto\/autel-maxibas-bt506\/#primaryimage","url":"https:\/\/mejordiagnosis.com\/tienda\/wp-content\/uploads\/2024\/12\/0x0-maxibas-bt506-autel-8.png","contentUrl":"https:\/\/mejordiagnosis.com\/tienda\/wp-content\/uploads\/2024\/12\/0x0-maxibas-bt506-autel-8.png","width":500,"height":400},{"@type":"BreadcrumbList","@id":"https:\/\/mejordiagnosis.com\/tienda\/producto\/autel-maxibas-bt506\/#breadcrumb","itemListElement":[{"@type":"ListItem","position":1,"name":"Portada","item":"https:\/\/mejordiagnosis.com\/tienda\/"},{"@type":"ListItem","position":2,"name":"Tienda","item":"https:\/\/mejordiagnosis.com\/tienda\/shop\/"},{"@type":"ListItem","position":3,"name":"Autel MaxiBAS BT506"}]},{"@type":"WebSite","@id":"https:\/\/mejordiagnosis.com\/tienda\/#website","url":"https:\/\/mejordiagnosis.com\/tienda\/","name":"Mejordiagnosis.com","description":"Equipos de diagnosis para el autom&oacute;vil","publisher":{"@id":"https:\/\/mejordiagnosis.com\/tienda\/#organization"},"alternateName":"Mejordiagnosisnm S.L","potentialAction":[{"@type":"SearchAction","target":{"@type":"EntryPoint","urlTemplate":"https:\/\/mejordiagnosis.com\/tienda\/?s={search_term_string}"},"query-input":{"@type":"PropertyValueSpecification","valueRequired":true,"valueName":"search_term_string"}}],"inLanguage":"es"},{"@type":"Organization","@id":"https:\/\/mejordiagnosis.com\/tienda\/#organization","name":"Mejordiagnosis S.L","alternateName":"Mejor Diagnosis","url":"https:\/\/mejordiagnosis.com\/tienda\/","logo":{"@type":"ImageObject","inLanguage":"es","@id":"https:\/\/mejordiagnosis.com\/tienda\/#\/schema\/logo\/image\/","url":"https:\/\/mejordiagnosis.com\/tienda\/wp-content\/uploads\/2025\/03\/cropped-cropped-cropped-cropped-logo-removebg-300x257-1.png","contentUrl":"https:\/\/mejordiagnosis.com\/tienda\/wp-content\/uploads\/2025\/03\/cropped-cropped-cropped-cropped-logo-removebg-300x257-1.png","width":300,"height":257,"caption":"Mejordiagnosis S.L"},"image":{"@id":"https:\/\/mejordiagnosis.com\/tienda\/#\/schema\/logo\/image\/"},"sameAs":["https:\/\/www.facebook.com\/mejordiagnosis\/","https:\/\/www.instagram.com\/mejor.diagnosis\/","https:\/\/www.tiktok.com\/@mejor.diagnosis?lang=es"]}]}},"_links":{"self":[{"href":"https:\/\/mejordiagnosis.com\/tienda\/wp-json\/wp\/v2\/product\/2640","targetHints":{"allow":["GET"]}}],"collection":[{"href":"https:\/\/mejordiagnosis.com\/tienda\/wp-json\/wp\/v2\/product"}],"about":[{"href":"https:\/\/mejordiagnosis.com\/tienda\/wp-json\/wp\/v2\/types\/product"}],"wp:featuredmedia":[{"embeddable":true,"href":"https:\/\/mejordiagnosis.com\/tienda\/wp-json\/wp\/v2\/media\/2641"}],"wp:attachment":[{"href":"https:\/\/mejordiagnosis.com\/tienda\/wp-json\/wp\/v2\/media?parent=2640"}],"wp:term":[{"taxonomy":"product_brand","embeddable":true,"href":"https:\/\/mejordiagnosis.com\/tienda\/wp-json\/wp\/v2\/product_brand?post=2640"},{"taxonomy":"product_cat","embeddable":true,"href":"https:\/\/mejordiagnosis.com\/tienda\/wp-json\/wp\/v2\/product_cat?post=2640"},{"taxonomy":"product_tag","embeddable":true,"href":"https:\/\/mejordiagnosis.com\/tienda\/wp-json\/wp\/v2\/product_tag?post=2640"}],"curies":[{"name":"wp","href":"https:\/\/api.w.org\/{rel}","templated":true}]}}