{"id":2552,"date":"2024-12-16T08:21:12","date_gmt":"2024-12-16T08:21:12","guid":{"rendered":"http:\/\/167.86.125.240:8082\/?post_type=product&#038;p=2552"},"modified":"2026-01-19T11:49:21","modified_gmt":"2026-01-19T11:49:21","slug":"topdon-bt600","status":"publish","type":"product","link":"https:\/\/mejordiagnosis.com\/tienda\/producto\/topdon-bt600\/","title":{"rendered":"TopDon &#8211; BT600"},"content":{"rendered":"<p><iframe title=\"YouTube video player\" src=\"https:\/\/www.youtube-nocookie.com\/embed\/uHANylDn7pQ?si=731bysvG8IGv4zbs\" width=\"560\" height=\"315\" frameborder=\"0\" allowfullscreen=\"allowfullscreen\"><\/iframe><\/p>\n<h2>Caracter\u00edsticas<\/h2>\n<p>DISE\u00d1O MEJORADO PARA A\u00daN M\u00c1S COMODIDAD<\/p>\n<ul>\n<li>Con el BT600, obtienes un probador de bater\u00eda de primera calidad con una pantalla mejorada. \u00a1Ahora puedes ver todos los resultados de las pruebas en una pantalla a color de 3.5 pulgadas!<\/li>\n<\/ul>\n<p>IMPRIMIR INFORMES DE PRUEBA EN TIEMPO REAL<\/p>\n<ul>\n<li>Su impresora t\u00e9rmica integrada permite a los usuarios imprimir informes inmediatamente despu\u00e9s de realizar pruebas de bater\u00eda. \u00a1Todo lo que necesitar\u00e1 es papel para impresora!<\/li>\n<\/ul>\n<p>SEGURIDAD POR ENCIMA DE TODO<\/p>\n<ul>\n<li>El dispositivo viene con abrazaderas de cobre grandes, reforzadas, libres de humo y chispas. Su protecci\u00f3n contra polaridad inversa evitar\u00e1 da\u00f1os a la bater\u00eda, ahorr\u00e1ndole dinero en reparaciones y reemplazos.<\/li>\n<li>Proporcionando una seguridad inigualable, el BT600 tambi\u00e9n impide el sobrecalentamiento y las descargas el\u00e9ctricas.<\/li>\n<\/ul>\n<p>SU FUENTE DEFINITIVA PARA DATOS PRECISOS DE BATER\u00cdAS<\/p>\n<ul>\n<li>Debido a su tecnolog\u00eda de prueba de conductividad de vanguardia, el BT600 muestra resultados de prueba precisos y completos en segundos.<\/li>\n<li>Este herramienta multifuncional realiza una amplia variedad de pruebas, incluyendo: pruebas de bater\u00eda, pruebas de arranque y pruebas de carga.<\/li>\n<\/ul>\n<p>CAPACIDADES EXPANDIDAS PARA PROBAR A\u00daN M\u00c1S VEH\u00cdCULOS<\/p>\n<ul>\n<li>Soporta pruebas de carga y pruebas de arranque para bater\u00edas de plomo-\u00e1cido de 12V y 24V, realizando pruebas de bater\u00eda en bater\u00edas de 12V. Este probador permite a los profesionales probar autom\u00f3viles de pasajeros y veh\u00edculos pesados. Con el BT600, los t\u00e9cnicos podr\u00e1n completar a\u00fan m\u00e1s trabajos.<\/li>\n<\/ul>\n","protected":false},"excerpt":{"rendered":"<p>El BT600 es el nuevo probador de bater\u00edas avanzado de TOPDON para veh\u00edculos de 12V. Con una pantalla a color de 3.5 pulgadas y una impresora t\u00e9rmica incorporada, esta herramienta ofrece la soluci\u00f3n definitiva para pruebas precisas, r\u00e1pidas y convenientes. Le permite ver f\u00e1cilmente el estado de la bater\u00eda e imprimir informes de prueba en tiempo real.<br \/>\nEl BT600 adopta una tecnolog\u00eda de prueba de conductividad de vanguardia e incluye protecci\u00f3n contra polaridad inversa para evitar conexiones incorrectas. Esta herramienta multifuncional puede medir la capacidad real de Amperios de Arranque en Fr\u00edo de la bater\u00eda del coche, su estado de salud y analizar r\u00e1pidamente los sistemas de arranque y carga.<\/p>\n","protected":false},"featured_media":2555,"template":"","meta":{"site-sidebar-layout":"default","site-content-layout":"","ast-site-content-layout":"default","site-content-style":"default","site-sidebar-style":"default","ast-global-header-display":"","ast-banner-title-visibility":"","ast-main-header-display":"","ast-hfb-above-header-display":"","ast-hfb-below-header-display":"","ast-hfb-mobile-header-display":"","site-post-title":"","ast-breadcrumbs-content":"","ast-featured-img":"","footer-sml-layout":"","ast-disable-related-posts":"","theme-transparent-header-meta":"default","adv-header-id-meta":"","stick-header-meta":"","header-above-stick-meta":"","header-main-stick-meta":"","header-below-stick-meta":"","astra-migrate-meta-layouts":"set","ast-page-background-enabled":"default","ast-page-background-meta":{"desktop":{"background-color":"var(--ast-global-color-4)","background-image":"","background-repeat":"repeat","background-position":"center center","background-size":"auto","background-attachment":"scroll","background-type":"","background-media":"","overlay-type":"","overlay-color":"","overlay-opacity":"","overlay-gradient":""},"tablet":{"background-color":"","background-image":"","background-repeat":"repeat","background-position":"center center","background-size":"auto","background-attachment":"scroll","background-type":"","background-media":"","overlay-type":"","overlay-color":"","overlay-opacity":"","overlay-gradient":""},"mobile":{"background-color":"","background-image":"","background-repeat":"repeat","background-position":"center center","background-size":"auto","background-attachment":"scroll","background-type":"","background-media":"","overlay-type":"","overlay-color":"","overlay-opacity":"","overlay-gradient":""}},"ast-content-background-meta":{"desktop":{"background-color":"var(--ast-global-color-5)","background-image":"","background-repeat":"repeat","background-position":"center center","background-size":"auto","background-attachment":"scroll","background-type":"","background-media":"","overlay-type":"","overlay-color":"","overlay-opacity":"","overlay-gradient":""},"tablet":{"background-color":"var(--ast-global-color-5)","background-image":"","background-repeat":"repeat","background-position":"center center","background-size":"auto","background-attachment":"scroll","background-type":"","background-media":"","overlay-type":"","overlay-color":"","overlay-opacity":"","overlay-gradient":""},"mobile":{"background-color":"var(--ast-global-color-5)","background-image":"","background-repeat":"repeat","background-position":"center center","background-size":"auto","background-attachment":"scroll","background-type":"","background-media":"","overlay-type":"","overlay-color":"","overlay-opacity":"","overlay-gradient":""}}},"product_brand":[226],"product_cat":[39],"product_tag":[130],"class_list":{"0":"post-2552","1":"product","2":"type-product","3":"status-publish","4":"has-post-thumbnail","6":"product_brand-topdon","7":"product_cat-topdon","8":"product_tag-bateria","9":"product_shipping_class-peso-mediano","10":"desktop-align-left","11":"tablet-align-left","12":"mobile-align-left","14":"first","15":"instock","16":"taxable","17":"shipping-taxable","18":"product-type-simple"},"yoast_head":"<!-- This site is optimized with the Yoast SEO plugin v27.4 - https:\/\/yoast.com\/product\/yoast-seo-wordpress\/ -->\n<title>TopDon - BT600 | Mejordiagnosis S.L<\/title>\n<meta name=\"description\" content=\"El BT600 de TOPDON es un comprobador avanzado de bater\u00edas de 12V con pantalla a color de 3,5&quot; e impresora t\u00e9rmica incorporada. Permite realizar pruebas r\u00e1pidas y precisas, mostrando el estado de la bater\u00eda e imprimiendo informes en tiempo real. Con tecnolog\u00eda de prueba por conductividad, mide la capacidad de arranque en fr\u00edo, el estado de salud de la bater\u00eda y analiza los sistemas de arranque y carga. Incluye protecci\u00f3n contra polaridad inversa para mayor seguridad. Perfecto para diagn\u00f3sticos de veh\u00edculos.\" \/>\n<meta name=\"robots\" content=\"noindex, follow\" \/>\n<meta property=\"og:locale\" content=\"es_ES\" \/>\n<meta property=\"og:type\" content=\"article\" \/>\n<meta property=\"og:title\" content=\"TopDon - BT600 | Mejordiagnosis S.L\" \/>\n<meta property=\"og:description\" content=\"El BT600 de TOPDON es un comprobador avanzado de bater\u00edas de 12V con pantalla a color de 3,5&quot; e impresora t\u00e9rmica incorporada. Permite realizar pruebas r\u00e1pidas y precisas, mostrando el estado de la bater\u00eda e imprimiendo informes en tiempo real. Con tecnolog\u00eda de prueba por conductividad, mide la capacidad de arranque en fr\u00edo, el estado de salud de la bater\u00eda y analiza los sistemas de arranque y carga. Incluye protecci\u00f3n contra polaridad inversa para mayor seguridad. Perfecto para diagn\u00f3sticos de veh\u00edculos.\" \/>\n<meta property=\"og:url\" content=\"https:\/\/mejordiagnosis.com\/tienda\/producto\/topdon-bt600\/\" \/>\n<meta property=\"og:site_name\" content=\"Mejordiagnosis S.L\" \/>\n<meta property=\"article:publisher\" content=\"https:\/\/www.facebook.com\/mejordiagnosis\/\" \/>\n<meta property=\"article:modified_time\" content=\"2026-01-19T11:49:21+00:00\" \/>\n<meta property=\"og:image\" content=\"https:\/\/mejordiagnosis.com\/tienda\/wp-content\/uploads\/2024\/12\/BatteryTesterBT600-1.jpg\" \/>\n\t<meta property=\"og:image:width\" content=\"621\" \/>\n\t<meta property=\"og:image:height\" content=\"621\" \/>\n\t<meta property=\"og:image:type\" content=\"image\/jpeg\" \/>\n<script type=\"application\/ld+json\" class=\"yoast-schema-graph\">{\"@context\":\"https:\\\/\\\/schema.org\",\"@graph\":[{\"@type\":\"WebPage\",\"@id\":\"https:\\\/\\\/mejordiagnosis.com\\\/tienda\\\/producto\\\/topdon-bt600\\\/\",\"url\":\"https:\\\/\\\/mejordiagnosis.com\\\/tienda\\\/producto\\\/topdon-bt600\\\/\",\"name\":\"TopDon - BT600 | Mejordiagnosis S.L\",\"isPartOf\":{\"@id\":\"https:\\\/\\\/mejordiagnosis.com\\\/tienda\\\/#website\"},\"primaryImageOfPage\":{\"@id\":\"https:\\\/\\\/mejordiagnosis.com\\\/tienda\\\/producto\\\/topdon-bt600\\\/#primaryimage\"},\"image\":{\"@id\":\"https:\\\/\\\/mejordiagnosis.com\\\/tienda\\\/producto\\\/topdon-bt600\\\/#primaryimage\"},\"thumbnailUrl\":\"https:\\\/\\\/mejordiagnosis.com\\\/tienda\\\/wp-content\\\/uploads\\\/2024\\\/12\\\/BatteryTesterBT600-1.jpg\",\"datePublished\":\"2024-12-16T08:21:12+00:00\",\"dateModified\":\"2026-01-19T11:49:21+00:00\",\"description\":\"El BT600 de TOPDON es un comprobador avanzado de bater\u00edas de 12V con pantalla a color de 3,5\\\" e impresora t\u00e9rmica incorporada. Permite realizar pruebas r\u00e1pidas y precisas, mostrando el estado de la bater\u00eda e imprimiendo informes en tiempo real. Con tecnolog\u00eda de prueba por conductividad, mide la capacidad de arranque en fr\u00edo, el estado de salud de la bater\u00eda y analiza los sistemas de arranque y carga. Incluye protecci\u00f3n contra polaridad inversa para mayor seguridad. Perfecto para diagn\u00f3sticos de veh\u00edculos.\",\"breadcrumb\":{\"@id\":\"https:\\\/\\\/mejordiagnosis.com\\\/tienda\\\/producto\\\/topdon-bt600\\\/#breadcrumb\"},\"inLanguage\":\"es\",\"potentialAction\":[{\"@type\":\"ReadAction\",\"target\":[\"https:\\\/\\\/mejordiagnosis.com\\\/tienda\\\/producto\\\/topdon-bt600\\\/\"]}]},{\"@type\":\"ImageObject\",\"inLanguage\":\"es\",\"@id\":\"https:\\\/\\\/mejordiagnosis.com\\\/tienda\\\/producto\\\/topdon-bt600\\\/#primaryimage\",\"url\":\"https:\\\/\\\/mejordiagnosis.com\\\/tienda\\\/wp-content\\\/uploads\\\/2024\\\/12\\\/BatteryTesterBT600-1.jpg\",\"contentUrl\":\"https:\\\/\\\/mejordiagnosis.com\\\/tienda\\\/wp-content\\\/uploads\\\/2024\\\/12\\\/BatteryTesterBT600-1.jpg\",\"width\":621,\"height\":621},{\"@type\":\"BreadcrumbList\",\"@id\":\"https:\\\/\\\/mejordiagnosis.com\\\/tienda\\\/producto\\\/topdon-bt600\\\/#breadcrumb\",\"itemListElement\":[{\"@type\":\"ListItem\",\"position\":1,\"name\":\"Portada\",\"item\":\"https:\\\/\\\/mejordiagnosis.com\\\/tienda\\\/\"},{\"@type\":\"ListItem\",\"position\":2,\"name\":\"Tienda\",\"item\":\"https:\\\/\\\/mejordiagnosis.com\\\/tienda\\\/shop\\\/\"},{\"@type\":\"ListItem\",\"position\":3,\"name\":\"TopDon &#8211; BT600\"}]},{\"@type\":\"WebSite\",\"@id\":\"https:\\\/\\\/mejordiagnosis.com\\\/tienda\\\/#website\",\"url\":\"https:\\\/\\\/mejordiagnosis.com\\\/tienda\\\/\",\"name\":\"Mejordiagnosis.com\",\"description\":\"Equipos de diagnosis para el autom&oacute;vil\",\"publisher\":{\"@id\":\"https:\\\/\\\/mejordiagnosis.com\\\/tienda\\\/#organization\"},\"alternateName\":\"Mejordiagnosisnm S.L\",\"potentialAction\":[{\"@type\":\"SearchAction\",\"target\":{\"@type\":\"EntryPoint\",\"urlTemplate\":\"https:\\\/\\\/mejordiagnosis.com\\\/tienda\\\/?s={search_term_string}\"},\"query-input\":{\"@type\":\"PropertyValueSpecification\",\"valueRequired\":true,\"valueName\":\"search_term_string\"}}],\"inLanguage\":\"es\"},{\"@type\":\"Organization\",\"@id\":\"https:\\\/\\\/mejordiagnosis.com\\\/tienda\\\/#organization\",\"name\":\"Mejordiagnosis S.L\",\"alternateName\":\"Mejor Diagnosis\",\"url\":\"https:\\\/\\\/mejordiagnosis.com\\\/tienda\\\/\",\"logo\":{\"@type\":\"ImageObject\",\"inLanguage\":\"es\",\"@id\":\"https:\\\/\\\/mejordiagnosis.com\\\/tienda\\\/#\\\/schema\\\/logo\\\/image\\\/\",\"url\":\"https:\\\/\\\/mejordiagnosis.com\\\/tienda\\\/wp-content\\\/uploads\\\/2025\\\/03\\\/cropped-cropped-cropped-cropped-logo-removebg-300x257-1.png\",\"contentUrl\":\"https:\\\/\\\/mejordiagnosis.com\\\/tienda\\\/wp-content\\\/uploads\\\/2025\\\/03\\\/cropped-cropped-cropped-cropped-logo-removebg-300x257-1.png\",\"width\":300,\"height\":257,\"caption\":\"Mejordiagnosis S.L\"},\"image\":{\"@id\":\"https:\\\/\\\/mejordiagnosis.com\\\/tienda\\\/#\\\/schema\\\/logo\\\/image\\\/\"},\"sameAs\":[\"https:\\\/\\\/www.facebook.com\\\/mejordiagnosis\\\/\",\"https:\\\/\\\/www.instagram.com\\\/mejor.diagnosis\\\/\",\"https:\\\/\\\/www.tiktok.com\\\/@mejor.diagnosis?lang=es\"]}]}<\/script>\n<!-- \/ Yoast SEO plugin. -->","yoast_head_json":{"title":"TopDon - BT600 | Mejordiagnosis S.L","description":"El BT600 de TOPDON es un comprobador avanzado de bater\u00edas de 12V con pantalla a color de 3,5\" e impresora t\u00e9rmica incorporada. Permite realizar pruebas r\u00e1pidas y precisas, mostrando el estado de la bater\u00eda e imprimiendo informes en tiempo real. Con tecnolog\u00eda de prueba por conductividad, mide la capacidad de arranque en fr\u00edo, el estado de salud de la bater\u00eda y analiza los sistemas de arranque y carga. Incluye protecci\u00f3n contra polaridad inversa para mayor seguridad. Perfecto para diagn\u00f3sticos de veh\u00edculos.","robots":{"index":"noindex","follow":"follow"},"og_locale":"es_ES","og_type":"article","og_title":"TopDon - BT600 | Mejordiagnosis S.L","og_description":"El BT600 de TOPDON es un comprobador avanzado de bater\u00edas de 12V con pantalla a color de 3,5\" e impresora t\u00e9rmica incorporada. Permite realizar pruebas r\u00e1pidas y precisas, mostrando el estado de la bater\u00eda e imprimiendo informes en tiempo real. Con tecnolog\u00eda de prueba por conductividad, mide la capacidad de arranque en fr\u00edo, el estado de salud de la bater\u00eda y analiza los sistemas de arranque y carga. Incluye protecci\u00f3n contra polaridad inversa para mayor seguridad. Perfecto para diagn\u00f3sticos de veh\u00edculos.","og_url":"https:\/\/mejordiagnosis.com\/tienda\/producto\/topdon-bt600\/","og_site_name":"Mejordiagnosis S.L","article_publisher":"https:\/\/www.facebook.com\/mejordiagnosis\/","article_modified_time":"2026-01-19T11:49:21+00:00","og_image":[{"width":621,"height":621,"url":"https:\/\/mejordiagnosis.com\/tienda\/wp-content\/uploads\/2024\/12\/BatteryTesterBT600-1.jpg","type":"image\/jpeg"}],"schema":{"@context":"https:\/\/schema.org","@graph":[{"@type":"WebPage","@id":"https:\/\/mejordiagnosis.com\/tienda\/producto\/topdon-bt600\/","url":"https:\/\/mejordiagnosis.com\/tienda\/producto\/topdon-bt600\/","name":"TopDon - BT600 | Mejordiagnosis S.L","isPartOf":{"@id":"https:\/\/mejordiagnosis.com\/tienda\/#website"},"primaryImageOfPage":{"@id":"https:\/\/mejordiagnosis.com\/tienda\/producto\/topdon-bt600\/#primaryimage"},"image":{"@id":"https:\/\/mejordiagnosis.com\/tienda\/producto\/topdon-bt600\/#primaryimage"},"thumbnailUrl":"https:\/\/mejordiagnosis.com\/tienda\/wp-content\/uploads\/2024\/12\/BatteryTesterBT600-1.jpg","datePublished":"2024-12-16T08:21:12+00:00","dateModified":"2026-01-19T11:49:21+00:00","description":"El BT600 de TOPDON es un comprobador avanzado de bater\u00edas de 12V con pantalla a color de 3,5\" e impresora t\u00e9rmica incorporada. Permite realizar pruebas r\u00e1pidas y precisas, mostrando el estado de la bater\u00eda e imprimiendo informes en tiempo real. Con tecnolog\u00eda de prueba por conductividad, mide la capacidad de arranque en fr\u00edo, el estado de salud de la bater\u00eda y analiza los sistemas de arranque y carga. Incluye protecci\u00f3n contra polaridad inversa para mayor seguridad. Perfecto para diagn\u00f3sticos de veh\u00edculos.","breadcrumb":{"@id":"https:\/\/mejordiagnosis.com\/tienda\/producto\/topdon-bt600\/#breadcrumb"},"inLanguage":"es","potentialAction":[{"@type":"ReadAction","target":["https:\/\/mejordiagnosis.com\/tienda\/producto\/topdon-bt600\/"]}]},{"@type":"ImageObject","inLanguage":"es","@id":"https:\/\/mejordiagnosis.com\/tienda\/producto\/topdon-bt600\/#primaryimage","url":"https:\/\/mejordiagnosis.com\/tienda\/wp-content\/uploads\/2024\/12\/BatteryTesterBT600-1.jpg","contentUrl":"https:\/\/mejordiagnosis.com\/tienda\/wp-content\/uploads\/2024\/12\/BatteryTesterBT600-1.jpg","width":621,"height":621},{"@type":"BreadcrumbList","@id":"https:\/\/mejordiagnosis.com\/tienda\/producto\/topdon-bt600\/#breadcrumb","itemListElement":[{"@type":"ListItem","position":1,"name":"Portada","item":"https:\/\/mejordiagnosis.com\/tienda\/"},{"@type":"ListItem","position":2,"name":"Tienda","item":"https:\/\/mejordiagnosis.com\/tienda\/shop\/"},{"@type":"ListItem","position":3,"name":"TopDon &#8211; BT600"}]},{"@type":"WebSite","@id":"https:\/\/mejordiagnosis.com\/tienda\/#website","url":"https:\/\/mejordiagnosis.com\/tienda\/","name":"Mejordiagnosis.com","description":"Equipos de diagnosis para el autom&oacute;vil","publisher":{"@id":"https:\/\/mejordiagnosis.com\/tienda\/#organization"},"alternateName":"Mejordiagnosisnm S.L","potentialAction":[{"@type":"SearchAction","target":{"@type":"EntryPoint","urlTemplate":"https:\/\/mejordiagnosis.com\/tienda\/?s={search_term_string}"},"query-input":{"@type":"PropertyValueSpecification","valueRequired":true,"valueName":"search_term_string"}}],"inLanguage":"es"},{"@type":"Organization","@id":"https:\/\/mejordiagnosis.com\/tienda\/#organization","name":"Mejordiagnosis S.L","alternateName":"Mejor Diagnosis","url":"https:\/\/mejordiagnosis.com\/tienda\/","logo":{"@type":"ImageObject","inLanguage":"es","@id":"https:\/\/mejordiagnosis.com\/tienda\/#\/schema\/logo\/image\/","url":"https:\/\/mejordiagnosis.com\/tienda\/wp-content\/uploads\/2025\/03\/cropped-cropped-cropped-cropped-logo-removebg-300x257-1.png","contentUrl":"https:\/\/mejordiagnosis.com\/tienda\/wp-content\/uploads\/2025\/03\/cropped-cropped-cropped-cropped-logo-removebg-300x257-1.png","width":300,"height":257,"caption":"Mejordiagnosis S.L"},"image":{"@id":"https:\/\/mejordiagnosis.com\/tienda\/#\/schema\/logo\/image\/"},"sameAs":["https:\/\/www.facebook.com\/mejordiagnosis\/","https:\/\/www.instagram.com\/mejor.diagnosis\/","https:\/\/www.tiktok.com\/@mejor.diagnosis?lang=es"]}]}},"_links":{"self":[{"href":"https:\/\/mejordiagnosis.com\/tienda\/wp-json\/wp\/v2\/product\/2552","targetHints":{"allow":["GET"]}}],"collection":[{"href":"https:\/\/mejordiagnosis.com\/tienda\/wp-json\/wp\/v2\/product"}],"about":[{"href":"https:\/\/mejordiagnosis.com\/tienda\/wp-json\/wp\/v2\/types\/product"}],"wp:featuredmedia":[{"embeddable":true,"href":"https:\/\/mejordiagnosis.com\/tienda\/wp-json\/wp\/v2\/media\/2555"}],"wp:attachment":[{"href":"https:\/\/mejordiagnosis.com\/tienda\/wp-json\/wp\/v2\/media?parent=2552"}],"wp:term":[{"taxonomy":"product_brand","embeddable":true,"href":"https:\/\/mejordiagnosis.com\/tienda\/wp-json\/wp\/v2\/product_brand?post=2552"},{"taxonomy":"product_cat","embeddable":true,"href":"https:\/\/mejordiagnosis.com\/tienda\/wp-json\/wp\/v2\/product_cat?post=2552"},{"taxonomy":"product_tag","embeddable":true,"href":"https:\/\/mejordiagnosis.com\/tienda\/wp-json\/wp\/v2\/product_tag?post=2552"}],"curies":[{"name":"wp","href":"https:\/\/api.w.org\/{rel}","templated":true}]}}