{"id":2484,"date":"2024-12-12T12:09:22","date_gmt":"2024-12-12T12:09:22","guid":{"rendered":"http:\/\/167.86.125.240:8082\/?post_type=product&#038;p=2484"},"modified":"2026-01-19T11:49:19","modified_gmt":"2026-01-19T11:49:19","slug":"delphi-vci-de-diagnosis-bluetech-autos-camiones","status":"publish","type":"product","link":"https:\/\/mejordiagnosis.com\/tienda\/producto\/delphi-vci-de-diagnosis-bluetech-autos-camiones\/","title":{"rendered":"Delphi VCI de diagnosis BlueTech Automoviles &#038; Camiones"},"content":{"rendered":"<h4 class=\"uk-heading-medium\">Da la bienvenida a la pr\u00f3xima generaci\u00f3n de diagnosis de Delphi<\/h4>\n<p class=\"uk-text-default\">La unidad, que est\u00e1 preparada para el futuro, incorpora nuevas integraciones como CAN FD para diagnosis mejorada y moderna con 3 canales CAN, as\u00ed como DoIP para las funciones m\u00e1s modernas del veh\u00edculo que han llegado para quedarse, como son la diagnosis telem\u00e1tica, los sistemas ADAS y diagnosis protegida por sistemas de Security Gate Way (Diagnosis Segura).<\/p>\n<h3>El futuro de la diagnosis en tus manos<\/h3>\n<p class=\"uk-text-default\">La nueva VCI BlueTech pone el poder de la tecnolog\u00eda de nueva generaci\u00f3n en manos del t\u00e9cnico. Nuestra nueva VCI combina una variedad de elementos esenciales para el taller en una sola herramienta, con una funcionalidad flexible y una amplia cobertura de aplicaciones que est\u00e1 siempre en crecimiento.<\/p>\n<p class=\"uk-text-default\">La VCI tiene un panel destacado de iconos en la parte superior de la unidad y tambi\u00e9n una iluminaci\u00f3n codificada por colores seg\u00fan las funciones que est\u00e9 realizando la m\u00e1quina y que se puede ver desde cualquier \u00e1ngulo mientras el t\u00e9cnico se mueve alrededor del veh\u00edculo. El software intuitivo y la amplia oferta de licencias permiten al taller dar servicio a todos sus clientes con una \u00fanica VCI, cubriendo turismos y veh\u00edculos comerciales ligeros y pesados.<\/p>\n<p class=\"uk-text-default\">Ya se trate de un simple reseteado de aver\u00edas o de una comprobaci\u00f3n diagn\u00f3stica compleja, la VCI BlueTech es un recurso muy \u00fatil para que el taller tenga una mayor productividad y m\u00e1s oportunidades de crecimiento.<\/p>\n<h3>Comprueba la diferencia por ti mismo<\/h3>\n<p><iframe title=\"YouTube video player\" src=\"https:\/\/www.youtube-nocookie.com\/embed\/_eeCQTDH0Ww?si=PYQxPaq1NuhUAT9a\" width=\"560\" height=\"315\" frameborder=\"0\" allowfullscreen=\"allowfullscreen\"><\/iframe><\/p>\n<h3 class=\"uk-heading-large uk-margin-remove\">La diferencia Delphi<\/h3>\n<ul class=\"uk-list uk-text-large color-grey-1 uk-margin-remove\">\n<li class=\"uk-flex uk-margin-top\">\n<div class=\"uk-flex-1\">100 a\u00f1os de experiencia en equipo original: proveedor de los principales fabricantes de autom\u00f3viles del mundo<\/div>\n<\/li>\n<li class=\"uk-flex uk-margin-top\">\n<div class=\"uk-flex-1\">Herencia y conocimiento de equipo original en cada pieza de recambio<\/div>\n<\/li>\n<li class=\"uk-flex uk-margin-top\">\n<div class=\"uk-flex-1\">Soluciones completas para una amplia gama de modelos de veh\u00edculos y a\u00f1os<\/div>\n<\/li>\n<li class=\"uk-flex uk-margin-top\">\n<div class=\"uk-flex-1\">C\u00f3digos de referencias optimizados para una gesti\u00f3n de inventario m\u00e1s sencilla<\/div>\n<\/li>\n<li class=\"uk-flex uk-margin-top\">\n<div class=\"uk-flex-1\">Apoyo al taller mediante herramientas, soporte y formaci\u00f3n<\/div>\n<\/li>\n<\/ul>\n<p>&nbsp;<\/p>\n","protected":false},"excerpt":{"rendered":"<p>La nueva generaci\u00f3n de diagnosis cuenta con una cobertura ampliada de veh\u00edculos, funcionalidades adicionales y soporte integrado. Al encender la unidad, 5 veces m\u00e1s potente que su predecesora, el t\u00e9cnico puede beneficiarse inmediatamente de un software intuitivo con una apariencia renovada.<\/p>\n<p>Nuestra potente soluci\u00f3n de diagnosis, repleta de funciones y con un manejo sencillo, te ofrece esta y otras muchas m\u00e1s posibilidades. S\u00f3lo tienes que conectar la VCI a la toma OBD del veh\u00edculo y se comunicar\u00e1 a trav\u00e9s de Bluetooth\/Wi-Fi\/Cable USB-C con el software instalado en tu dispositivo, ya sea en versi\u00f3n para turismo como para veh\u00edculos pesados, lo que te brindar\u00e1 acceso a diagnosis e informaci\u00f3n t\u00e9cnica a nivel de fabricante. Solo tienes que elegir qu\u00e9 software y hardware se adapta mejor a ti.<\/p>\n<p>Puede adquirir diferentes <strong>licencias<\/strong> para este producto, dependiendo de la versi\u00f3n de software que necesites:<\/p>\n<ul>\n<li>DS Software Turismos\/Veh\u00edculos Comerciales Ligeros<\/li>\n<li>DS Software Veh\u00edculos pesados<\/li>\n<li>DS Software Turismos\/Veh\u00edculos Comerciales Ligeros + DS Software Veh\u00edculos pesados<\/li>\n<\/ul>\n<p>\u00bfQuieres probarlo? Accede a este simulador: <a href=\"https:\/\/www.delphiautoparts.com\/en-gb\/diagnostics-test-equipment\/obd-diagnostics\/ds-software-simulator\" target=\"_blank\" rel=\"noopener\">ACCEDER<\/a><\/p>\n<p>&nbsp;<\/p>\n<p><strong>NOTA: contacte con nosotros para adquirir este producto.<\/strong><\/p>\n","protected":false},"featured_media":2523,"template":"","meta":{"site-sidebar-layout":"default","site-content-layout":"","ast-site-content-layout":"default","site-content-style":"default","site-sidebar-style":"default","ast-global-header-display":"","ast-banner-title-visibility":"","ast-main-header-display":"","ast-hfb-above-header-display":"","ast-hfb-below-header-display":"","ast-hfb-mobile-header-display":"","site-post-title":"","ast-breadcrumbs-content":"","ast-featured-img":"","footer-sml-layout":"","ast-disable-related-posts":"","theme-transparent-header-meta":"default","adv-header-id-meta":"","stick-header-meta":"","header-above-stick-meta":"","header-main-stick-meta":"","header-below-stick-meta":"","astra-migrate-meta-layouts":"set","ast-page-background-enabled":"default","ast-page-background-meta":{"desktop":{"background-color":"var(--ast-global-color-4)","background-image":"","background-repeat":"repeat","background-position":"center center","background-size":"auto","background-attachment":"scroll","background-type":"","background-media":"","overlay-type":"","overlay-color":"","overlay-opacity":"","overlay-gradient":""},"tablet":{"background-color":"","background-image":"","background-repeat":"repeat","background-position":"center center","background-size":"auto","background-attachment":"scroll","background-type":"","background-media":"","overlay-type":"","overlay-color":"","overlay-opacity":"","overlay-gradient":""},"mobile":{"background-color":"","background-image":"","background-repeat":"repeat","background-position":"center center","background-size":"auto","background-attachment":"scroll","background-type":"","background-media":"","overlay-type":"","overlay-color":"","overlay-opacity":"","overlay-gradient":""}},"ast-content-background-meta":{"desktop":{"background-color":"var(--ast-global-color-5)","background-image":"","background-repeat":"repeat","background-position":"center center","background-size":"auto","background-attachment":"scroll","background-type":"","background-media":"","overlay-type":"","overlay-color":"","overlay-opacity":"","overlay-gradient":""},"tablet":{"background-color":"var(--ast-global-color-5)","background-image":"","background-repeat":"repeat","background-position":"center center","background-size":"auto","background-attachment":"scroll","background-type":"","background-media":"","overlay-type":"","overlay-color":"","overlay-opacity":"","overlay-gradient":""},"mobile":{"background-color":"var(--ast-global-color-5)","background-image":"","background-repeat":"repeat","background-position":"center center","background-size":"auto","background-attachment":"scroll","background-type":"","background-media":"","overlay-type":"","overlay-color":"","overlay-opacity":"","overlay-gradient":""}}},"product_brand":[],"product_cat":[37],"product_tag":[114,118,113,120,119,116,104,193,115,117,121],"class_list":{"0":"post-2484","1":"product","2":"type-product","3":"status-publish","4":"has-post-thumbnail","6":"product_cat-delphi-technologies","7":"product_tag-bluetooth","8":"product_tag-bms","9":"product_tag-bt","10":"product_tag-diagnosis","11":"product_tag-dpf","12":"product_tag-epb","13":"product_tag-multimarca","14":"product_tag-pass-thru","15":"product_tag-reset","16":"product_tag-sas","17":"product_tag-tiempo-real","18":"product_shipping_class-peso-mediano","19":"desktop-align-left","20":"tablet-align-left","21":"mobile-align-left","23":"first","24":"instock","25":"taxable","26":"shipping-taxable","27":"product-type-simple"},"yoast_head":"<!-- This site is optimized with the Yoast SEO plugin v27.4 - https:\/\/yoast.com\/product\/yoast-seo-wordpress\/ -->\n<title>Delphi VCI de diagnosis BlueTech Automoviles &amp; Camiones | Mejordiagnosis S.L<\/title>\n<meta name=\"description\" content=\"El VCI de diagn\u00f3stico BlueTech para autom\u00f3viles y camiones ofrece una soluci\u00f3n avanzada con mayor cobertura de veh\u00edculos, funcionalidades mejoradas y soporte integrado. Con un rendimiento 5 veces superior al modelo anterior, proporciona un software intuitivo y f\u00e1cil de usar. Con\u00e9ctalo v\u00eda Bluetooth, Wi-Fi o USB-C para acceder a diagn\u00f3sticos y datos t\u00e9cnicos de fabricantes, tanto para veh\u00edculos ligeros como pesados. \u00a1Optimiza tu diagn\u00f3stico con tecnolog\u00eda de \u00faltima generaci\u00f3n!\" \/>\n<meta name=\"robots\" content=\"noindex, follow\" \/>\n<meta property=\"og:locale\" content=\"es_ES\" \/>\n<meta property=\"og:type\" content=\"article\" \/>\n<meta property=\"og:title\" content=\"Delphi VCI de diagnosis BlueTech Automoviles &amp; Camiones | Mejordiagnosis S.L\" \/>\n<meta property=\"og:description\" content=\"El VCI de diagn\u00f3stico BlueTech para autom\u00f3viles y camiones ofrece una soluci\u00f3n avanzada con mayor cobertura de veh\u00edculos, funcionalidades mejoradas y soporte integrado. Con un rendimiento 5 veces superior al modelo anterior, proporciona un software intuitivo y f\u00e1cil de usar. Con\u00e9ctalo v\u00eda Bluetooth, Wi-Fi o USB-C para acceder a diagn\u00f3sticos y datos t\u00e9cnicos de fabricantes, tanto para veh\u00edculos ligeros como pesados. \u00a1Optimiza tu diagn\u00f3stico con tecnolog\u00eda de \u00faltima generaci\u00f3n!\" \/>\n<meta property=\"og:url\" content=\"https:\/\/mejordiagnosis.com\/tienda\/producto\/delphi-vci-de-diagnosis-bluetech-autos-camiones\/\" \/>\n<meta property=\"og:site_name\" content=\"Mejordiagnosis S.L\" \/>\n<meta property=\"article:publisher\" content=\"https:\/\/www.facebook.com\/mejordiagnosis\/\" \/>\n<meta property=\"article:modified_time\" content=\"2026-01-19T11:49:19+00:00\" \/>\n<meta property=\"og:image\" content=\"https:\/\/mejordiagnosis.com\/tienda\/wp-content\/uploads\/2024\/12\/delphi-bluetech-vci-diagnostics.png\" \/>\n\t<meta property=\"og:image:width\" content=\"1280\" \/>\n\t<meta property=\"og:image:height\" content=\"960\" \/>\n\t<meta property=\"og:image:type\" content=\"image\/png\" \/>\n<script type=\"application\/ld+json\" class=\"yoast-schema-graph\">{\"@context\":\"https:\\\/\\\/schema.org\",\"@graph\":[{\"@type\":\"WebPage\",\"@id\":\"https:\\\/\\\/mejordiagnosis.com\\\/tienda\\\/producto\\\/delphi-vci-de-diagnosis-bluetech-autos-camiones\\\/\",\"url\":\"https:\\\/\\\/mejordiagnosis.com\\\/tienda\\\/producto\\\/delphi-vci-de-diagnosis-bluetech-autos-camiones\\\/\",\"name\":\"Delphi VCI de diagnosis BlueTech Automoviles & Camiones | Mejordiagnosis S.L\",\"isPartOf\":{\"@id\":\"https:\\\/\\\/mejordiagnosis.com\\\/tienda\\\/#website\"},\"primaryImageOfPage\":{\"@id\":\"https:\\\/\\\/mejordiagnosis.com\\\/tienda\\\/producto\\\/delphi-vci-de-diagnosis-bluetech-autos-camiones\\\/#primaryimage\"},\"image\":{\"@id\":\"https:\\\/\\\/mejordiagnosis.com\\\/tienda\\\/producto\\\/delphi-vci-de-diagnosis-bluetech-autos-camiones\\\/#primaryimage\"},\"thumbnailUrl\":\"https:\\\/\\\/mejordiagnosis.com\\\/tienda\\\/wp-content\\\/uploads\\\/2024\\\/12\\\/delphi-bluetech-vci-diagnostics.png\",\"datePublished\":\"2024-12-12T12:09:22+00:00\",\"dateModified\":\"2026-01-19T11:49:19+00:00\",\"description\":\"El VCI de diagn\u00f3stico BlueTech para autom\u00f3viles y camiones ofrece una soluci\u00f3n avanzada con mayor cobertura de veh\u00edculos, funcionalidades mejoradas y soporte integrado. Con un rendimiento 5 veces superior al modelo anterior, proporciona un software intuitivo y f\u00e1cil de usar. Con\u00e9ctalo v\u00eda Bluetooth, Wi-Fi o USB-C para acceder a diagn\u00f3sticos y datos t\u00e9cnicos de fabricantes, tanto para veh\u00edculos ligeros como pesados. \u00a1Optimiza tu diagn\u00f3stico con tecnolog\u00eda de \u00faltima generaci\u00f3n!\",\"breadcrumb\":{\"@id\":\"https:\\\/\\\/mejordiagnosis.com\\\/tienda\\\/producto\\\/delphi-vci-de-diagnosis-bluetech-autos-camiones\\\/#breadcrumb\"},\"inLanguage\":\"es\",\"potentialAction\":[{\"@type\":\"ReadAction\",\"target\":[\"https:\\\/\\\/mejordiagnosis.com\\\/tienda\\\/producto\\\/delphi-vci-de-diagnosis-bluetech-autos-camiones\\\/\"]}]},{\"@type\":\"ImageObject\",\"inLanguage\":\"es\",\"@id\":\"https:\\\/\\\/mejordiagnosis.com\\\/tienda\\\/producto\\\/delphi-vci-de-diagnosis-bluetech-autos-camiones\\\/#primaryimage\",\"url\":\"https:\\\/\\\/mejordiagnosis.com\\\/tienda\\\/wp-content\\\/uploads\\\/2024\\\/12\\\/delphi-bluetech-vci-diagnostics.png\",\"contentUrl\":\"https:\\\/\\\/mejordiagnosis.com\\\/tienda\\\/wp-content\\\/uploads\\\/2024\\\/12\\\/delphi-bluetech-vci-diagnostics.png\",\"width\":1280,\"height\":960},{\"@type\":\"BreadcrumbList\",\"@id\":\"https:\\\/\\\/mejordiagnosis.com\\\/tienda\\\/producto\\\/delphi-vci-de-diagnosis-bluetech-autos-camiones\\\/#breadcrumb\",\"itemListElement\":[{\"@type\":\"ListItem\",\"position\":1,\"name\":\"Portada\",\"item\":\"https:\\\/\\\/mejordiagnosis.com\\\/tienda\\\/\"},{\"@type\":\"ListItem\",\"position\":2,\"name\":\"Tienda\",\"item\":\"https:\\\/\\\/mejordiagnosis.com\\\/tienda\\\/shop\\\/\"},{\"@type\":\"ListItem\",\"position\":3,\"name\":\"Delphi VCI de diagnosis BlueTech Automoviles &#038; Camiones\"}]},{\"@type\":\"WebSite\",\"@id\":\"https:\\\/\\\/mejordiagnosis.com\\\/tienda\\\/#website\",\"url\":\"https:\\\/\\\/mejordiagnosis.com\\\/tienda\\\/\",\"name\":\"Mejordiagnosis.com\",\"description\":\"Equipos de diagnosis para el autom&oacute;vil\",\"publisher\":{\"@id\":\"https:\\\/\\\/mejordiagnosis.com\\\/tienda\\\/#organization\"},\"alternateName\":\"Mejordiagnosisnm S.L\",\"potentialAction\":[{\"@type\":\"SearchAction\",\"target\":{\"@type\":\"EntryPoint\",\"urlTemplate\":\"https:\\\/\\\/mejordiagnosis.com\\\/tienda\\\/?s={search_term_string}\"},\"query-input\":{\"@type\":\"PropertyValueSpecification\",\"valueRequired\":true,\"valueName\":\"search_term_string\"}}],\"inLanguage\":\"es\"},{\"@type\":\"Organization\",\"@id\":\"https:\\\/\\\/mejordiagnosis.com\\\/tienda\\\/#organization\",\"name\":\"Mejordiagnosis S.L\",\"alternateName\":\"Mejor Diagnosis\",\"url\":\"https:\\\/\\\/mejordiagnosis.com\\\/tienda\\\/\",\"logo\":{\"@type\":\"ImageObject\",\"inLanguage\":\"es\",\"@id\":\"https:\\\/\\\/mejordiagnosis.com\\\/tienda\\\/#\\\/schema\\\/logo\\\/image\\\/\",\"url\":\"https:\\\/\\\/mejordiagnosis.com\\\/tienda\\\/wp-content\\\/uploads\\\/2025\\\/03\\\/cropped-cropped-cropped-cropped-logo-removebg-300x257-1.png\",\"contentUrl\":\"https:\\\/\\\/mejordiagnosis.com\\\/tienda\\\/wp-content\\\/uploads\\\/2025\\\/03\\\/cropped-cropped-cropped-cropped-logo-removebg-300x257-1.png\",\"width\":300,\"height\":257,\"caption\":\"Mejordiagnosis S.L\"},\"image\":{\"@id\":\"https:\\\/\\\/mejordiagnosis.com\\\/tienda\\\/#\\\/schema\\\/logo\\\/image\\\/\"},\"sameAs\":[\"https:\\\/\\\/www.facebook.com\\\/mejordiagnosis\\\/\",\"https:\\\/\\\/www.instagram.com\\\/mejor.diagnosis\\\/\",\"https:\\\/\\\/www.tiktok.com\\\/@mejor.diagnosis?lang=es\"]}]}<\/script>\n<!-- \/ Yoast SEO plugin. -->","yoast_head_json":{"title":"Delphi VCI de diagnosis BlueTech Automoviles & Camiones | Mejordiagnosis S.L","description":"El VCI de diagn\u00f3stico BlueTech para autom\u00f3viles y camiones ofrece una soluci\u00f3n avanzada con mayor cobertura de veh\u00edculos, funcionalidades mejoradas y soporte integrado. Con un rendimiento 5 veces superior al modelo anterior, proporciona un software intuitivo y f\u00e1cil de usar. Con\u00e9ctalo v\u00eda Bluetooth, Wi-Fi o USB-C para acceder a diagn\u00f3sticos y datos t\u00e9cnicos de fabricantes, tanto para veh\u00edculos ligeros como pesados. \u00a1Optimiza tu diagn\u00f3stico con tecnolog\u00eda de \u00faltima generaci\u00f3n!","robots":{"index":"noindex","follow":"follow"},"og_locale":"es_ES","og_type":"article","og_title":"Delphi VCI de diagnosis BlueTech Automoviles & Camiones | Mejordiagnosis S.L","og_description":"El VCI de diagn\u00f3stico BlueTech para autom\u00f3viles y camiones ofrece una soluci\u00f3n avanzada con mayor cobertura de veh\u00edculos, funcionalidades mejoradas y soporte integrado. Con un rendimiento 5 veces superior al modelo anterior, proporciona un software intuitivo y f\u00e1cil de usar. Con\u00e9ctalo v\u00eda Bluetooth, Wi-Fi o USB-C para acceder a diagn\u00f3sticos y datos t\u00e9cnicos de fabricantes, tanto para veh\u00edculos ligeros como pesados. \u00a1Optimiza tu diagn\u00f3stico con tecnolog\u00eda de \u00faltima generaci\u00f3n!","og_url":"https:\/\/mejordiagnosis.com\/tienda\/producto\/delphi-vci-de-diagnosis-bluetech-autos-camiones\/","og_site_name":"Mejordiagnosis S.L","article_publisher":"https:\/\/www.facebook.com\/mejordiagnosis\/","article_modified_time":"2026-01-19T11:49:19+00:00","og_image":[{"width":1280,"height":960,"url":"https:\/\/mejordiagnosis.com\/tienda\/wp-content\/uploads\/2024\/12\/delphi-bluetech-vci-diagnostics.png","type":"image\/png"}],"schema":{"@context":"https:\/\/schema.org","@graph":[{"@type":"WebPage","@id":"https:\/\/mejordiagnosis.com\/tienda\/producto\/delphi-vci-de-diagnosis-bluetech-autos-camiones\/","url":"https:\/\/mejordiagnosis.com\/tienda\/producto\/delphi-vci-de-diagnosis-bluetech-autos-camiones\/","name":"Delphi VCI de diagnosis BlueTech Automoviles & Camiones | Mejordiagnosis S.L","isPartOf":{"@id":"https:\/\/mejordiagnosis.com\/tienda\/#website"},"primaryImageOfPage":{"@id":"https:\/\/mejordiagnosis.com\/tienda\/producto\/delphi-vci-de-diagnosis-bluetech-autos-camiones\/#primaryimage"},"image":{"@id":"https:\/\/mejordiagnosis.com\/tienda\/producto\/delphi-vci-de-diagnosis-bluetech-autos-camiones\/#primaryimage"},"thumbnailUrl":"https:\/\/mejordiagnosis.com\/tienda\/wp-content\/uploads\/2024\/12\/delphi-bluetech-vci-diagnostics.png","datePublished":"2024-12-12T12:09:22+00:00","dateModified":"2026-01-19T11:49:19+00:00","description":"El VCI de diagn\u00f3stico BlueTech para autom\u00f3viles y camiones ofrece una soluci\u00f3n avanzada con mayor cobertura de veh\u00edculos, funcionalidades mejoradas y soporte integrado. Con un rendimiento 5 veces superior al modelo anterior, proporciona un software intuitivo y f\u00e1cil de usar. Con\u00e9ctalo v\u00eda Bluetooth, Wi-Fi o USB-C para acceder a diagn\u00f3sticos y datos t\u00e9cnicos de fabricantes, tanto para veh\u00edculos ligeros como pesados. \u00a1Optimiza tu diagn\u00f3stico con tecnolog\u00eda de \u00faltima generaci\u00f3n!","breadcrumb":{"@id":"https:\/\/mejordiagnosis.com\/tienda\/producto\/delphi-vci-de-diagnosis-bluetech-autos-camiones\/#breadcrumb"},"inLanguage":"es","potentialAction":[{"@type":"ReadAction","target":["https:\/\/mejordiagnosis.com\/tienda\/producto\/delphi-vci-de-diagnosis-bluetech-autos-camiones\/"]}]},{"@type":"ImageObject","inLanguage":"es","@id":"https:\/\/mejordiagnosis.com\/tienda\/producto\/delphi-vci-de-diagnosis-bluetech-autos-camiones\/#primaryimage","url":"https:\/\/mejordiagnosis.com\/tienda\/wp-content\/uploads\/2024\/12\/delphi-bluetech-vci-diagnostics.png","contentUrl":"https:\/\/mejordiagnosis.com\/tienda\/wp-content\/uploads\/2024\/12\/delphi-bluetech-vci-diagnostics.png","width":1280,"height":960},{"@type":"BreadcrumbList","@id":"https:\/\/mejordiagnosis.com\/tienda\/producto\/delphi-vci-de-diagnosis-bluetech-autos-camiones\/#breadcrumb","itemListElement":[{"@type":"ListItem","position":1,"name":"Portada","item":"https:\/\/mejordiagnosis.com\/tienda\/"},{"@type":"ListItem","position":2,"name":"Tienda","item":"https:\/\/mejordiagnosis.com\/tienda\/shop\/"},{"@type":"ListItem","position":3,"name":"Delphi VCI de diagnosis BlueTech Automoviles &#038; Camiones"}]},{"@type":"WebSite","@id":"https:\/\/mejordiagnosis.com\/tienda\/#website","url":"https:\/\/mejordiagnosis.com\/tienda\/","name":"Mejordiagnosis.com","description":"Equipos de diagnosis para el autom&oacute;vil","publisher":{"@id":"https:\/\/mejordiagnosis.com\/tienda\/#organization"},"alternateName":"Mejordiagnosisnm S.L","potentialAction":[{"@type":"SearchAction","target":{"@type":"EntryPoint","urlTemplate":"https:\/\/mejordiagnosis.com\/tienda\/?s={search_term_string}"},"query-input":{"@type":"PropertyValueSpecification","valueRequired":true,"valueName":"search_term_string"}}],"inLanguage":"es"},{"@type":"Organization","@id":"https:\/\/mejordiagnosis.com\/tienda\/#organization","name":"Mejordiagnosis S.L","alternateName":"Mejor Diagnosis","url":"https:\/\/mejordiagnosis.com\/tienda\/","logo":{"@type":"ImageObject","inLanguage":"es","@id":"https:\/\/mejordiagnosis.com\/tienda\/#\/schema\/logo\/image\/","url":"https:\/\/mejordiagnosis.com\/tienda\/wp-content\/uploads\/2025\/03\/cropped-cropped-cropped-cropped-logo-removebg-300x257-1.png","contentUrl":"https:\/\/mejordiagnosis.com\/tienda\/wp-content\/uploads\/2025\/03\/cropped-cropped-cropped-cropped-logo-removebg-300x257-1.png","width":300,"height":257,"caption":"Mejordiagnosis S.L"},"image":{"@id":"https:\/\/mejordiagnosis.com\/tienda\/#\/schema\/logo\/image\/"},"sameAs":["https:\/\/www.facebook.com\/mejordiagnosis\/","https:\/\/www.instagram.com\/mejor.diagnosis\/","https:\/\/www.tiktok.com\/@mejor.diagnosis?lang=es"]}]}},"_links":{"self":[{"href":"https:\/\/mejordiagnosis.com\/tienda\/wp-json\/wp\/v2\/product\/2484","targetHints":{"allow":["GET"]}}],"collection":[{"href":"https:\/\/mejordiagnosis.com\/tienda\/wp-json\/wp\/v2\/product"}],"about":[{"href":"https:\/\/mejordiagnosis.com\/tienda\/wp-json\/wp\/v2\/types\/product"}],"wp:featuredmedia":[{"embeddable":true,"href":"https:\/\/mejordiagnosis.com\/tienda\/wp-json\/wp\/v2\/media\/2523"}],"wp:attachment":[{"href":"https:\/\/mejordiagnosis.com\/tienda\/wp-json\/wp\/v2\/media?parent=2484"}],"wp:term":[{"taxonomy":"product_brand","embeddable":true,"href":"https:\/\/mejordiagnosis.com\/tienda\/wp-json\/wp\/v2\/product_brand?post=2484"},{"taxonomy":"product_cat","embeddable":true,"href":"https:\/\/mejordiagnosis.com\/tienda\/wp-json\/wp\/v2\/product_cat?post=2484"},{"taxonomy":"product_tag","embeddable":true,"href":"https:\/\/mejordiagnosis.com\/tienda\/wp-json\/wp\/v2\/product_tag?post=2484"}],"curies":[{"name":"wp","href":"https:\/\/api.w.org\/{rel}","templated":true}]}}