{"id":2292,"date":"2024-11-15T09:37:15","date_gmt":"2024-11-15T09:37:15","guid":{"rendered":"http:\/\/167.86.125.240:8082\/?post_type=product&#038;p=2292"},"modified":"2026-01-19T11:49:16","modified_gmt":"2026-01-19T11:49:16","slug":"cable-duplicador-obd2-doble-hembra","status":"publish","type":"product","link":"https:\/\/mejordiagnosis.com\/tienda\/producto\/cable-duplicador-obd2-doble-hembra\/","title":{"rendered":"Cable duplicador OBD2 &#8211; macho a doble hembra"},"content":{"rendered":"<p><strong>Materiales de primera calidad<\/strong><br \/>\nEl cable adaptador OBD2 est\u00e1 fabricado con materiales de alta calidad, lo que lo hace flexible y resistente, ideal para realizar diagn\u00f3sticos a bordo de su veh\u00edculo. Su dise\u00f1o plug &amp; play permite una conexi\u00f3n f\u00e1cil del dispositivo de diagn\u00f3stico OBD al veh\u00edculo.<\/p>\n<p><strong>Compatibilidad perfecta<\/strong><br \/>\nEl cable de diagn\u00f3stico es compatible con todos los dispositivos que tienen conexi\u00f3n OBD2. Gracias a su fabricaci\u00f3n precisa, garantiza una conexi\u00f3n 100% compatible, permitiendo que su esc\u00e1ner o herramienta de diagn\u00f3stico detecte cualquier error, fallo o mal funcionamiento al instante.<\/p>\n<p><strong>Extensi\u00f3n pr\u00e1ctica<\/strong><br \/>\nEl adaptador OBD2 es perfecto como cable de extensi\u00f3n en caso de que su cable OBD actual sea demasiado corto. As\u00ed podr\u00e1 realizar diagn\u00f3sticos c\u00f3modamente fuera del veh\u00edculo.<\/p>\n","protected":false},"excerpt":{"rendered":"<hr \/>\n<p id=\"title\" class=\"a-size-large a-spacing-none\"><span id=\"productTitle\" class=\"a-size-large product-title-word-break\">Permite extender y distribuir r\u00e1pidamente el conector OBD2 de 16 pines del veh\u00edculo hacia dos conectores hembra compatible OBD2, para realizar operaciones como el diagn\u00f3sticos a trav\u00e9s de los dispositivos modernos que trabajen a trav\u00e9s del conector universal OBD2 (16 pines).<\/span><\/p>\n<h6 class=\"a-size-base-plus a-text-bold\">Acerca de este producto<\/h6>\n<ul class=\"a-unordered-list a-vertical a-spacing-mini\">\n<li class=\"a-spacing-mini\"><span class=\"a-list-item\">Cable adaptador con conexiones OBD2 en forma de \u00abY\u00bb para el diagn\u00f3stico a bordo de veh\u00edculos.<\/span><\/li>\n<li class=\"a-spacing-mini\"><span class=\"a-list-item\">Cable de diagn\u00f3stico de alta calidad con acabado preciso, para el uso de dispositivos de diagn\u00f3stico OBD2 y esc\u00e1neres actuales.<\/span><\/li>\n<li class=\"a-spacing-mini\"><span class=\"a-list-item\">Longitud: aproximadamente 30 cm (puede variar seg\u00fan modelo)<\/span><\/li>\n<li class=\"a-spacing-mini\"><span class=\"a-list-item\">Conexi\u00f3n primer extremo: OBD2 &#8211; 16 pines (macho, J1962)<\/span><\/li>\n<li>Conexi\u00f3n segundo extremo: OBD2 &#8211; 16 pines (hembra, <span class=\"a-list-item\">J1962<\/span>)<\/li>\n<li>Conexi\u00f3n tercer extremo: OBD2 &#8211; 16 pines (hembra, <span class=\"a-list-item\">J1962<\/span>)<\/li>\n<\/ul>\n<p><strong>ATENCI\u00d3N: <\/strong>Tenga en cuenta que es solo un cable adaptador, no una herramienta de diagn\u00f3stico.<\/p>\n","protected":false},"featured_media":2293,"template":"","meta":{"site-sidebar-layout":"default","site-content-layout":"","ast-site-content-layout":"default","site-content-style":"default","site-sidebar-style":"default","ast-global-header-display":"","ast-banner-title-visibility":"","ast-main-header-display":"","ast-hfb-above-header-display":"","ast-hfb-below-header-display":"","ast-hfb-mobile-header-display":"","site-post-title":"","ast-breadcrumbs-content":"","ast-featured-img":"","footer-sml-layout":"","ast-disable-related-posts":"","theme-transparent-header-meta":"default","adv-header-id-meta":"","stick-header-meta":"","header-above-stick-meta":"","header-main-stick-meta":"","header-below-stick-meta":"","astra-migrate-meta-layouts":"set","ast-page-background-enabled":"default","ast-page-background-meta":{"desktop":{"background-color":"var(--ast-global-color-4)","background-image":"","background-repeat":"repeat","background-position":"center center","background-size":"auto","background-attachment":"scroll","background-type":"","background-media":"","overlay-type":"","overlay-color":"","overlay-opacity":"","overlay-gradient":""},"tablet":{"background-color":"","background-image":"","background-repeat":"repeat","background-position":"center center","background-size":"auto","background-attachment":"scroll","background-type":"","background-media":"","overlay-type":"","overlay-color":"","overlay-opacity":"","overlay-gradient":""},"mobile":{"background-color":"","background-image":"","background-repeat":"repeat","background-position":"center center","background-size":"auto","background-attachment":"scroll","background-type":"","background-media":"","overlay-type":"","overlay-color":"","overlay-opacity":"","overlay-gradient":""}},"ast-content-background-meta":{"desktop":{"background-color":"var(--ast-global-color-5)","background-image":"","background-repeat":"repeat","background-position":"center center","background-size":"auto","background-attachment":"scroll","background-type":"","background-media":"","overlay-type":"","overlay-color":"","overlay-opacity":"","overlay-gradient":""},"tablet":{"background-color":"var(--ast-global-color-5)","background-image":"","background-repeat":"repeat","background-position":"center center","background-size":"auto","background-attachment":"scroll","background-type":"","background-media":"","overlay-type":"","overlay-color":"","overlay-opacity":"","overlay-gradient":""},"mobile":{"background-color":"var(--ast-global-color-5)","background-image":"","background-repeat":"repeat","background-position":"center center","background-size":"auto","background-attachment":"scroll","background-type":"","background-media":"","overlay-type":"","overlay-color":"","overlay-opacity":"","overlay-gradient":""}}},"product_brand":[],"product_cat":[31,159],"product_tag":[146,148,147],"class_list":{"0":"post-2292","1":"product","2":"type-product","3":"status-publish","4":"has-post-thumbnail","6":"product_cat-cables-conectores-para-equipos-de-diagnosis","7":"product_cat-cables-vehiculos","8":"product_tag-obd","9":"product_tag-obd2","10":"product_tag-obdii","11":"product_shipping_class-paquetes-pesados","12":"desktop-align-left","13":"tablet-align-left","14":"mobile-align-left","16":"first","17":"instock","18":"taxable","19":"shipping-taxable","20":"product-type-simple"},"yoast_head":"<!-- This site is optimized with the Yoast SEO plugin v27.4 - https:\/\/yoast.com\/product\/yoast-seo-wordpress\/ -->\n<title>Cable duplicador OBD2 - macho a doble hembra | Mejordiagnosis S.L<\/title>\n<meta name=\"description\" content=\"Descubre el cable adaptador OBD2 de alta calidad, ideal para el diagn\u00f3stico preciso y c\u00f3modo de tu veh\u00edculo. Compatible con todos los dispositivos OBD2 y f\u00e1cil de conectar.\" \/>\n<meta name=\"robots\" content=\"noindex, follow\" \/>\n<meta property=\"og:locale\" content=\"es_ES\" \/>\n<meta property=\"og:type\" content=\"article\" \/>\n<meta property=\"og:title\" content=\"Cable duplicador OBD2 - macho a doble hembra | Mejordiagnosis S.L\" \/>\n<meta property=\"og:description\" content=\"Descubre el cable adaptador OBD2 de alta calidad, ideal para el diagn\u00f3stico preciso y c\u00f3modo de tu veh\u00edculo. Compatible con todos los dispositivos OBD2 y f\u00e1cil de conectar.\" \/>\n<meta property=\"og:url\" content=\"https:\/\/mejordiagnosis.com\/tienda\/producto\/cable-duplicador-obd2-doble-hembra\/\" \/>\n<meta property=\"og:site_name\" content=\"Mejordiagnosis S.L\" \/>\n<meta property=\"article:publisher\" content=\"https:\/\/www.facebook.com\/mejordiagnosis\/\" \/>\n<meta property=\"article:modified_time\" content=\"2026-01-19T11:49:16+00:00\" \/>\n<meta property=\"og:image\" content=\"https:\/\/mejordiagnosis.com\/tienda\/wp-content\/uploads\/2024\/11\/16-pin-obd2-spltter-macho-doble-hembra.jpg\" \/>\n\t<meta property=\"og:image:width\" content=\"1406\" \/>\n\t<meta property=\"og:image:height\" content=\"954\" \/>\n\t<meta property=\"og:image:type\" content=\"image\/jpeg\" \/>\n<script type=\"application\/ld+json\" class=\"yoast-schema-graph\">{\"@context\":\"https:\\\/\\\/schema.org\",\"@graph\":[{\"@type\":\"WebPage\",\"@id\":\"https:\\\/\\\/mejordiagnosis.com\\\/tienda\\\/producto\\\/cable-duplicador-obd2-doble-hembra\\\/\",\"url\":\"https:\\\/\\\/mejordiagnosis.com\\\/tienda\\\/producto\\\/cable-duplicador-obd2-doble-hembra\\\/\",\"name\":\"Cable duplicador OBD2 - macho a doble hembra | Mejordiagnosis S.L\",\"isPartOf\":{\"@id\":\"https:\\\/\\\/mejordiagnosis.com\\\/tienda\\\/#website\"},\"primaryImageOfPage\":{\"@id\":\"https:\\\/\\\/mejordiagnosis.com\\\/tienda\\\/producto\\\/cable-duplicador-obd2-doble-hembra\\\/#primaryimage\"},\"image\":{\"@id\":\"https:\\\/\\\/mejordiagnosis.com\\\/tienda\\\/producto\\\/cable-duplicador-obd2-doble-hembra\\\/#primaryimage\"},\"thumbnailUrl\":\"https:\\\/\\\/mejordiagnosis.com\\\/tienda\\\/wp-content\\\/uploads\\\/2024\\\/11\\\/16-pin-obd2-spltter-macho-doble-hembra.jpg\",\"datePublished\":\"2024-11-15T09:37:15+00:00\",\"dateModified\":\"2026-01-19T11:49:16+00:00\",\"description\":\"Descubre el cable adaptador OBD2 de alta calidad, ideal para el diagn\u00f3stico preciso y c\u00f3modo de tu veh\u00edculo. Compatible con todos los dispositivos OBD2 y f\u00e1cil de conectar.\",\"breadcrumb\":{\"@id\":\"https:\\\/\\\/mejordiagnosis.com\\\/tienda\\\/producto\\\/cable-duplicador-obd2-doble-hembra\\\/#breadcrumb\"},\"inLanguage\":\"es\",\"potentialAction\":[{\"@type\":\"ReadAction\",\"target\":[\"https:\\\/\\\/mejordiagnosis.com\\\/tienda\\\/producto\\\/cable-duplicador-obd2-doble-hembra\\\/\"]}]},{\"@type\":\"ImageObject\",\"inLanguage\":\"es\",\"@id\":\"https:\\\/\\\/mejordiagnosis.com\\\/tienda\\\/producto\\\/cable-duplicador-obd2-doble-hembra\\\/#primaryimage\",\"url\":\"https:\\\/\\\/mejordiagnosis.com\\\/tienda\\\/wp-content\\\/uploads\\\/2024\\\/11\\\/16-pin-obd2-spltter-macho-doble-hembra.jpg\",\"contentUrl\":\"https:\\\/\\\/mejordiagnosis.com\\\/tienda\\\/wp-content\\\/uploads\\\/2024\\\/11\\\/16-pin-obd2-spltter-macho-doble-hembra.jpg\",\"width\":1406,\"height\":954},{\"@type\":\"BreadcrumbList\",\"@id\":\"https:\\\/\\\/mejordiagnosis.com\\\/tienda\\\/producto\\\/cable-duplicador-obd2-doble-hembra\\\/#breadcrumb\",\"itemListElement\":[{\"@type\":\"ListItem\",\"position\":1,\"name\":\"Portada\",\"item\":\"https:\\\/\\\/mejordiagnosis.com\\\/tienda\\\/\"},{\"@type\":\"ListItem\",\"position\":2,\"name\":\"Tienda\",\"item\":\"https:\\\/\\\/mejordiagnosis.com\\\/tienda\\\/shop\\\/\"},{\"@type\":\"ListItem\",\"position\":3,\"name\":\"Cable duplicador OBD2 &#8211; macho a doble hembra\"}]},{\"@type\":\"WebSite\",\"@id\":\"https:\\\/\\\/mejordiagnosis.com\\\/tienda\\\/#website\",\"url\":\"https:\\\/\\\/mejordiagnosis.com\\\/tienda\\\/\",\"name\":\"Mejordiagnosis.com\",\"description\":\"Equipos de diagnosis para el autom&oacute;vil\",\"publisher\":{\"@id\":\"https:\\\/\\\/mejordiagnosis.com\\\/tienda\\\/#organization\"},\"alternateName\":\"Mejordiagnosisnm S.L\",\"potentialAction\":[{\"@type\":\"SearchAction\",\"target\":{\"@type\":\"EntryPoint\",\"urlTemplate\":\"https:\\\/\\\/mejordiagnosis.com\\\/tienda\\\/?s={search_term_string}\"},\"query-input\":{\"@type\":\"PropertyValueSpecification\",\"valueRequired\":true,\"valueName\":\"search_term_string\"}}],\"inLanguage\":\"es\"},{\"@type\":\"Organization\",\"@id\":\"https:\\\/\\\/mejordiagnosis.com\\\/tienda\\\/#organization\",\"name\":\"Mejordiagnosis S.L\",\"alternateName\":\"Mejor Diagnosis\",\"url\":\"https:\\\/\\\/mejordiagnosis.com\\\/tienda\\\/\",\"logo\":{\"@type\":\"ImageObject\",\"inLanguage\":\"es\",\"@id\":\"https:\\\/\\\/mejordiagnosis.com\\\/tienda\\\/#\\\/schema\\\/logo\\\/image\\\/\",\"url\":\"https:\\\/\\\/mejordiagnosis.com\\\/tienda\\\/wp-content\\\/uploads\\\/2025\\\/03\\\/cropped-cropped-cropped-cropped-logo-removebg-300x257-1.png\",\"contentUrl\":\"https:\\\/\\\/mejordiagnosis.com\\\/tienda\\\/wp-content\\\/uploads\\\/2025\\\/03\\\/cropped-cropped-cropped-cropped-logo-removebg-300x257-1.png\",\"width\":300,\"height\":257,\"caption\":\"Mejordiagnosis S.L\"},\"image\":{\"@id\":\"https:\\\/\\\/mejordiagnosis.com\\\/tienda\\\/#\\\/schema\\\/logo\\\/image\\\/\"},\"sameAs\":[\"https:\\\/\\\/www.facebook.com\\\/mejordiagnosis\\\/\",\"https:\\\/\\\/www.instagram.com\\\/mejor.diagnosis\\\/\",\"https:\\\/\\\/www.tiktok.com\\\/@mejor.diagnosis?lang=es\"]}]}<\/script>\n<!-- \/ Yoast SEO plugin. -->","yoast_head_json":{"title":"Cable duplicador OBD2 - macho a doble hembra | Mejordiagnosis S.L","description":"Descubre el cable adaptador OBD2 de alta calidad, ideal para el diagn\u00f3stico preciso y c\u00f3modo de tu veh\u00edculo. Compatible con todos los dispositivos OBD2 y f\u00e1cil de conectar.","robots":{"index":"noindex","follow":"follow"},"og_locale":"es_ES","og_type":"article","og_title":"Cable duplicador OBD2 - macho a doble hembra | Mejordiagnosis S.L","og_description":"Descubre el cable adaptador OBD2 de alta calidad, ideal para el diagn\u00f3stico preciso y c\u00f3modo de tu veh\u00edculo. Compatible con todos los dispositivos OBD2 y f\u00e1cil de conectar.","og_url":"https:\/\/mejordiagnosis.com\/tienda\/producto\/cable-duplicador-obd2-doble-hembra\/","og_site_name":"Mejordiagnosis S.L","article_publisher":"https:\/\/www.facebook.com\/mejordiagnosis\/","article_modified_time":"2026-01-19T11:49:16+00:00","og_image":[{"width":1406,"height":954,"url":"https:\/\/mejordiagnosis.com\/tienda\/wp-content\/uploads\/2024\/11\/16-pin-obd2-spltter-macho-doble-hembra.jpg","type":"image\/jpeg"}],"schema":{"@context":"https:\/\/schema.org","@graph":[{"@type":"WebPage","@id":"https:\/\/mejordiagnosis.com\/tienda\/producto\/cable-duplicador-obd2-doble-hembra\/","url":"https:\/\/mejordiagnosis.com\/tienda\/producto\/cable-duplicador-obd2-doble-hembra\/","name":"Cable duplicador OBD2 - macho a doble hembra | Mejordiagnosis S.L","isPartOf":{"@id":"https:\/\/mejordiagnosis.com\/tienda\/#website"},"primaryImageOfPage":{"@id":"https:\/\/mejordiagnosis.com\/tienda\/producto\/cable-duplicador-obd2-doble-hembra\/#primaryimage"},"image":{"@id":"https:\/\/mejordiagnosis.com\/tienda\/producto\/cable-duplicador-obd2-doble-hembra\/#primaryimage"},"thumbnailUrl":"https:\/\/mejordiagnosis.com\/tienda\/wp-content\/uploads\/2024\/11\/16-pin-obd2-spltter-macho-doble-hembra.jpg","datePublished":"2024-11-15T09:37:15+00:00","dateModified":"2026-01-19T11:49:16+00:00","description":"Descubre el cable adaptador OBD2 de alta calidad, ideal para el diagn\u00f3stico preciso y c\u00f3modo de tu veh\u00edculo. Compatible con todos los dispositivos OBD2 y f\u00e1cil de conectar.","breadcrumb":{"@id":"https:\/\/mejordiagnosis.com\/tienda\/producto\/cable-duplicador-obd2-doble-hembra\/#breadcrumb"},"inLanguage":"es","potentialAction":[{"@type":"ReadAction","target":["https:\/\/mejordiagnosis.com\/tienda\/producto\/cable-duplicador-obd2-doble-hembra\/"]}]},{"@type":"ImageObject","inLanguage":"es","@id":"https:\/\/mejordiagnosis.com\/tienda\/producto\/cable-duplicador-obd2-doble-hembra\/#primaryimage","url":"https:\/\/mejordiagnosis.com\/tienda\/wp-content\/uploads\/2024\/11\/16-pin-obd2-spltter-macho-doble-hembra.jpg","contentUrl":"https:\/\/mejordiagnosis.com\/tienda\/wp-content\/uploads\/2024\/11\/16-pin-obd2-spltter-macho-doble-hembra.jpg","width":1406,"height":954},{"@type":"BreadcrumbList","@id":"https:\/\/mejordiagnosis.com\/tienda\/producto\/cable-duplicador-obd2-doble-hembra\/#breadcrumb","itemListElement":[{"@type":"ListItem","position":1,"name":"Portada","item":"https:\/\/mejordiagnosis.com\/tienda\/"},{"@type":"ListItem","position":2,"name":"Tienda","item":"https:\/\/mejordiagnosis.com\/tienda\/shop\/"},{"@type":"ListItem","position":3,"name":"Cable duplicador OBD2 &#8211; macho a doble hembra"}]},{"@type":"WebSite","@id":"https:\/\/mejordiagnosis.com\/tienda\/#website","url":"https:\/\/mejordiagnosis.com\/tienda\/","name":"Mejordiagnosis.com","description":"Equipos de diagnosis para el autom&oacute;vil","publisher":{"@id":"https:\/\/mejordiagnosis.com\/tienda\/#organization"},"alternateName":"Mejordiagnosisnm S.L","potentialAction":[{"@type":"SearchAction","target":{"@type":"EntryPoint","urlTemplate":"https:\/\/mejordiagnosis.com\/tienda\/?s={search_term_string}"},"query-input":{"@type":"PropertyValueSpecification","valueRequired":true,"valueName":"search_term_string"}}],"inLanguage":"es"},{"@type":"Organization","@id":"https:\/\/mejordiagnosis.com\/tienda\/#organization","name":"Mejordiagnosis S.L","alternateName":"Mejor Diagnosis","url":"https:\/\/mejordiagnosis.com\/tienda\/","logo":{"@type":"ImageObject","inLanguage":"es","@id":"https:\/\/mejordiagnosis.com\/tienda\/#\/schema\/logo\/image\/","url":"https:\/\/mejordiagnosis.com\/tienda\/wp-content\/uploads\/2025\/03\/cropped-cropped-cropped-cropped-logo-removebg-300x257-1.png","contentUrl":"https:\/\/mejordiagnosis.com\/tienda\/wp-content\/uploads\/2025\/03\/cropped-cropped-cropped-cropped-logo-removebg-300x257-1.png","width":300,"height":257,"caption":"Mejordiagnosis S.L"},"image":{"@id":"https:\/\/mejordiagnosis.com\/tienda\/#\/schema\/logo\/image\/"},"sameAs":["https:\/\/www.facebook.com\/mejordiagnosis\/","https:\/\/www.instagram.com\/mejor.diagnosis\/","https:\/\/www.tiktok.com\/@mejor.diagnosis?lang=es"]}]}},"_links":{"self":[{"href":"https:\/\/mejordiagnosis.com\/tienda\/wp-json\/wp\/v2\/product\/2292","targetHints":{"allow":["GET"]}}],"collection":[{"href":"https:\/\/mejordiagnosis.com\/tienda\/wp-json\/wp\/v2\/product"}],"about":[{"href":"https:\/\/mejordiagnosis.com\/tienda\/wp-json\/wp\/v2\/types\/product"}],"wp:featuredmedia":[{"embeddable":true,"href":"https:\/\/mejordiagnosis.com\/tienda\/wp-json\/wp\/v2\/media\/2293"}],"wp:attachment":[{"href":"https:\/\/mejordiagnosis.com\/tienda\/wp-json\/wp\/v2\/media?parent=2292"}],"wp:term":[{"taxonomy":"product_brand","embeddable":true,"href":"https:\/\/mejordiagnosis.com\/tienda\/wp-json\/wp\/v2\/product_brand?post=2292"},{"taxonomy":"product_cat","embeddable":true,"href":"https:\/\/mejordiagnosis.com\/tienda\/wp-json\/wp\/v2\/product_cat?post=2292"},{"taxonomy":"product_tag","embeddable":true,"href":"https:\/\/mejordiagnosis.com\/tienda\/wp-json\/wp\/v2\/product_tag?post=2292"}],"curies":[{"name":"wp","href":"https:\/\/api.w.org\/{rel}","templated":true}]}}