{"id":2173,"date":"2024-11-08T11:14:35","date_gmt":"2024-11-08T11:14:35","guid":{"rendered":"http:\/\/167.86.125.240:8082\/?post_type=product&#038;p=2173"},"modified":"2026-01-19T11:49:14","modified_gmt":"2026-01-19T11:49:14","slug":"autel-maxisys-ms919","status":"publish","type":"product","link":"https:\/\/mejordiagnosis.com\/tienda\/producto\/autel-maxisys-ms919\/","title":{"rendered":"Autel MaxiSYS MS919"},"content":{"rendered":"<ul>\n<li>Las actualizaciones de Autel proporcionan la cobertura m\u00e1s reciente a nivel de equipo original para m\u00e1s de 80 veh\u00edculos estadounidenses, asi\u00e1ticos y europeos, incluidos los superdeportivos.<\/li>\n<li>Funcionalidad excepcional a nivel de equipo original, desde diagn\u00f3sticos y servicios OBDII completos hasta codificaci\u00f3n y programaci\u00f3n avanzadas de la ECU.<\/li>\n<li>Actualizaciones autom\u00e1ticas de sistema y software con notificaciones de mensajes push en tiempo real a trav\u00e9s de Internet<\/li>\n<li>Las sesiones interactivas de registro de datos permiten el contacto directo con el servicio de asistencia de Autel para la soluci\u00f3n de problemas de primera mano de fallos y errores de diagn\u00f3stico<\/li>\n<li>Multitarea \u00fanica dise\u00f1ada para una gesti\u00f3n ideal de las operaciones del taller para mantener bien organizados todos los archivos de datos, la informaci\u00f3n del cliente y los registros del veh\u00edculo<\/li>\n<li>El gestor de datos basado en la nube guarda los registros del cliente y del veh\u00edculo, los datos del esc\u00e1ner y las notas del t\u00e9cnico<\/li>\n<\/ul>\n","protected":false},"excerpt":{"rendered":"<h6>Esc\u00e1ner de diagn\u00f3stico OBDII bidireccional con MaxiFlash VCMIm (osciloscopio)<\/h6>\n<p>MaxiSYS MS919 es una m\u00e1quina de diagn\u00f3stico avanzado con pantalla t\u00e1ctil de 9,7 pulgadas basada en Android y equipada con un procesador Octa-core, 128 GB de memoria y MaxiFlash VCMI, una herramienta de comunicaci\u00f3n y pruebas 5 en 1 que proporciona comunicaciones inal\u00e1mbricas entre el veh\u00edculo y la tableta y es compatible con los \u00faltimos protocolos de comunicaci\u00f3n DoIP, D-PDU y Mega CAN. La VCMI tambi\u00e9n funciona como osciloscopio de 4 canales, generador de formas de onda, mult\u00edmetro y comprobador de Can BUS. El MS919 dispone de asignaci\u00f3n din\u00e1mica de m\u00f3dulos de topolog\u00eda para los veh\u00edculos compatibles, as\u00ed como de gu\u00edas de preajuste y pruebas de osciloscopio y biblioteca de formas de onda. El MS919 incorpora una bater\u00eda de litio recargable que proporciona 8 horas de uso continuo, y c\u00e1maras frontal y trasera.<\/p>\n<p>Hasta dos a\u00f1os de actualizaciones gratuitas y Remote Expert (para m\u00e1s informaci\u00f3n consulta condiciones con uno de nuestros agentes).<\/p>\n<h6>NOTA: contacte con nosotros para adquirir este producto.<\/h6>\n","protected":false},"featured_media":2175,"template":"","meta":{"site-sidebar-layout":"default","site-content-layout":"","ast-site-content-layout":"default","site-content-style":"default","site-sidebar-style":"default","ast-global-header-display":"","ast-banner-title-visibility":"","ast-main-header-display":"","ast-hfb-above-header-display":"","ast-hfb-below-header-display":"","ast-hfb-mobile-header-display":"","site-post-title":"","ast-breadcrumbs-content":"","ast-featured-img":"","footer-sml-layout":"","ast-disable-related-posts":"","theme-transparent-header-meta":"default","adv-header-id-meta":"","stick-header-meta":"","header-above-stick-meta":"","header-main-stick-meta":"","header-below-stick-meta":"","astra-migrate-meta-layouts":"set","ast-page-background-enabled":"default","ast-page-background-meta":{"desktop":{"background-color":"var(--ast-global-color-4)","background-image":"","background-repeat":"repeat","background-position":"center center","background-size":"auto","background-attachment":"scroll","background-type":"","background-media":"","overlay-type":"","overlay-color":"","overlay-opacity":"","overlay-gradient":""},"tablet":{"background-color":"","background-image":"","background-repeat":"repeat","background-position":"center center","background-size":"auto","background-attachment":"scroll","background-type":"","background-media":"","overlay-type":"","overlay-color":"","overlay-opacity":"","overlay-gradient":""},"mobile":{"background-color":"","background-image":"","background-repeat":"repeat","background-position":"center center","background-size":"auto","background-attachment":"scroll","background-type":"","background-media":"","overlay-type":"","overlay-color":"","overlay-opacity":"","overlay-gradient":""}},"ast-content-background-meta":{"desktop":{"background-color":"var(--ast-global-color-5)","background-image":"","background-repeat":"repeat","background-position":"center center","background-size":"auto","background-attachment":"scroll","background-type":"","background-media":"","overlay-type":"","overlay-color":"","overlay-opacity":"","overlay-gradient":""},"tablet":{"background-color":"var(--ast-global-color-5)","background-image":"","background-repeat":"repeat","background-position":"center center","background-size":"auto","background-attachment":"scroll","background-type":"","background-media":"","overlay-type":"","overlay-color":"","overlay-opacity":"","overlay-gradient":""},"mobile":{"background-color":"var(--ast-global-color-5)","background-image":"","background-repeat":"repeat","background-position":"center center","background-size":"auto","background-attachment":"scroll","background-type":"","background-media":"","overlay-type":"","overlay-color":"","overlay-opacity":"","overlay-gradient":""}}},"product_brand":[201],"product_cat":[35,108],"product_tag":[123,125,114,118,113,120,119,116,104,126,124,115,117,121],"class_list":{"0":"post-2173","1":"product","2":"type-product","3":"status-publish","4":"has-post-thumbnail","6":"product_brand-autel","7":"product_cat-autel","8":"product_cat-herramientas-diagnostico","9":"product_tag-adas","10":"product_tag-autoauth","11":"product_tag-bluetooth","12":"product_tag-bms","13":"product_tag-bt","14":"product_tag-diagnosis","15":"product_tag-dpf","16":"product_tag-epb","17":"product_tag-multimarca","18":"product_tag-osciloscopio","19":"product_tag-remote-expert","20":"product_tag-reset","21":"product_tag-sas","22":"product_tag-tiempo-real","23":"product_shipping_class-peso-mediano","24":"desktop-align-left","25":"tablet-align-left","26":"mobile-align-left","28":"first","29":"instock","30":"taxable","31":"shipping-taxable","32":"product-type-simple"},"yoast_head":"<!-- This site is optimized with the Yoast SEO plugin v27.4 - https:\/\/yoast.com\/product\/yoast-seo-wordpress\/ -->\n<title>Autel MaxiSYS MS919 | Mejordiagnosis S.L<\/title>\n<meta name=\"description\" content=\"M\u00e1quina de diagn\u00f3stico MaxiSYS MS919 con MaxiFlash VCMI (osciloscpio)\" \/>\n<meta name=\"robots\" content=\"noindex, follow\" \/>\n<meta property=\"og:locale\" content=\"es_ES\" \/>\n<meta property=\"og:type\" content=\"article\" \/>\n<meta property=\"og:title\" content=\"Autel MaxiSYS MS919 | Mejordiagnosis S.L\" \/>\n<meta property=\"og:description\" content=\"M\u00e1quina de diagn\u00f3stico MaxiSYS MS919 con MaxiFlash VCMI (osciloscpio)\" \/>\n<meta property=\"og:url\" content=\"https:\/\/mejordiagnosis.com\/tienda\/producto\/autel-maxisys-ms919\/\" \/>\n<meta property=\"og:site_name\" content=\"Mejordiagnosis S.L\" \/>\n<meta property=\"article:publisher\" content=\"https:\/\/www.facebook.com\/mejordiagnosis\/\" \/>\n<meta property=\"article:modified_time\" content=\"2026-01-19T11:49:14+00:00\" \/>\n<meta property=\"og:image\" content=\"https:\/\/mejordiagnosis.com\/tienda\/wp-content\/uploads\/2024\/11\/autel-maxisys-ms919-0.jpg\" \/>\n\t<meta property=\"og:image:width\" content=\"1400\" \/>\n\t<meta property=\"og:image:height\" content=\"1100\" \/>\n\t<meta property=\"og:image:type\" content=\"image\/jpeg\" \/>\n<script type=\"application\/ld+json\" class=\"yoast-schema-graph\">{\"@context\":\"https:\\\/\\\/schema.org\",\"@graph\":[{\"@type\":\"WebPage\",\"@id\":\"https:\\\/\\\/mejordiagnosis.com\\\/tienda\\\/producto\\\/autel-maxisys-ms919\\\/\",\"url\":\"https:\\\/\\\/mejordiagnosis.com\\\/tienda\\\/producto\\\/autel-maxisys-ms919\\\/\",\"name\":\"Autel MaxiSYS MS919 | Mejordiagnosis S.L\",\"isPartOf\":{\"@id\":\"https:\\\/\\\/mejordiagnosis.com\\\/tienda\\\/#website\"},\"primaryImageOfPage\":{\"@id\":\"https:\\\/\\\/mejordiagnosis.com\\\/tienda\\\/producto\\\/autel-maxisys-ms919\\\/#primaryimage\"},\"image\":{\"@id\":\"https:\\\/\\\/mejordiagnosis.com\\\/tienda\\\/producto\\\/autel-maxisys-ms919\\\/#primaryimage\"},\"thumbnailUrl\":\"https:\\\/\\\/mejordiagnosis.com\\\/tienda\\\/wp-content\\\/uploads\\\/2024\\\/11\\\/autel-maxisys-ms919-0.jpg\",\"datePublished\":\"2024-11-08T11:14:35+00:00\",\"dateModified\":\"2026-01-19T11:49:14+00:00\",\"description\":\"M\u00e1quina de diagn\u00f3stico MaxiSYS MS919 con MaxiFlash VCMI (osciloscpio)\",\"breadcrumb\":{\"@id\":\"https:\\\/\\\/mejordiagnosis.com\\\/tienda\\\/producto\\\/autel-maxisys-ms919\\\/#breadcrumb\"},\"inLanguage\":\"es\",\"potentialAction\":[{\"@type\":\"ReadAction\",\"target\":[\"https:\\\/\\\/mejordiagnosis.com\\\/tienda\\\/producto\\\/autel-maxisys-ms919\\\/\"]}]},{\"@type\":\"ImageObject\",\"inLanguage\":\"es\",\"@id\":\"https:\\\/\\\/mejordiagnosis.com\\\/tienda\\\/producto\\\/autel-maxisys-ms919\\\/#primaryimage\",\"url\":\"https:\\\/\\\/mejordiagnosis.com\\\/tienda\\\/wp-content\\\/uploads\\\/2024\\\/11\\\/autel-maxisys-ms919-0.jpg\",\"contentUrl\":\"https:\\\/\\\/mejordiagnosis.com\\\/tienda\\\/wp-content\\\/uploads\\\/2024\\\/11\\\/autel-maxisys-ms919-0.jpg\",\"width\":1400,\"height\":1100},{\"@type\":\"BreadcrumbList\",\"@id\":\"https:\\\/\\\/mejordiagnosis.com\\\/tienda\\\/producto\\\/autel-maxisys-ms919\\\/#breadcrumb\",\"itemListElement\":[{\"@type\":\"ListItem\",\"position\":1,\"name\":\"Portada\",\"item\":\"https:\\\/\\\/mejordiagnosis.com\\\/tienda\\\/\"},{\"@type\":\"ListItem\",\"position\":2,\"name\":\"Tienda\",\"item\":\"https:\\\/\\\/mejordiagnosis.com\\\/tienda\\\/shop\\\/\"},{\"@type\":\"ListItem\",\"position\":3,\"name\":\"Autel MaxiSYS MS919\"}]},{\"@type\":\"WebSite\",\"@id\":\"https:\\\/\\\/mejordiagnosis.com\\\/tienda\\\/#website\",\"url\":\"https:\\\/\\\/mejordiagnosis.com\\\/tienda\\\/\",\"name\":\"Mejordiagnosis.com\",\"description\":\"Equipos de diagnosis para el autom&oacute;vil\",\"publisher\":{\"@id\":\"https:\\\/\\\/mejordiagnosis.com\\\/tienda\\\/#organization\"},\"alternateName\":\"Mejordiagnosisnm S.L\",\"potentialAction\":[{\"@type\":\"SearchAction\",\"target\":{\"@type\":\"EntryPoint\",\"urlTemplate\":\"https:\\\/\\\/mejordiagnosis.com\\\/tienda\\\/?s={search_term_string}\"},\"query-input\":{\"@type\":\"PropertyValueSpecification\",\"valueRequired\":true,\"valueName\":\"search_term_string\"}}],\"inLanguage\":\"es\"},{\"@type\":\"Organization\",\"@id\":\"https:\\\/\\\/mejordiagnosis.com\\\/tienda\\\/#organization\",\"name\":\"Mejordiagnosis S.L\",\"alternateName\":\"Mejor Diagnosis\",\"url\":\"https:\\\/\\\/mejordiagnosis.com\\\/tienda\\\/\",\"logo\":{\"@type\":\"ImageObject\",\"inLanguage\":\"es\",\"@id\":\"https:\\\/\\\/mejordiagnosis.com\\\/tienda\\\/#\\\/schema\\\/logo\\\/image\\\/\",\"url\":\"https:\\\/\\\/mejordiagnosis.com\\\/tienda\\\/wp-content\\\/uploads\\\/2025\\\/03\\\/cropped-cropped-cropped-cropped-logo-removebg-300x257-1.png\",\"contentUrl\":\"https:\\\/\\\/mejordiagnosis.com\\\/tienda\\\/wp-content\\\/uploads\\\/2025\\\/03\\\/cropped-cropped-cropped-cropped-logo-removebg-300x257-1.png\",\"width\":300,\"height\":257,\"caption\":\"Mejordiagnosis S.L\"},\"image\":{\"@id\":\"https:\\\/\\\/mejordiagnosis.com\\\/tienda\\\/#\\\/schema\\\/logo\\\/image\\\/\"},\"sameAs\":[\"https:\\\/\\\/www.facebook.com\\\/mejordiagnosis\\\/\",\"https:\\\/\\\/www.instagram.com\\\/mejor.diagnosis\\\/\",\"https:\\\/\\\/www.tiktok.com\\\/@mejor.diagnosis?lang=es\"]}]}<\/script>\n<!-- \/ Yoast SEO plugin. -->","yoast_head_json":{"title":"Autel MaxiSYS MS919 | Mejordiagnosis S.L","description":"M\u00e1quina de diagn\u00f3stico MaxiSYS MS919 con MaxiFlash VCMI (osciloscpio)","robots":{"index":"noindex","follow":"follow"},"og_locale":"es_ES","og_type":"article","og_title":"Autel MaxiSYS MS919 | Mejordiagnosis S.L","og_description":"M\u00e1quina de diagn\u00f3stico MaxiSYS MS919 con MaxiFlash VCMI (osciloscpio)","og_url":"https:\/\/mejordiagnosis.com\/tienda\/producto\/autel-maxisys-ms919\/","og_site_name":"Mejordiagnosis S.L","article_publisher":"https:\/\/www.facebook.com\/mejordiagnosis\/","article_modified_time":"2026-01-19T11:49:14+00:00","og_image":[{"width":1400,"height":1100,"url":"https:\/\/mejordiagnosis.com\/tienda\/wp-content\/uploads\/2024\/11\/autel-maxisys-ms919-0.jpg","type":"image\/jpeg"}],"schema":{"@context":"https:\/\/schema.org","@graph":[{"@type":"WebPage","@id":"https:\/\/mejordiagnosis.com\/tienda\/producto\/autel-maxisys-ms919\/","url":"https:\/\/mejordiagnosis.com\/tienda\/producto\/autel-maxisys-ms919\/","name":"Autel MaxiSYS MS919 | Mejordiagnosis S.L","isPartOf":{"@id":"https:\/\/mejordiagnosis.com\/tienda\/#website"},"primaryImageOfPage":{"@id":"https:\/\/mejordiagnosis.com\/tienda\/producto\/autel-maxisys-ms919\/#primaryimage"},"image":{"@id":"https:\/\/mejordiagnosis.com\/tienda\/producto\/autel-maxisys-ms919\/#primaryimage"},"thumbnailUrl":"https:\/\/mejordiagnosis.com\/tienda\/wp-content\/uploads\/2024\/11\/autel-maxisys-ms919-0.jpg","datePublished":"2024-11-08T11:14:35+00:00","dateModified":"2026-01-19T11:49:14+00:00","description":"M\u00e1quina de diagn\u00f3stico MaxiSYS MS919 con MaxiFlash VCMI (osciloscpio)","breadcrumb":{"@id":"https:\/\/mejordiagnosis.com\/tienda\/producto\/autel-maxisys-ms919\/#breadcrumb"},"inLanguage":"es","potentialAction":[{"@type":"ReadAction","target":["https:\/\/mejordiagnosis.com\/tienda\/producto\/autel-maxisys-ms919\/"]}]},{"@type":"ImageObject","inLanguage":"es","@id":"https:\/\/mejordiagnosis.com\/tienda\/producto\/autel-maxisys-ms919\/#primaryimage","url":"https:\/\/mejordiagnosis.com\/tienda\/wp-content\/uploads\/2024\/11\/autel-maxisys-ms919-0.jpg","contentUrl":"https:\/\/mejordiagnosis.com\/tienda\/wp-content\/uploads\/2024\/11\/autel-maxisys-ms919-0.jpg","width":1400,"height":1100},{"@type":"BreadcrumbList","@id":"https:\/\/mejordiagnosis.com\/tienda\/producto\/autel-maxisys-ms919\/#breadcrumb","itemListElement":[{"@type":"ListItem","position":1,"name":"Portada","item":"https:\/\/mejordiagnosis.com\/tienda\/"},{"@type":"ListItem","position":2,"name":"Tienda","item":"https:\/\/mejordiagnosis.com\/tienda\/shop\/"},{"@type":"ListItem","position":3,"name":"Autel MaxiSYS MS919"}]},{"@type":"WebSite","@id":"https:\/\/mejordiagnosis.com\/tienda\/#website","url":"https:\/\/mejordiagnosis.com\/tienda\/","name":"Mejordiagnosis.com","description":"Equipos de diagnosis para el autom&oacute;vil","publisher":{"@id":"https:\/\/mejordiagnosis.com\/tienda\/#organization"},"alternateName":"Mejordiagnosisnm S.L","potentialAction":[{"@type":"SearchAction","target":{"@type":"EntryPoint","urlTemplate":"https:\/\/mejordiagnosis.com\/tienda\/?s={search_term_string}"},"query-input":{"@type":"PropertyValueSpecification","valueRequired":true,"valueName":"search_term_string"}}],"inLanguage":"es"},{"@type":"Organization","@id":"https:\/\/mejordiagnosis.com\/tienda\/#organization","name":"Mejordiagnosis S.L","alternateName":"Mejor Diagnosis","url":"https:\/\/mejordiagnosis.com\/tienda\/","logo":{"@type":"ImageObject","inLanguage":"es","@id":"https:\/\/mejordiagnosis.com\/tienda\/#\/schema\/logo\/image\/","url":"https:\/\/mejordiagnosis.com\/tienda\/wp-content\/uploads\/2025\/03\/cropped-cropped-cropped-cropped-logo-removebg-300x257-1.png","contentUrl":"https:\/\/mejordiagnosis.com\/tienda\/wp-content\/uploads\/2025\/03\/cropped-cropped-cropped-cropped-logo-removebg-300x257-1.png","width":300,"height":257,"caption":"Mejordiagnosis S.L"},"image":{"@id":"https:\/\/mejordiagnosis.com\/tienda\/#\/schema\/logo\/image\/"},"sameAs":["https:\/\/www.facebook.com\/mejordiagnosis\/","https:\/\/www.instagram.com\/mejor.diagnosis\/","https:\/\/www.tiktok.com\/@mejor.diagnosis?lang=es"]}]}},"_links":{"self":[{"href":"https:\/\/mejordiagnosis.com\/tienda\/wp-json\/wp\/v2\/product\/2173","targetHints":{"allow":["GET"]}}],"collection":[{"href":"https:\/\/mejordiagnosis.com\/tienda\/wp-json\/wp\/v2\/product"}],"about":[{"href":"https:\/\/mejordiagnosis.com\/tienda\/wp-json\/wp\/v2\/types\/product"}],"wp:featuredmedia":[{"embeddable":true,"href":"https:\/\/mejordiagnosis.com\/tienda\/wp-json\/wp\/v2\/media\/2175"}],"wp:attachment":[{"href":"https:\/\/mejordiagnosis.com\/tienda\/wp-json\/wp\/v2\/media?parent=2173"}],"wp:term":[{"taxonomy":"product_brand","embeddable":true,"href":"https:\/\/mejordiagnosis.com\/tienda\/wp-json\/wp\/v2\/product_brand?post=2173"},{"taxonomy":"product_cat","embeddable":true,"href":"https:\/\/mejordiagnosis.com\/tienda\/wp-json\/wp\/v2\/product_cat?post=2173"},{"taxonomy":"product_tag","embeddable":true,"href":"https:\/\/mejordiagnosis.com\/tienda\/wp-json\/wp\/v2\/product_tag?post=2173"}],"curies":[{"name":"wp","href":"https:\/\/api.w.org\/{rel}","templated":true}]}}